{"id":8171,"date":"2025-01-07T00:47:10","date_gmt":"2025-01-06T23:47:10","guid":{"rendered":"https:\/\/lyrique-belle-ile.com\/?page_id=8171"},"modified":"2026-03-06T17:06:15","modified_gmt":"2026-03-06T16:06:15","slug":"cotiser-a-lassociation","status":"publish","type":"page","link":"https:\/\/lyrique-belle-ile.com\/en\/cotiser-a-lassociation\/","title":{"rendered":"Join the association"},"content":{"rendered":"<div data-elementor-type=\"wp-page\" data-elementor-id=\"8171\" class=\"elementor elementor-8171\">\n\t\t\t\t\t\t<section class=\"elementor-section elementor-top-section elementor-element elementor-element-b3cffca elementor-section-boxed elementor-section-height-default elementor-section-height-default\" data-id=\"b3cffca\" data-element_type=\"section\" data-e-type=\"section\">\n\t\t\t\t\t\t<div class=\"elementor-container elementor-column-gap-default\">\n\t\t\t\t\t<div class=\"elementor-column elementor-col-100 elementor-top-column elementor-element elementor-element-5d59c31\" data-id=\"5d59c31\" data-element_type=\"column\" data-e-type=\"column\">\n\t\t\t<div class=\"elementor-widget-wrap elementor-element-populated\">\n\t\t\t\t\t\t<div class=\"elementor-element elementor-element-7de981b elementor-widget-divider--view-line elementor-widget elementor-widget-divider\" data-id=\"7de981b\" data-element_type=\"widget\" data-e-type=\"widget\" data-widget_type=\"divider.default\">\n\t\t\t\t\t\t\t<div class=\"elementor-divider\">\n\t\t\t<span class=\"elementor-divider-separator\">\n\t\t\t\t\t\t<\/span>\n\t\t<\/div>\n\t\t\t\t\t\t<\/div>\n\t\t\t\t<div class=\"elementor-element elementor-element-1ec98ec elementor-widget elementor-widget-heading\" data-id=\"1ec98ec\" data-element_type=\"widget\" data-e-type=\"widget\" data-widget_type=\"heading.default\">\n\t\t\t\t\t<h2 class=\"elementor-heading-title elementor-size-medium\">Join the association to share in the life of the Festival, cultural events and the adult choir.<\/h2>\t\t\t\t<\/div>\n\t\t\t\t<div class=\"elementor-element elementor-element-c80d115 elementor-widget-divider--view-line elementor-widget elementor-widget-divider\" data-id=\"c80d115\" data-element_type=\"widget\" data-e-type=\"widget\" data-widget_type=\"divider.default\">\n\t\t\t\t\t\t\t<div class=\"elementor-divider\">\n\t\t\t<span class=\"elementor-divider-separator\">\n\t\t\t\t\t\t<\/span>\n\t\t<\/div>\n\t\t\t\t\t\t<\/div>\n\t\t<div class=\"elementor-element elementor-element-cc1bbaa e-flex e-con-boxed e-con e-parent\" data-id=\"cc1bbaa\" data-element_type=\"container\" data-e-type=\"container\">\n\t\t\t\t\t<div class=\"e-con-inner\">\n\t\t\t\t<div class=\"elementor-element elementor-element-6659ac2 elementor-widget elementor-widget-text-editor\" data-id=\"6659ac2\" data-element_type=\"widget\" data-e-type=\"widget\" data-widget_type=\"text-editor.default\">\n\t\t\t\t\t\t\t\t\t<p style=\"font-size: 16px; letter-spacing: 1.2px; text-align: justify;\"><strong><span style=\"font-size: 12pt; font-family: Poppins;\">The annual membership fee is \u20ac60, with a reduced rate of \u20ac30 for the unemployed and students.\u00a0<\/span><\/strong><\/p><p style=\"font-size: 16px; letter-spacing: 1.2px; text-align: justify;\"><span style=\"font-size: 12pt; font-family: Poppins;\">When you pay your membership fee, you can choose to make an additional donation if you wish.<\/span><\/p><p style=\"font-size: 16px; letter-spacing: 1.2px; text-align: justify;\"><span style=\"font-size: 12pt; font-family: Poppins;\">Once you've paid your membership fee, you'll be informed of new projects and have the right to vote at the association's general meeting.<\/span><\/p><p style=\"font-size: 16px; letter-spacing: 1.2px; text-align: justify; line-height: normal;\"><span style=\"font-size: 12pt; font-family: Poppins;\">Membership fees and donations are tax-exempt (66% for individuals and 60 % for companies), and you'll receive your tax receipts by e-mail in the days following your donation.<\/span><\/p><p style=\"font-size: 16px; letter-spacing: 1.2px; text-align: justify; line-height: normal;\"><span style=\"font-family: Poppins; letter-spacing: 1.2px;\">You can make a secure donation directly online, or send your payment by cheque or bank transfer using the form below.<\/span><\/p><p style=\"font-size: 16px; letter-spacing: 1.2px; text-align: justify; line-height: normal;\"><span style=\"font-family: Poppins;\"><strong>Festival Choir<\/strong> You can register simultaneously, either online or on the paper form.<\/span><\/p>\t\t\t\t\t\t\t\t<\/div>\n\t\t\t\t\t<\/div>\n\t\t\t\t<\/div>\n\t\t\t\t\t<\/div>\n\t\t<\/div>\n\t\t\t\t\t<\/div>\n\t\t<\/section>\n\t\t\t\t<section class=\"elementor-section elementor-top-section elementor-element elementor-element-339f716 elementor-section-boxed elementor-section-height-default elementor-section-height-default\" data-id=\"339f716\" data-element_type=\"section\" data-e-type=\"section\">\n\t\t\t\t\t\t<div class=\"elementor-container elementor-column-gap-default\">\n\t\t\t\t\t<div class=\"elementor-column elementor-col-100 elementor-top-column elementor-element elementor-element-d65c1d6\" data-id=\"d65c1d6\" data-element_type=\"column\" data-e-type=\"column\">\n\t\t\t<div class=\"elementor-widget-wrap elementor-element-populated\">\n\t\t\t\t\t\t<section class=\"elementor-section elementor-inner-section elementor-element elementor-element-5d4810b elementor-section-boxed elementor-section-height-default elementor-section-height-default\" data-id=\"5d4810b\" data-element_type=\"section\" data-e-type=\"section\">\n\t\t\t\t\t\t<div class=\"elementor-container elementor-column-gap-default\">\n\t\t\t\t\t<div class=\"elementor-column elementor-col-100 elementor-inner-column elementor-element elementor-element-f3c8485\" data-id=\"f3c8485\" data-element_type=\"column\" data-e-type=\"column\">\n\t\t\t<div class=\"elementor-widget-wrap elementor-element-populated\">\n\t\t\t\t\t\t<div class=\"elementor-element elementor-element-b47f95c elementor-align-center elementor-widget elementor-widget-button\" data-id=\"b47f95c\" data-element_type=\"widget\" data-e-type=\"widget\" data-widget_type=\"button.default\">\n\t\t\t\t\t\t\t\t\t\t<a class=\"elementor-button elementor-button-link elementor-size-sm\" href=\"https:\/\/www.helloasso.com\/associations\/festival-lyrique-international-de-belle-ile-en-mer\/adhesions\/cotisation-2026\" target=\"_blank\">\n\t\t\t\t\t\t<span class=\"elementor-button-content-wrapper\">\n\t\t\t\t\t\t\t\t\t<span class=\"elementor-button-text\">Online contribution <\/span>\n\t\t\t\t\t<\/span>\n\t\t\t\t\t<\/a>\n\t\t\t\t\t\t\t\t<\/div>\n\t\t\t\t\t<\/div>\n\t\t<\/div>\n\t\t\t\t\t<\/div>\n\t\t<\/section>\n\t\t\t\t<div class=\"elementor-element elementor-element-eb80cd1 elementor-align-center elementor-widget elementor-widget-button\" data-id=\"eb80cd1\" data-element_type=\"widget\" data-e-type=\"widget\" data-widget_type=\"button.default\">\n\t\t\t\t\t\t\t\t\t\t<a class=\"elementor-button elementor-button-link elementor-size-sm\" href=\"https:\/\/lyrique-belle-ile.com\/wp-content\/uploads\/2025\/12\/Bulletin-Cotisation-2026.pdf\" target=\"_blank\">\n\t\t\t\t\t\t<span class=\"elementor-button-content-wrapper\">\n\t\t\t\t\t\t\t\t\t<span class=\"elementor-button-text\">Membership form<br> (for payment by check or bank transfer)<\/span>\n\t\t\t\t\t<\/span>\n\t\t\t\t\t<\/a>\n\t\t\t\t\t\t\t\t<\/div>\n\t\t<div class=\"elementor-element elementor-element-396d391 e-flex e-con-boxed e-con e-parent\" data-id=\"396d391\" data-element_type=\"container\" data-e-type=\"container\">\n\t\t\t\t\t<div class=\"e-con-inner\">\n\t\t\t\t<div class=\"elementor-element elementor-element-dd5d1df elementor-widget-divider--view-line elementor-widget elementor-widget-divider\" data-id=\"dd5d1df\" data-element_type=\"widget\" data-e-type=\"widget\" data-widget_type=\"divider.default\">\n\t\t\t\t\t\t\t<div class=\"elementor-divider\">\n\t\t\t<span class=\"elementor-divider-separator\">\n\t\t\t\t\t\t<\/span>\n\t\t<\/div>\n\t\t\t\t\t\t<\/div>\n\t\t\t\t<div class=\"elementor-element elementor-element-1ee674b elementor-widget elementor-widget-text-editor\" data-id=\"1ee674b\" data-element_type=\"widget\" data-e-type=\"widget\" data-widget_type=\"text-editor.default\">\n\t\t\t\t\t\t\t\t\t<p>Would you like to become a patron?<\/p><p>Discover HORIZONS LYRIQUES, the circle of patrons of Lyrique en Mer<\/p>\t\t\t\t\t\t\t\t<\/div>\n\t\t<div class=\"elementor-element elementor-element-2999830 e-flex e-con-boxed e-con e-child\" data-id=\"2999830\" data-element_type=\"container\" data-e-type=\"container\">\n\t\t\t\t\t<div class=\"e-con-inner\">\n\t\t\t\t<div class=\"elementor-element elementor-element-fb3d6ae elementor-widget elementor-widget-image\" data-id=\"fb3d6ae\" data-element_type=\"widget\" data-e-type=\"widget\" data-widget_type=\"image.default\">\n\t\t\t\t\t\t\t\t\t\t\t\t\t\t\t\t<a href=\"https:\/\/lyrique-belle-ile.com\/en\/soutenir-le-festival\/\">\n\t\t\t\t\t\t\t<img decoding=\"async\" width=\"300\" height=\"96\" src=\"https:\/\/lyrique-belle-ile.com\/wp-content\/uploads\/2025\/01\/Logo-HL_simple-300x96.png\" class=\"attachment-medium size-medium wp-image-8176\" alt=\"\" srcset=\"https:\/\/lyrique-belle-ile.com\/wp-content\/uploads\/2025\/01\/Logo-HL_simple-300x96.png 300w, https:\/\/lyrique-belle-ile.com\/wp-content\/uploads\/2025\/01\/Logo-HL_simple-18x6.png 18w, https:\/\/lyrique-belle-ile.com\/wp-content\/uploads\/2025\/01\/Logo-HL_simple.png 517w\" sizes=\"(max-width: 300px) 100vw, 300px\" \/>\t\t\t\t\t\t\t\t<\/a>\n\t\t\t\t\t\t\t\t\t\t\t\t\t\t\t<\/div>\n\t\t\t\t\t<\/div>\n\t\t\t\t<\/div>\n\t\t\t\t\t<\/div>\n\t\t\t\t<\/div>\n\t\t\t\t\t<\/div>\n\t\t<\/div>\n\t\t\t\t\t<\/div>\n\t\t<\/section>\n\t\t\t\t<\/div>","protected":false},"excerpt":{"rendered":"<p>Cotiser \u00e0 l&rsquo;association pour partager au plus pr\u00e8s la vie du Festival, des actions culturelles, du ch\u0153ur d&rsquo;adultes La cotisation annuelle est de 60\u20ac, avec un tarif r\u00e9duit \u00e0 30\u20ac pour les demandeurs d&#8217;emplois et les \u00e9tudiants.\u00a0 Au moment de r\u00e9gler votre cotisation, vous pouvez choisir un don compl\u00e9mentaire si vous le souhaitez. Cotisation en [&hellip;]<\/p>\n","protected":false},"author":2,"featured_media":0,"parent":0,"menu_order":0,"comment_status":"closed","ping_status":"closed","template":"elementor_header_footer","meta":{"inline_featured_image":false,"footnotes":""},"class_list":["post-8171","page","type-page","status-publish","hentry"],"yoast_head":"<!-- This site is optimized with the Yoast SEO plugin v27.4 - https:\/\/yoast.com\/product\/yoast-seo-wordpress\/ -->\n<title>Cotiser \u00e0 l&#039;association - Lyrique en Mer<\/title>\n<meta name=\"robots\" content=\"index, follow, max-snippet:-1, max-image-preview:large, max-video-preview:-1\" \/>\n<link rel=\"canonical\" href=\"https:\/\/lyrique-belle-ile.com\/en\/cotiser-a-lassociation\/\" \/>\n<meta property=\"og:locale\" content=\"en_US\" \/>\n<meta property=\"og:type\" content=\"article\" \/>\n<meta property=\"og:title\" content=\"Cotiser \u00e0 l&#039;association - Lyrique en Mer\" \/>\n<meta property=\"og:description\" content=\"Cotiser \u00e0 l&rsquo;association pour partager au plus pr\u00e8s la vie du Festival, des actions culturelles, du ch\u0153ur d&rsquo;adultes La cotisation annuelle est de 60\u20ac, avec un tarif r\u00e9duit \u00e0 30\u20ac pour les demandeurs d&#8217;emplois et les \u00e9tudiants.\u00a0 Au moment de r\u00e9gler votre cotisation, vous pouvez choisir un don compl\u00e9mentaire si vous le souhaitez. Cotisation en [&hellip;]\" \/>\n<meta property=\"og:url\" content=\"https:\/\/lyrique-belle-ile.com\/en\/cotiser-a-lassociation\/\" \/>\n<meta property=\"og:site_name\" content=\"Lyrique en Mer\" \/>\n<meta property=\"article:publisher\" content=\"https:\/\/www.facebook.com\/lyriqueenmer\" \/>\n<meta property=\"article:modified_time\" content=\"2026-03-06T16:06:15+00:00\" \/>\n<meta property=\"og:image\" content=\"https:\/\/lyrique-belle-ile.com\/wp-content\/uploads\/2025\/01\/Logo-HL_simple.png\" \/>\n\t<meta property=\"og:image:width\" content=\"517\" \/>\n\t<meta property=\"og:image:height\" content=\"165\" \/>\n\t<meta property=\"og:image:type\" content=\"image\/png\" \/>\n<meta name=\"twitter:card\" content=\"summary_large_image\" \/>\n<meta name=\"twitter:site\" content=\"@FestivalLyrique\" \/>\n<meta name=\"twitter:label1\" content=\"Est. reading time\" \/>\n\t<meta name=\"twitter:data1\" content=\"2 minutes\" \/>\n<script type=\"application\/ld+json\" class=\"yoast-schema-graph\">{\"@context\":\"https:\\\/\\\/schema.org\",\"@graph\":[{\"@type\":\"WebPage\",\"@id\":\"https:\\\/\\\/lyrique-belle-ile.com\\\/cotiser-a-lassociation\\\/\",\"url\":\"https:\\\/\\\/lyrique-belle-ile.com\\\/cotiser-a-lassociation\\\/\",\"name\":\"Cotiser \u00e0 l'association - Lyrique en Mer\",\"isPartOf\":{\"@id\":\"https:\\\/\\\/lyrique-belle-ile.com\\\/#website\"},\"primaryImageOfPage\":{\"@id\":\"https:\\\/\\\/lyrique-belle-ile.com\\\/cotiser-a-lassociation\\\/#primaryimage\"},\"image\":{\"@id\":\"https:\\\/\\\/lyrique-belle-ile.com\\\/cotiser-a-lassociation\\\/#primaryimage\"},\"thumbnailUrl\":\"https:\\\/\\\/lyrique-belle-ile.com\\\/wp-content\\\/uploads\\\/2025\\\/01\\\/Logo-HL_simple-300x96.png\",\"datePublished\":\"2025-01-06T23:47:10+00:00\",\"dateModified\":\"2026-03-06T16:06:15+00:00\",\"breadcrumb\":{\"@id\":\"https:\\\/\\\/lyrique-belle-ile.com\\\/cotiser-a-lassociation\\\/#breadcrumb\"},\"inLanguage\":\"en-US\",\"potentialAction\":[{\"@type\":\"ReadAction\",\"target\":[\"https:\\\/\\\/lyrique-belle-ile.com\\\/cotiser-a-lassociation\\\/\"]}]},{\"@type\":\"ImageObject\",\"inLanguage\":\"en-US\",\"@id\":\"https:\\\/\\\/lyrique-belle-ile.com\\\/cotiser-a-lassociation\\\/#primaryimage\",\"url\":\"https:\\\/\\\/lyrique-belle-ile.com\\\/wp-content\\\/uploads\\\/2025\\\/01\\\/Logo-HL_simple-300x96.png\",\"contentUrl\":\"https:\\\/\\\/lyrique-belle-ile.com\\\/wp-content\\\/uploads\\\/2025\\\/01\\\/Logo-HL_simple-300x96.png\"},{\"@type\":\"BreadcrumbList\",\"@id\":\"https:\\\/\\\/lyrique-belle-ile.com\\\/cotiser-a-lassociation\\\/#breadcrumb\",\"itemListElement\":[{\"@type\":\"ListItem\",\"position\":1,\"name\":\"Accueil\",\"item\":\"https:\\\/\\\/lyrique-belle-ile.com\\\/\"},{\"@type\":\"ListItem\",\"position\":2,\"name\":\"Cotiser \u00e0 l&rsquo;association\"}]},{\"@type\":\"WebSite\",\"@id\":\"https:\\\/\\\/lyrique-belle-ile.com\\\/#website\",\"url\":\"https:\\\/\\\/lyrique-belle-ile.com\\\/\",\"name\":\"Lyrique en Mer\",\"description\":\"Festival International de Belle Ile\",\"publisher\":{\"@id\":\"https:\\\/\\\/lyrique-belle-ile.com\\\/#organization\"},\"potentialAction\":[{\"@type\":\"SearchAction\",\"target\":{\"@type\":\"EntryPoint\",\"urlTemplate\":\"https:\\\/\\\/lyrique-belle-ile.com\\\/?s={search_term_string}\"},\"query-input\":{\"@type\":\"PropertyValueSpecification\",\"valueRequired\":true,\"valueName\":\"search_term_string\"}}],\"inLanguage\":\"en-US\"},{\"@type\":\"Organization\",\"@id\":\"https:\\\/\\\/lyrique-belle-ile.com\\\/#organization\",\"name\":\"Lyrique en Mer\",\"url\":\"https:\\\/\\\/lyrique-belle-ile.com\\\/\",\"logo\":{\"@type\":\"ImageObject\",\"inLanguage\":\"en-US\",\"@id\":\"https:\\\/\\\/lyrique-belle-ile.com\\\/#\\\/schema\\\/logo\\\/image\\\/\",\"url\":\"https:\\\/\\\/lyrique-belle-ile.com\\\/wp-content\\\/uploads\\\/2025\\\/05\\\/Logo-site-internet-violet-350-x-100-px.svg\",\"contentUrl\":\"https:\\\/\\\/lyrique-belle-ile.com\\\/wp-content\\\/uploads\\\/2025\\\/05\\\/Logo-site-internet-violet-350-x-100-px.svg\",\"width\":350,\"height\":100,\"caption\":\"Lyrique en Mer\"},\"image\":{\"@id\":\"https:\\\/\\\/lyrique-belle-ile.com\\\/#\\\/schema\\\/logo\\\/image\\\/\"},\"sameAs\":[\"https:\\\/\\\/www.facebook.com\\\/lyriqueenmer\",\"https:\\\/\\\/x.com\\\/FestivalLyrique\",\"https:\\\/\\\/www.instagram.com\\\/festivallyrique\\\/\"]}]}<\/script>\n<!-- \/ Yoast SEO plugin. -->","yoast_head_json":{"title":"Join the association - Lyrique en Mer","robots":{"index":"index","follow":"follow","max-snippet":"max-snippet:-1","max-image-preview":"max-image-preview:large","max-video-preview":"max-video-preview:-1"},"canonical":"https:\/\/lyrique-belle-ile.com\/en\/cotiser-a-lassociation\/","og_locale":"en_US","og_type":"article","og_title":"Cotiser \u00e0 l'association - Lyrique en Mer","og_description":"Cotiser \u00e0 l&rsquo;association pour partager au plus pr\u00e8s la vie du Festival, des actions culturelles, du ch\u0153ur d&rsquo;adultes La cotisation annuelle est de 60\u20ac, avec un tarif r\u00e9duit \u00e0 30\u20ac pour les demandeurs d&#8217;emplois et les \u00e9tudiants.\u00a0 Au moment de r\u00e9gler votre cotisation, vous pouvez choisir un don compl\u00e9mentaire si vous le souhaitez. Cotisation en [&hellip;]","og_url":"https:\/\/lyrique-belle-ile.com\/en\/cotiser-a-lassociation\/","og_site_name":"Lyrique en Mer","article_publisher":"https:\/\/www.facebook.com\/lyriqueenmer","article_modified_time":"2026-03-06T16:06:15+00:00","og_image":[{"width":517,"height":165,"url":"https:\/\/lyrique-belle-ile.com\/wp-content\/uploads\/2025\/01\/Logo-HL_simple.png","type":"image\/png"}],"twitter_card":"summary_large_image","twitter_site":"@FestivalLyrique","twitter_misc":{"Est. reading time":"2 minutes"},"schema":{"@context":"https:\/\/schema.org","@graph":[{"@type":"WebPage","@id":"https:\/\/lyrique-belle-ile.com\/cotiser-a-lassociation\/","url":"https:\/\/lyrique-belle-ile.com\/cotiser-a-lassociation\/","name":"Join the association - Lyrique en Mer","isPartOf":{"@id":"https:\/\/lyrique-belle-ile.com\/#website"},"primaryImageOfPage":{"@id":"https:\/\/lyrique-belle-ile.com\/cotiser-a-lassociation\/#primaryimage"},"image":{"@id":"https:\/\/lyrique-belle-ile.com\/cotiser-a-lassociation\/#primaryimage"},"thumbnailUrl":"https:\/\/lyrique-belle-ile.com\/wp-content\/uploads\/2025\/01\/Logo-HL_simple-300x96.png","datePublished":"2025-01-06T23:47:10+00:00","dateModified":"2026-03-06T16:06:15+00:00","breadcrumb":{"@id":"https:\/\/lyrique-belle-ile.com\/cotiser-a-lassociation\/#breadcrumb"},"inLanguage":"en-US","potentialAction":[{"@type":"ReadAction","target":["https:\/\/lyrique-belle-ile.com\/cotiser-a-lassociation\/"]}]},{"@type":"ImageObject","inLanguage":"en-US","@id":"https:\/\/lyrique-belle-ile.com\/cotiser-a-lassociation\/#primaryimage","url":"https:\/\/lyrique-belle-ile.com\/wp-content\/uploads\/2025\/01\/Logo-HL_simple-300x96.png","contentUrl":"https:\/\/lyrique-belle-ile.com\/wp-content\/uploads\/2025\/01\/Logo-HL_simple-300x96.png"},{"@type":"BreadcrumbList","@id":"https:\/\/lyrique-belle-ile.com\/cotiser-a-lassociation\/#breadcrumb","itemListElement":[{"@type":"ListItem","position":1,"name":"Accueil","item":"https:\/\/lyrique-belle-ile.com\/"},{"@type":"ListItem","position":2,"name":"Cotiser \u00e0 l&rsquo;association"}]},{"@type":"WebSite","@id":"https:\/\/lyrique-belle-ile.com\/#website","url":"https:\/\/lyrique-belle-ile.com\/","name":"Lyrical at Sea","description":"Belle Ile International Festival","publisher":{"@id":"https:\/\/lyrique-belle-ile.com\/#organization"},"potentialAction":[{"@type":"SearchAction","target":{"@type":"EntryPoint","urlTemplate":"https:\/\/lyrique-belle-ile.com\/?s={search_term_string}"},"query-input":{"@type":"PropertyValueSpecification","valueRequired":true,"valueName":"search_term_string"}}],"inLanguage":"en-US"},{"@type":"Organization","@id":"https:\/\/lyrique-belle-ile.com\/#organization","name":"Lyrical at Sea","url":"https:\/\/lyrique-belle-ile.com\/","logo":{"@type":"ImageObject","inLanguage":"en-US","@id":"https:\/\/lyrique-belle-ile.com\/#\/schema\/logo\/image\/","url":"https:\/\/lyrique-belle-ile.com\/wp-content\/uploads\/2025\/05\/Logo-site-internet-violet-350-x-100-px.svg","contentUrl":"https:\/\/lyrique-belle-ile.com\/wp-content\/uploads\/2025\/05\/Logo-site-internet-violet-350-x-100-px.svg","width":350,"height":100,"caption":"Lyrique en Mer"},"image":{"@id":"https:\/\/lyrique-belle-ile.com\/#\/schema\/logo\/image\/"},"sameAs":["https:\/\/www.facebook.com\/lyriqueenmer","https:\/\/x.com\/FestivalLyrique","https:\/\/www.instagram.com\/festivallyrique\/"]}]}},"_links":{"self":[{"href":"https:\/\/lyrique-belle-ile.com\/en\/wp-json\/wp\/v2\/pages\/8171","targetHints":{"allow":["GET"]}}],"collection":[{"href":"https:\/\/lyrique-belle-ile.com\/en\/wp-json\/wp\/v2\/pages"}],"about":[{"href":"https:\/\/lyrique-belle-ile.com\/en\/wp-json\/wp\/v2\/types\/page"}],"author":[{"embeddable":true,"href":"https:\/\/lyrique-belle-ile.com\/en\/wp-json\/wp\/v2\/users\/2"}],"replies":[{"embeddable":true,"href":"https:\/\/lyrique-belle-ile.com\/en\/wp-json\/wp\/v2\/comments?post=8171"}],"version-history":[{"count":31,"href":"https:\/\/lyrique-belle-ile.com\/en\/wp-json\/wp\/v2\/pages\/8171\/revisions"}],"predecessor-version":[{"id":9234,"href":"https:\/\/lyrique-belle-ile.com\/en\/wp-json\/wp\/v2\/pages\/8171\/revisions\/9234"}],"wp:attachment":[{"href":"https:\/\/lyrique-belle-ile.com\/en\/wp-json\/wp\/v2\/media?parent=8171"}],"curies":[{"name":"wp","href":"https:\/\/api.w.org\/{rel}","templated":true}]}}