{"id":7980,"date":"2024-08-26T21:14:46","date_gmt":"2024-08-26T20:14:46","guid":{"rendered":"https:\/\/lyrique-belle-ile.com\/?page_id=7980"},"modified":"2025-05-15T15:13:25","modified_gmt":"2025-05-15T14:13:25","slug":"festival2024","status":"publish","type":"page","link":"https:\/\/lyrique-belle-ile.com\/en\/festival2024\/","title":{"rendered":"Festival 2024"},"content":{"rendered":"<div data-elementor-type=\"wp-page\" data-elementor-id=\"7980\" class=\"elementor elementor-7980\">\n\t\t\t\t<div class=\"elementor-element elementor-element-2d14cff2 e-flex e-con-boxed e-con e-parent\" data-id=\"2d14cff2\" data-element_type=\"container\" data-e-type=\"container\">\n\t\t\t\t\t<div class=\"e-con-inner\">\n\t\t\t\t<div class=\"elementor-element elementor-element-7c3c9c8e elementor-widget-divider--view-line elementor-widget elementor-widget-divider\" data-id=\"7c3c9c8e\" data-element_type=\"widget\" data-e-type=\"widget\" data-widget_type=\"divider.default\">\n\t\t\t\t\t\t\t<div class=\"elementor-divider\">\n\t\t\t<span class=\"elementor-divider-separator\">\n\t\t\t\t\t\t<\/span>\n\t\t<\/div>\n\t\t\t\t\t\t<\/div>\n\t\t\t\t<div class=\"elementor-element elementor-element-3b039fd5 elementor-widget elementor-widget-heading\" data-id=\"3b039fd5\" data-element_type=\"widget\" data-e-type=\"widget\" data-widget_type=\"heading.default\">\n\t\t\t\t\t<h1 class=\"elementor-heading-title elementor-size-default\">The 2024 edition of the<br>Lyrique-en-mer Festival<\/h1>\t\t\t\t<\/div>\n\t\t\t\t\t<\/div>\n\t\t\t\t<\/div>\n\t\t<div class=\"elementor-element elementor-element-7fc0b1a e-flex e-con-boxed e-con e-parent\" data-id=\"7fc0b1a\" data-element_type=\"container\" data-e-type=\"container\">\n\t\t\t\t\t<div class=\"e-con-inner\">\n\t\t\t\t<div class=\"elementor-element elementor-element-035bba6 elementor-widget elementor-widget-text-editor\" data-id=\"035bba6\" data-element_type=\"widget\" data-e-type=\"widget\" data-widget_type=\"text-editor.default\">\n\t\t\t\t\t\t\t\t\t<p>Summer 2024 saw the 26th edition of the Festival Lyrique en Mer.<\/p>\n<p>To relive the adventure, you have a choice: explore our program, or immerse yourself in press articles and broadcasts.\u00a0<\/p>\t\t\t\t\t\t\t\t<\/div>\n\t\t\t\t\t<\/div>\n\t\t\t\t<\/div>\n\t\t<div class=\"elementor-element elementor-element-82322be e-flex e-con-boxed e-con e-parent\" data-id=\"82322be\" data-element_type=\"container\" data-e-type=\"container\">\n\t\t\t\t\t<div class=\"e-con-inner\">\n\t\t<div class=\"elementor-element elementor-element-761db62 e-con-full e-flex e-con e-child\" data-id=\"761db62\" data-element_type=\"container\" data-e-type=\"container\">\n\t\t\t\t<div class=\"elementor-element elementor-element-e46576a elementor-align-center elementor-widget elementor-widget-button\" data-id=\"e46576a\" data-element_type=\"widget\" data-e-type=\"widget\" data-widget_type=\"button.default\">\n\t\t\t\t\t\t\t\t\t\t<a class=\"elementor-button elementor-button-link elementor-size-md\" href=\"https:\/\/lyrique-belle-ile.com\/wp-content\/uploads\/2024\/08\/PROG_2024_LeM_NEW.pdf\" target=\"_blank\">\n\t\t\t\t\t\t<span class=\"elementor-button-content-wrapper\">\n\t\t\t\t\t\t\t\t\t<span class=\"elementor-button-text\">Program<\/span>\n\t\t\t\t\t<\/span>\n\t\t\t\t\t<\/a>\n\t\t\t\t\t\t\t\t<\/div>\n\t\t\t\t<\/div>\n\t\t<div class=\"elementor-element elementor-element-04705bb e-con-full e-flex e-con e-child\" data-id=\"04705bb\" data-element_type=\"container\" data-e-type=\"container\">\n\t\t\t\t<div class=\"elementor-element elementor-element-a6574da elementor-align-center elementor-widget elementor-widget-button\" data-id=\"a6574da\" data-element_type=\"widget\" data-e-type=\"widget\" data-widget_type=\"button.default\">\n\t\t\t\t\t\t\t\t\t\t<a class=\"elementor-button elementor-button-link elementor-size-sm\" href=\"https:\/\/lyrique-belle-ile.com\/wp-content\/uploads\/2024\/10\/RDP-LYRIQUE-EN-MER-2024_compressed.pdf\">\n\t\t\t\t\t\t<span class=\"elementor-button-content-wrapper\">\n\t\t\t\t\t\t\t\t\t<span class=\"elementor-button-text\">The press is talking about us!<\/span>\n\t\t\t\t\t<\/span>\n\t\t\t\t\t<\/a>\n\t\t\t\t\t\t\t\t<\/div>\n\t\t\t\t<\/div>\n\t\t\t\t\t<\/div>\n\t\t\t\t<\/div>\n\t\t\t\t<section class=\"elementor-section elementor-top-section elementor-element elementor-element-359402ec elementor-section-content-middle elementor-section-stretched elementor-section-boxed elementor-section-height-default elementor-section-height-default elementor-invisible\" data-id=\"359402ec\" data-element_type=\"section\" data-e-type=\"section\" data-settings=\"{&quot;stretch_section&quot;:&quot;section-stretched&quot;,&quot;animation&quot;:&quot;fadeIn&quot;}\">\n\t\t\t\t\t\t<div class=\"elementor-container elementor-column-gap-extended\">\n\t\t\t\t\t<div class=\"elementor-column elementor-col-100 elementor-top-column elementor-element elementor-element-3f744c99\" data-id=\"3f744c99\" data-element_type=\"column\" data-e-type=\"column\">\n\t\t\t<div class=\"elementor-widget-wrap elementor-element-populated\">\n\t\t\t\t\t\t<div class=\"elementor-element elementor-element-74bfb027 elementor-arrows-position-inside elementor-pagination-position-outside elementor-widget elementor-widget-image-carousel\" data-id=\"74bfb027\" data-element_type=\"widget\" data-e-type=\"widget\" data-settings=\"{&quot;slides_to_show&quot;:&quot;2&quot;,&quot;autoplay_speed&quot;:2500,&quot;slides_to_scroll&quot;:&quot;2&quot;,&quot;navigation&quot;:&quot;both&quot;,&quot;autoplay&quot;:&quot;yes&quot;,&quot;pause_on_hover&quot;:&quot;yes&quot;,&quot;pause_on_interaction&quot;:&quot;yes&quot;,&quot;infinite&quot;:&quot;yes&quot;,&quot;speed&quot;:500,&quot;image_spacing_custom&quot;:{&quot;unit&quot;:&quot;px&quot;,&quot;size&quot;:20,&quot;sizes&quot;:[]},&quot;image_spacing_custom_tablet&quot;:{&quot;unit&quot;:&quot;px&quot;,&quot;size&quot;:&quot;&quot;,&quot;sizes&quot;:[]},&quot;image_spacing_custom_mobile&quot;:{&quot;unit&quot;:&quot;px&quot;,&quot;size&quot;:&quot;&quot;,&quot;sizes&quot;:[]}}\" data-widget_type=\"image-carousel.default\">\n\t\t\t\t\t\t\t<div class=\"elementor-image-carousel-wrapper swiper\" role=\"region\" aria-roledescription=\"carousel\" aria-label=\"Image carousel\" dir=\"ltr\">\n\t\t\t<div class=\"elementor-image-carousel swiper-wrapper\" aria-live=\"off\">\n\t\t\t\t\t\t\t\t<div class=\"swiper-slide\" role=\"group\" aria-roledescription=\"slide\" aria-label=\"1 of 19\"><figure class=\"swiper-slide-inner\"><img decoding=\"async\" class=\"swiper-slide-image\" src=\"https:\/\/lyrique-belle-ile.com\/wp-content\/uploads\/2024\/08\/Venez_Chanter-Copyright-David-Giard_02.jpg\" alt=\"Venez_Chanter - Copyright David Giard\" \/><figcaption class=\"elementor-image-carousel-caption\">Venez_Chanter - Copyright David Giard<\/figcaption><\/figure><\/div><div class=\"swiper-slide\" role=\"group\" aria-roledescription=\"slide\" aria-label=\"2 of 19\"><figure class=\"swiper-slide-inner\"><img decoding=\"async\" class=\"swiper-slide-image\" src=\"https:\/\/lyrique-belle-ile.com\/wp-content\/uploads\/2024\/08\/Venez_Chanter-Copyright-David-Giard_01.jpg\" alt=\"Venez_Chanter - Copyright David Giard\" \/><figcaption class=\"elementor-image-carousel-caption\">Venez_Chanter - Copyright David Giard<\/figcaption><\/figure><\/div><div class=\"swiper-slide\" role=\"group\" aria-roledescription=\"slide\" aria-label=\"3 sur 19\"><figure class=\"swiper-slide-inner\"><img decoding=\"async\" class=\"swiper-slide-image\" src=\"https:\/\/lyrique-belle-ile.com\/wp-content\/uploads\/2024\/08\/Un_Requiem_Allemand-Copyright-David-Giard_04.jpg\" alt=\"Un Requiem Allemand - Copyright David Giard\" \/><figcaption class=\"elementor-image-carousel-caption\">A German Requiem - Copyright David Giard<\/figcaption><\/figure><\/div><div class=\"swiper-slide\" role=\"group\" aria-roledescription=\"slide\" aria-label=\"4 sur 19\"><figure class=\"swiper-slide-inner\"><img decoding=\"async\" class=\"swiper-slide-image\" src=\"https:\/\/lyrique-belle-ile.com\/wp-content\/uploads\/2024\/08\/Un_Requiem_Allemand-Copyright-David-Giard_03.jpg\" alt=\"Un Requiem Allemand - Copyright David Giard\" \/><figcaption class=\"elementor-image-carousel-caption\">A German Requiem - Copyright David Giard<\/figcaption><\/figure><\/div><div class=\"swiper-slide\" role=\"group\" aria-roledescription=\"slide\" aria-label=\"5 sur 19\"><figure class=\"swiper-slide-inner\"><img decoding=\"async\" class=\"swiper-slide-image\" src=\"https:\/\/lyrique-belle-ile.com\/wp-content\/uploads\/2024\/08\/Un_Requiem_Allemand-Copyright-David-Giard_02.jpg\" alt=\"Un Requiem Allemand - Copyright David Giard\" \/><figcaption class=\"elementor-image-carousel-caption\">A German Requiem - Copyright David Giard<\/figcaption><\/figure><\/div><div class=\"swiper-slide\" role=\"group\" aria-roledescription=\"slide\" aria-label=\"6 sur 19\"><figure class=\"swiper-slide-inner\"><img decoding=\"async\" class=\"swiper-slide-image\" src=\"https:\/\/lyrique-belle-ile.com\/wp-content\/uploads\/2024\/08\/The-Telephone-Copyright-David-Giard_04.jpg\" alt=\"Op\u00e9ra The Telephone - Copyright David Giard\" \/><figcaption class=\"elementor-image-carousel-caption\">Opera The Telephone - Copyright David Giard<\/figcaption><\/figure><\/div><div class=\"swiper-slide\" role=\"group\" aria-roledescription=\"slide\" aria-label=\"7 sur 19\"><figure class=\"swiper-slide-inner\"><img decoding=\"async\" class=\"swiper-slide-image\" src=\"https:\/\/lyrique-belle-ile.com\/wp-content\/uploads\/2024\/08\/The-Telephone-Copyright-David-Giard_03.jpg\" alt=\"Op\u00e9ra The Telephone - Copyright David Giard\" \/><figcaption class=\"elementor-image-carousel-caption\">Opera The Telephone - Copyright David Giard<\/figcaption><\/figure><\/div><div class=\"swiper-slide\" role=\"group\" aria-roledescription=\"slide\" aria-label=\"8 of 19\"><figure class=\"swiper-slide-inner\"><img decoding=\"async\" class=\"swiper-slide-image\" src=\"https:\/\/lyrique-belle-ile.com\/wp-content\/uploads\/2024\/08\/The-Telephone-Copyright-David-Giard_02.jpg\" alt=\"Op\u00e9ra The Telephone - Copyright David Giard\" \/><figcaption class=\"elementor-image-carousel-caption\">Opera The Telephone - Copyright David Giard<\/figcaption><\/figure><\/div><div class=\"swiper-slide\" role=\"group\" aria-roledescription=\"slide\" aria-label=\"9 of 19\"><figure class=\"swiper-slide-inner\"><img decoding=\"async\" class=\"swiper-slide-image\" src=\"https:\/\/lyrique-belle-ile.com\/wp-content\/uploads\/2024\/08\/Soiree-Gabriel-Faure-Copyright-David-Giard_03.jpg\" alt=\"Soir\u00e9e Gabriel Faur\u00e9 - Copyright David Giard\" \/><figcaption class=\"elementor-image-carousel-caption\">Gabriel Faur\u00e9 evening - Copyright David Giard<\/figcaption><\/figure><\/div><div class=\"swiper-slide\" role=\"group\" aria-roledescription=\"slide\" aria-label=\"10 of 19\"><figure class=\"swiper-slide-inner\"><img decoding=\"async\" class=\"swiper-slide-image\" src=\"https:\/\/lyrique-belle-ile.com\/wp-content\/uploads\/2024\/08\/Soiree-Gabriel-Faure-Copyright-David-Giard_02.jpg\" alt=\"Soir\u00e9e Gabriel Faur\u00e9 - Copyright David Giard\" \/><figcaption class=\"elementor-image-carousel-caption\">Gabriel Faur\u00e9 evening - Copyright David Giard<\/figcaption><\/figure><\/div><div class=\"swiper-slide\" role=\"group\" aria-roledescription=\"slide\" aria-label=\"11 of 19\"><figure class=\"swiper-slide-inner\"><img decoding=\"async\" class=\"swiper-slide-image\" src=\"https:\/\/lyrique-belle-ile.com\/wp-content\/uploads\/2024\/08\/Soiree-Gabriel-Faure-Copyright-David-Giard_01.jpg\" alt=\"Soir\u00e9e Gabriel Faur\u00e9 - Copyright David Giard\" \/><figcaption class=\"elementor-image-carousel-caption\">Gabriel Faur\u00e9 evening - Copyright David Giard<\/figcaption><\/figure><\/div><div class=\"swiper-slide\" role=\"group\" aria-roledescription=\"slide\" aria-label=\"12 sur 19\"><figure class=\"swiper-slide-inner\"><img decoding=\"async\" class=\"swiper-slide-image\" src=\"https:\/\/lyrique-belle-ile.com\/wp-content\/uploads\/2024\/08\/MasterClass-Copyright-David-Giard_02.jpg\" alt=\"MasterClass - Copyright David Giard\" \/><figcaption class=\"elementor-image-carousel-caption\">MasterClass - Copyright David Giard<\/figcaption><\/figure><\/div><div class=\"swiper-slide\" role=\"group\" aria-roledescription=\"slide\" aria-label=\"13 sur 19\"><figure class=\"swiper-slide-inner\"><img decoding=\"async\" class=\"swiper-slide-image\" src=\"https:\/\/lyrique-belle-ile.com\/wp-content\/uploads\/2024\/08\/MasterClass-Copyright-David-Giard_01.jpg\" alt=\"MasterClass - Copyright David Giard\" \/><figcaption class=\"elementor-image-carousel-caption\">MasterClass - Copyright David Giard<\/figcaption><\/figure><\/div><div class=\"swiper-slide\" role=\"group\" aria-roledescription=\"slide\" aria-label=\"14 sur 19\"><figure class=\"swiper-slide-inner\"><img decoding=\"async\" class=\"swiper-slide-image\" src=\"https:\/\/lyrique-belle-ile.com\/wp-content\/uploads\/2024\/08\/Le_Chateau_de_Barbe-Bleue-Copyright-David-Giard_05.jpg\" alt=\"Le Chateau de Barbe-Bleue - Copyright David Giard\" \/><figcaption class=\"elementor-image-carousel-caption\">Bluebeard's Castle - Copyright David Giard<\/figcaption><\/figure><\/div><div class=\"swiper-slide\" role=\"group\" aria-roledescription=\"slide\" aria-label=\"15 of 19\"><figure class=\"swiper-slide-inner\"><img decoding=\"async\" class=\"swiper-slide-image\" src=\"https:\/\/lyrique-belle-ile.com\/wp-content\/uploads\/2024\/08\/Le_Chateau_de_Barbe-Bleue-Copyright-David-Giard_04.jpg\" alt=\"Le Chateau de Barbe-Bleue - Copyright David Giard\" \/><figcaption class=\"elementor-image-carousel-caption\">Bluebeard's Castle - Copyright David Giard<\/figcaption><\/figure><\/div><div class=\"swiper-slide\" role=\"group\" aria-roledescription=\"slide\" aria-label=\"16 of 19\"><figure class=\"swiper-slide-inner\"><img decoding=\"async\" class=\"swiper-slide-image\" src=\"https:\/\/lyrique-belle-ile.com\/wp-content\/uploads\/2024\/08\/Le_Chateau_de_Barbe-Bleue-Copyright-David-Giard_03.jpg\" alt=\"Le Chateau de Barbe-Bleue - Copyright David Giard\" \/><figcaption class=\"elementor-image-carousel-caption\">Bluebeard's Castle - Copyright David Giard<\/figcaption><\/figure><\/div><div class=\"swiper-slide\" role=\"group\" aria-roledescription=\"slide\" aria-label=\"17 of 19\"><figure class=\"swiper-slide-inner\"><img decoding=\"async\" class=\"swiper-slide-image\" src=\"https:\/\/lyrique-belle-ile.com\/wp-content\/uploads\/2024\/08\/Le_Chateau_de_Barbe-Bleue-Copyright-David-Giard_01.jpg\" alt=\"Le Chateau de Barbe-Bleue - Copyright David Giard\" \/><figcaption class=\"elementor-image-carousel-caption\">Bluebeard's Castle - Copyright David Giard<\/figcaption><\/figure><\/div><div class=\"swiper-slide\" role=\"group\" aria-roledescription=\"slide\" aria-label=\"18 sur 19\"><figure class=\"swiper-slide-inner\"><img decoding=\"async\" class=\"swiper-slide-image\" src=\"https:\/\/lyrique-belle-ile.com\/wp-content\/uploads\/2024\/08\/Concert_Jeune_Public-Copyright-David-Giard_02.jpg\" alt=\"Concert Jeune_Public - Copyright David Giard\" \/><figcaption class=\"elementor-image-carousel-caption\">Concert Jeune_Public - Copyright David Giard<\/figcaption><\/figure><\/div><div class=\"swiper-slide\" role=\"group\" aria-roledescription=\"slide\" aria-label=\"19 of 19\"><figure class=\"swiper-slide-inner\"><img decoding=\"async\" class=\"swiper-slide-image\" src=\"https:\/\/lyrique-belle-ile.com\/wp-content\/uploads\/2024\/08\/Concert_Jeune_Public-Copyright-David-Giard_01.jpg\" alt=\"Concert Jeune_Public - Copyright David Giard\" \/><figcaption class=\"elementor-image-carousel-caption\">Concert Jeune_Public - Copyright David Giard<\/figcaption><\/figure><\/div>\t\t\t<\/div>\n\t\t\t\t\t\t\t\t\t\t\t\t<div class=\"elementor-swiper-button elementor-swiper-button-prev\" role=\"button\" tabindex=\"0\">\n\t\t\t\t\t\t<i aria-hidden=\"true\" class=\"eicon-chevron-left\"><\/i>\t\t\t\t\t<\/div>\n\t\t\t\t\t<div class=\"elementor-swiper-button elementor-swiper-button-next\" role=\"button\" tabindex=\"0\">\n\t\t\t\t\t\t<i aria-hidden=\"true\" class=\"eicon-chevron-right\"><\/i>\t\t\t\t\t<\/div>\n\t\t\t\t\n\t\t\t\t\t\t\t\t\t<div class=\"swiper-pagination\"><\/div>\n\t\t\t\t\t\t\t\t\t<\/div>\n\t\t\t\t\t\t<\/div>\n\t\t\t\t\t<\/div>\n\t\t<\/div>\n\t\t\t\t\t<\/div>\n\t\t<\/section>\n\t\t\t\t<\/div>","protected":false},"excerpt":{"rendered":"<p>L&rsquo;\u00e9dition 2024 duFestival Lyrique-en-mer L&rsquo;\u00e9t\u00e9 2024 a vu se d\u00e9rouler la 26\u00e8me \u00e9dition du Festival Lyrique en Mer. Pour revivre l&rsquo;aventure, vous avez le choix : explorez notre programme, ou vous plongez dans les articles et \u00e9missions de presse.\u00a0 Programme La presse parle de nous ! Venez_Chanter &#8211; Copyright David Giard Venez_Chanter &#8211; Copyright David [&hellip;]<\/p>\n","protected":false},"author":2,"featured_media":0,"parent":0,"menu_order":0,"comment_status":"closed","ping_status":"closed","template":"","meta":{"inline_featured_image":false,"footnotes":""},"class_list":["post-7980","page","type-page","status-publish","hentry"],"yoast_head":"<!-- This site is optimized with the Yoast SEO plugin v27.3 - https:\/\/yoast.com\/product\/yoast-seo-wordpress\/ -->\n<title>Festival 2024 - Lyrique en Mer<\/title>\n<meta name=\"description\" content=\"Biographie des artistes de l&#039;\u00e9dition 2022 du festival international de Belle-Ile Lyrique-en-mer.\" \/>\n<meta name=\"robots\" content=\"index, follow, max-snippet:-1, max-image-preview:large, max-video-preview:-1\" \/>\n<link rel=\"canonical\" href=\"https:\/\/lyrique-belle-ile.com\/en\/festival2024\/\" \/>\n<meta property=\"og:locale\" content=\"en_US\" \/>\n<meta property=\"og:type\" content=\"article\" \/>\n<meta property=\"og:title\" content=\"Festival 2024 - Lyrique en Mer\" \/>\n<meta property=\"og:description\" content=\"Biographie des artistes de l&#039;\u00e9dition 2022 du festival international de Belle-Ile Lyrique-en-mer.\" \/>\n<meta property=\"og:url\" content=\"https:\/\/lyrique-belle-ile.com\/en\/festival2024\/\" \/>\n<meta property=\"og:site_name\" content=\"Lyrique en Mer\" \/>\n<meta property=\"article:publisher\" content=\"https:\/\/www.facebook.com\/lyriqueenmer\" \/>\n<meta property=\"article:modified_time\" content=\"2025-05-15T14:13:25+00:00\" \/>\n<meta property=\"og:image\" content=\"https:\/\/lyrique-belle-ile.com\/wp-content\/uploads\/2022\/03\/Jeunes-artistes.png\" \/>\n\t<meta property=\"og:image:width\" content=\"2000\" \/>\n\t<meta property=\"og:image:height\" content=\"1166\" \/>\n\t<meta property=\"og:image:type\" content=\"image\/png\" \/>\n<meta name=\"twitter:card\" content=\"summary_large_image\" \/>\n<meta name=\"twitter:site\" content=\"@FestivalLyrique\" \/>\n<meta name=\"twitter:label1\" content=\"Est. reading time\" \/>\n\t<meta name=\"twitter:data1\" content=\"6 minutes\" \/>\n<script type=\"application\/ld+json\" class=\"yoast-schema-graph\">{\"@context\":\"https:\\\/\\\/schema.org\",\"@graph\":[{\"@type\":\"WebPage\",\"@id\":\"https:\\\/\\\/lyrique-belle-ile.com\\\/festival2024\\\/\",\"url\":\"https:\\\/\\\/lyrique-belle-ile.com\\\/festival2024\\\/\",\"name\":\"Festival 2024 - Lyrique en Mer\",\"isPartOf\":{\"@id\":\"https:\\\/\\\/lyrique-belle-ile.com\\\/#website\"},\"primaryImageOfPage\":{\"@id\":\"https:\\\/\\\/lyrique-belle-ile.com\\\/festival2024\\\/#primaryimage\"},\"image\":{\"@id\":\"https:\\\/\\\/lyrique-belle-ile.com\\\/festival2024\\\/#primaryimage\"},\"thumbnailUrl\":\"https:\\\/\\\/lyrique-belle-ile.com\\\/wp-content\\\/uploads\\\/2024\\\/08\\\/Venez_Chanter-Copyright-David-Giard_02.jpg\",\"datePublished\":\"2024-08-26T20:14:46+00:00\",\"dateModified\":\"2025-05-15T14:13:25+00:00\",\"description\":\"Biographie des artistes de l'\u00e9dition 2022 du festival international de Belle-Ile Lyrique-en-mer.\",\"breadcrumb\":{\"@id\":\"https:\\\/\\\/lyrique-belle-ile.com\\\/festival2024\\\/#breadcrumb\"},\"inLanguage\":\"en-US\",\"potentialAction\":[{\"@type\":\"ReadAction\",\"target\":[\"https:\\\/\\\/lyrique-belle-ile.com\\\/festival2024\\\/\"]}]},{\"@type\":\"ImageObject\",\"inLanguage\":\"en-US\",\"@id\":\"https:\\\/\\\/lyrique-belle-ile.com\\\/festival2024\\\/#primaryimage\",\"url\":\"https:\\\/\\\/lyrique-belle-ile.com\\\/wp-content\\\/uploads\\\/2024\\\/08\\\/Venez_Chanter-Copyright-David-Giard_02.jpg\",\"contentUrl\":\"https:\\\/\\\/lyrique-belle-ile.com\\\/wp-content\\\/uploads\\\/2024\\\/08\\\/Venez_Chanter-Copyright-David-Giard_02.jpg\"},{\"@type\":\"BreadcrumbList\",\"@id\":\"https:\\\/\\\/lyrique-belle-ile.com\\\/festival2024\\\/#breadcrumb\",\"itemListElement\":[{\"@type\":\"ListItem\",\"position\":1,\"name\":\"Accueil\",\"item\":\"https:\\\/\\\/lyrique-belle-ile.com\\\/\"},{\"@type\":\"ListItem\",\"position\":2,\"name\":\"Festival 2024\"}]},{\"@type\":\"WebSite\",\"@id\":\"https:\\\/\\\/lyrique-belle-ile.com\\\/#website\",\"url\":\"https:\\\/\\\/lyrique-belle-ile.com\\\/\",\"name\":\"Lyrique en Mer\",\"description\":\"Festival International de Belle Ile\",\"publisher\":{\"@id\":\"https:\\\/\\\/lyrique-belle-ile.com\\\/#organization\"},\"potentialAction\":[{\"@type\":\"SearchAction\",\"target\":{\"@type\":\"EntryPoint\",\"urlTemplate\":\"https:\\\/\\\/lyrique-belle-ile.com\\\/?s={search_term_string}\"},\"query-input\":{\"@type\":\"PropertyValueSpecification\",\"valueRequired\":true,\"valueName\":\"search_term_string\"}}],\"inLanguage\":\"en-US\"},{\"@type\":\"Organization\",\"@id\":\"https:\\\/\\\/lyrique-belle-ile.com\\\/#organization\",\"name\":\"Lyrique en Mer\",\"url\":\"https:\\\/\\\/lyrique-belle-ile.com\\\/\",\"logo\":{\"@type\":\"ImageObject\",\"inLanguage\":\"en-US\",\"@id\":\"https:\\\/\\\/lyrique-belle-ile.com\\\/#\\\/schema\\\/logo\\\/image\\\/\",\"url\":\"https:\\\/\\\/lyrique-belle-ile.com\\\/wp-content\\\/uploads\\\/2025\\\/05\\\/Logo-site-internet-violet-350-x-100-px.svg\",\"contentUrl\":\"https:\\\/\\\/lyrique-belle-ile.com\\\/wp-content\\\/uploads\\\/2025\\\/05\\\/Logo-site-internet-violet-350-x-100-px.svg\",\"width\":350,\"height\":100,\"caption\":\"Lyrique en Mer\"},\"image\":{\"@id\":\"https:\\\/\\\/lyrique-belle-ile.com\\\/#\\\/schema\\\/logo\\\/image\\\/\"},\"sameAs\":[\"https:\\\/\\\/www.facebook.com\\\/lyriqueenmer\",\"https:\\\/\\\/x.com\\\/FestivalLyrique\",\"https:\\\/\\\/www.instagram.com\\\/festivallyrique\\\/\"]}]}<\/script>\n<!-- \/ Yoast SEO plugin. -->","yoast_head_json":{"title":"Festival 2024 - Lyrique en Mer","description":"Artist biographies for the 2022 edition of the Belle-Ile Lyrique-en-mer international festival.","robots":{"index":"index","follow":"follow","max-snippet":"max-snippet:-1","max-image-preview":"max-image-preview:large","max-video-preview":"max-video-preview:-1"},"canonical":"https:\/\/lyrique-belle-ile.com\/en\/festival2024\/","og_locale":"en_US","og_type":"article","og_title":"Festival 2024 - Lyrique en Mer","og_description":"Biographie des artistes de l'\u00e9dition 2022 du festival international de Belle-Ile Lyrique-en-mer.","og_url":"https:\/\/lyrique-belle-ile.com\/en\/festival2024\/","og_site_name":"Lyrique en Mer","article_publisher":"https:\/\/www.facebook.com\/lyriqueenmer","article_modified_time":"2025-05-15T14:13:25+00:00","og_image":[{"width":2000,"height":1166,"url":"https:\/\/lyrique-belle-ile.com\/wp-content\/uploads\/2022\/03\/Jeunes-artistes.png","type":"image\/png"}],"twitter_card":"summary_large_image","twitter_site":"@FestivalLyrique","twitter_misc":{"Est. reading time":"6 minutes"},"schema":{"@context":"https:\/\/schema.org","@graph":[{"@type":"WebPage","@id":"https:\/\/lyrique-belle-ile.com\/festival2024\/","url":"https:\/\/lyrique-belle-ile.com\/festival2024\/","name":"Festival 2024 - Lyrique en Mer","isPartOf":{"@id":"https:\/\/lyrique-belle-ile.com\/#website"},"primaryImageOfPage":{"@id":"https:\/\/lyrique-belle-ile.com\/festival2024\/#primaryimage"},"image":{"@id":"https:\/\/lyrique-belle-ile.com\/festival2024\/#primaryimage"},"thumbnailUrl":"https:\/\/lyrique-belle-ile.com\/wp-content\/uploads\/2024\/08\/Venez_Chanter-Copyright-David-Giard_02.jpg","datePublished":"2024-08-26T20:14:46+00:00","dateModified":"2025-05-15T14:13:25+00:00","description":"Artist biographies for the 2022 edition of the Belle-Ile Lyrique-en-mer international festival.","breadcrumb":{"@id":"https:\/\/lyrique-belle-ile.com\/festival2024\/#breadcrumb"},"inLanguage":"en-US","potentialAction":[{"@type":"ReadAction","target":["https:\/\/lyrique-belle-ile.com\/festival2024\/"]}]},{"@type":"ImageObject","inLanguage":"en-US","@id":"https:\/\/lyrique-belle-ile.com\/festival2024\/#primaryimage","url":"https:\/\/lyrique-belle-ile.com\/wp-content\/uploads\/2024\/08\/Venez_Chanter-Copyright-David-Giard_02.jpg","contentUrl":"https:\/\/lyrique-belle-ile.com\/wp-content\/uploads\/2024\/08\/Venez_Chanter-Copyright-David-Giard_02.jpg"},{"@type":"BreadcrumbList","@id":"https:\/\/lyrique-belle-ile.com\/festival2024\/#breadcrumb","itemListElement":[{"@type":"ListItem","position":1,"name":"Accueil","item":"https:\/\/lyrique-belle-ile.com\/"},{"@type":"ListItem","position":2,"name":"Festival 2024"}]},{"@type":"WebSite","@id":"https:\/\/lyrique-belle-ile.com\/#website","url":"https:\/\/lyrique-belle-ile.com\/","name":"Lyrical at Sea","description":"Belle Ile International Festival","publisher":{"@id":"https:\/\/lyrique-belle-ile.com\/#organization"},"potentialAction":[{"@type":"SearchAction","target":{"@type":"EntryPoint","urlTemplate":"https:\/\/lyrique-belle-ile.com\/?s={search_term_string}"},"query-input":{"@type":"PropertyValueSpecification","valueRequired":true,"valueName":"search_term_string"}}],"inLanguage":"en-US"},{"@type":"Organization","@id":"https:\/\/lyrique-belle-ile.com\/#organization","name":"Lyrical at Sea","url":"https:\/\/lyrique-belle-ile.com\/","logo":{"@type":"ImageObject","inLanguage":"en-US","@id":"https:\/\/lyrique-belle-ile.com\/#\/schema\/logo\/image\/","url":"https:\/\/lyrique-belle-ile.com\/wp-content\/uploads\/2025\/05\/Logo-site-internet-violet-350-x-100-px.svg","contentUrl":"https:\/\/lyrique-belle-ile.com\/wp-content\/uploads\/2025\/05\/Logo-site-internet-violet-350-x-100-px.svg","width":350,"height":100,"caption":"Lyrique en Mer"},"image":{"@id":"https:\/\/lyrique-belle-ile.com\/#\/schema\/logo\/image\/"},"sameAs":["https:\/\/www.facebook.com\/lyriqueenmer","https:\/\/x.com\/FestivalLyrique","https:\/\/www.instagram.com\/festivallyrique\/"]}]}},"_links":{"self":[{"href":"https:\/\/lyrique-belle-ile.com\/en\/wp-json\/wp\/v2\/pages\/7980","targetHints":{"allow":["GET"]}}],"collection":[{"href":"https:\/\/lyrique-belle-ile.com\/en\/wp-json\/wp\/v2\/pages"}],"about":[{"href":"https:\/\/lyrique-belle-ile.com\/en\/wp-json\/wp\/v2\/types\/page"}],"author":[{"embeddable":true,"href":"https:\/\/lyrique-belle-ile.com\/en\/wp-json\/wp\/v2\/users\/2"}],"replies":[{"embeddable":true,"href":"https:\/\/lyrique-belle-ile.com\/en\/wp-json\/wp\/v2\/comments?post=7980"}],"version-history":[{"count":13,"href":"https:\/\/lyrique-belle-ile.com\/en\/wp-json\/wp\/v2\/pages\/7980\/revisions"}],"predecessor-version":[{"id":8654,"href":"https:\/\/lyrique-belle-ile.com\/en\/wp-json\/wp\/v2\/pages\/7980\/revisions\/8654"}],"wp:attachment":[{"href":"https:\/\/lyrique-belle-ile.com\/en\/wp-json\/wp\/v2\/media?parent=7980"}],"curies":[{"name":"wp","href":"https:\/\/api.w.org\/{rel}","templated":true}]}}