{"id":764,"date":"2020-05-10T16:00:08","date_gmt":"2020-05-10T15:00:08","guid":{"rendered":"https:\/\/lyrique-belle-ile.com\/?page_id=764"},"modified":"2025-07-11T10:11:31","modified_gmt":"2025-07-11T09:11:31","slug":"programme","status":"publish","type":"page","link":"https:\/\/lyrique-belle-ile.com\/en\/programme\/","title":{"rendered":"Program"},"content":{"rendered":"<div data-elementor-type=\"wp-page\" data-elementor-id=\"764\" class=\"elementor elementor-764\">\n\t\t\t\t<div class=\"elementor-element elementor-element-10c3a277 e-flex e-con-boxed e-con e-parent\" data-id=\"10c3a277\" data-element_type=\"container\" data-e-type=\"container\">\n\t\t\t\t\t<div class=\"e-con-inner\">\n\t\t<div class=\"elementor-element elementor-element-d62f835 e-con-full e-flex e-con e-child\" data-id=\"d62f835\" data-element_type=\"container\" data-e-type=\"container\">\n\t\t\t\t<div class=\"elementor-element elementor-element-94903f6 elementor-widget__width-initial elementor-widget elementor-widget-heading\" data-id=\"94903f6\" data-element_type=\"widget\" data-e-type=\"widget\" data-widget_type=\"heading.default\">\n\t\t\t\t\t<h1 class=\"elementor-heading-title elementor-size-default\">FESTIVAL 2025 - August 1 to 15<\/h1>\t\t\t\t<\/div>\n\t\t<div class=\"elementor-element elementor-element-eea94de e-con-full e-flex e-con e-child\" data-id=\"eea94de\" data-element_type=\"container\" data-e-type=\"container\">\n\t\t\t\t<div class=\"elementor-element elementor-element-630d307 elementor-widget elementor-widget-image\" data-id=\"630d307\" data-element_type=\"widget\" data-e-type=\"widget\" data-widget_type=\"image.default\">\n\t\t\t\t\t\t\t\t\t\t\t\t\t\t\t<img fetchpriority=\"high\" decoding=\"async\" width=\"768\" height=\"768\" src=\"https:\/\/lyrique-belle-ile.com\/wp-content\/uploads\/2025\/07\/Programme2025-768x768.png\" class=\"attachment-medium_large size-medium_large wp-image-8934\" alt=\"\" srcset=\"https:\/\/lyrique-belle-ile.com\/wp-content\/uploads\/2025\/07\/Programme2025-768x768.png 768w, https:\/\/lyrique-belle-ile.com\/wp-content\/uploads\/2025\/07\/Programme2025-300x300.png 300w, https:\/\/lyrique-belle-ile.com\/wp-content\/uploads\/2025\/07\/Programme2025-1024x1024.png 1024w, https:\/\/lyrique-belle-ile.com\/wp-content\/uploads\/2025\/07\/Programme2025-150x150.png 150w, https:\/\/lyrique-belle-ile.com\/wp-content\/uploads\/2025\/07\/Programme2025-12x12.png 12w, https:\/\/lyrique-belle-ile.com\/wp-content\/uploads\/2025\/07\/Programme2025.png 1512w\" sizes=\"(max-width: 768px) 100vw, 768px\" \/>\t\t\t\t\t\t\t\t\t\t\t\t\t\t\t<\/div>\n\t\t\t\t<\/div>\n\t\t<div class=\"elementor-element elementor-element-9333a20 e-con-full e-flex e-con e-child\" data-id=\"9333a20\" data-element_type=\"container\" data-e-type=\"container\">\n\t\t\t\t<div class=\"elementor-element elementor-element-d4deacb elementor-widget elementor-widget-image\" data-id=\"d4deacb\" data-element_type=\"widget\" data-e-type=\"widget\" data-widget_type=\"image.default\">\n\t\t\t\t\t\t\t\t\t\t\t\t\t\t\t<img decoding=\"async\" width=\"768\" height=\"768\" src=\"https:\/\/lyrique-belle-ile.com\/wp-content\/uploads\/2025\/07\/Programme2025-detail1-768x768.png\" class=\"attachment-medium_large size-medium_large wp-image-8935\" alt=\"\" srcset=\"https:\/\/lyrique-belle-ile.com\/wp-content\/uploads\/2025\/07\/Programme2025-detail1-768x768.png 768w, https:\/\/lyrique-belle-ile.com\/wp-content\/uploads\/2025\/07\/Programme2025-detail1-300x300.png 300w, https:\/\/lyrique-belle-ile.com\/wp-content\/uploads\/2025\/07\/Programme2025-detail1-1024x1024.png 1024w, https:\/\/lyrique-belle-ile.com\/wp-content\/uploads\/2025\/07\/Programme2025-detail1-150x150.png 150w, https:\/\/lyrique-belle-ile.com\/wp-content\/uploads\/2025\/07\/Programme2025-detail1-1536x1536.png 1536w, https:\/\/lyrique-belle-ile.com\/wp-content\/uploads\/2025\/07\/Programme2025-detail1-12x12.png 12w, https:\/\/lyrique-belle-ile.com\/wp-content\/uploads\/2025\/07\/Programme2025-detail1.png 2025w\" sizes=\"(max-width: 768px) 100vw, 768px\" \/>\t\t\t\t\t\t\t\t\t\t\t\t\t\t\t<\/div>\n\t\t\t\t<\/div>\n\t\t<div class=\"elementor-element elementor-element-d813446 e-con-full e-flex e-con e-child\" data-id=\"d813446\" data-element_type=\"container\" data-e-type=\"container\">\n\t\t\t\t<div class=\"elementor-element elementor-element-bd1d8a5 elementor-widget elementor-widget-image\" data-id=\"bd1d8a5\" data-element_type=\"widget\" data-e-type=\"widget\" data-widget_type=\"image.default\">\n\t\t\t\t\t\t\t\t\t\t\t\t\t\t\t<img decoding=\"async\" width=\"768\" height=\"768\" src=\"https:\/\/lyrique-belle-ile.com\/wp-content\/uploads\/2025\/07\/Programme2025-detail2-768x768.png\" class=\"attachment-medium_large size-medium_large wp-image-8936\" alt=\"\" srcset=\"https:\/\/lyrique-belle-ile.com\/wp-content\/uploads\/2025\/07\/Programme2025-detail2-768x768.png 768w, https:\/\/lyrique-belle-ile.com\/wp-content\/uploads\/2025\/07\/Programme2025-detail2-300x300.png 300w, https:\/\/lyrique-belle-ile.com\/wp-content\/uploads\/2025\/07\/Programme2025-detail2-1024x1024.png 1024w, https:\/\/lyrique-belle-ile.com\/wp-content\/uploads\/2025\/07\/Programme2025-detail2-150x150.png 150w, https:\/\/lyrique-belle-ile.com\/wp-content\/uploads\/2025\/07\/Programme2025-detail2-1536x1536.png 1536w, https:\/\/lyrique-belle-ile.com\/wp-content\/uploads\/2025\/07\/Programme2025-detail2-12x12.png 12w, https:\/\/lyrique-belle-ile.com\/wp-content\/uploads\/2025\/07\/Programme2025-detail2.png 2025w\" sizes=\"(max-width: 768px) 100vw, 768px\" \/>\t\t\t\t\t\t\t\t\t\t\t\t\t\t\t<\/div>\n\t\t\t\t<\/div>\n\t\t\t\t<\/div>\n\t\t\t\t\t<\/div>\n\t\t\t\t<\/div>\n\t\t<div class=\"elementor-element elementor-element-fc66825 e-flex e-con-boxed e-con e-parent\" data-id=\"fc66825\" data-element_type=\"container\" data-e-type=\"container\">\n\t\t\t\t\t<div class=\"e-con-inner\">\n\t\t<div class=\"elementor-element elementor-element-b3ef765 e-con-full e-flex e-con e-child\" data-id=\"b3ef765\" data-element_type=\"container\" data-e-type=\"container\">\n\t\t\t\t<div class=\"elementor-element elementor-element-3cfb130 elementor-align-center elementor-widget__width-initial elementor-widget elementor-widget-button\" data-id=\"3cfb130\" data-element_type=\"widget\" data-e-type=\"widget\" data-widget_type=\"button.default\">\n\t\t\t\t\t\t\t\t\t\t<a class=\"elementor-button elementor-button-link elementor-size-sm\" href=\"https:\/\/lyrique-belle-ile.com\/en\/billetterie\/\">\n\t\t\t\t\t\t<span class=\"elementor-button-content-wrapper\">\n\t\t\t\t\t\t\t\t\t<span class=\"elementor-button-text\">Reserve your seats<\/span>\n\t\t\t\t\t<\/span>\n\t\t\t\t\t<\/a>\n\t\t\t\t\t\t\t\t<\/div>\n\t\t\t\t<\/div>\n\t\t<div class=\"elementor-element elementor-element-d354113 e-con-full e-flex e-con e-child\" data-id=\"d354113\" data-element_type=\"container\" data-e-type=\"container\">\n\t\t\t\t<div class=\"elementor-element elementor-element-6f5136b elementor-align-center elementor-widget elementor-widget-button\" data-id=\"6f5136b\" data-element_type=\"widget\" data-e-type=\"widget\" data-widget_type=\"button.default\">\n\t\t\t\t\t\t\t\t\t\t<a class=\"elementor-button elementor-button-link elementor-size-sm\" href=\"https:\/\/lyrique-belle-ile.com\/wp-content\/uploads\/2025\/07\/LYRIQUE-en-MER-2025-WEB.pdf\">\n\t\t\t\t\t\t<span class=\"elementor-button-content-wrapper\">\n\t\t\t\t\t\t\t\t\t<span class=\"elementor-button-text\">Download the program booklet<\/span>\n\t\t\t\t\t<\/span>\n\t\t\t\t\t<\/a>\n\t\t\t\t\t\t\t\t<\/div>\n\t\t\t\t<\/div>\n\t\t\t\t\t<\/div>\n\t\t\t\t<\/div>\n\t\t<div class=\"elementor-element elementor-element-c69fcf5 e-flex e-con-boxed e-con e-parent\" data-id=\"c69fcf5\" data-element_type=\"container\" data-e-type=\"container\">\n\t\t\t\t\t<div class=\"e-con-inner\">\n\t\t\t\t<div class=\"elementor-element elementor-element-90325cf elementor-widget-divider--view-line elementor-widget elementor-widget-divider\" data-id=\"90325cf\" data-element_type=\"widget\" data-e-type=\"widget\" data-widget_type=\"divider.default\">\n\t\t\t\t\t\t\t<div class=\"elementor-divider\">\n\t\t\t<span class=\"elementor-divider-separator\">\n\t\t\t\t\t\t<\/span>\n\t\t<\/div>\n\t\t\t\t\t\t<\/div>\n\t\t\t\t<div class=\"elementor-element elementor-element-19060e8 elementor-widget elementor-widget-text-editor\" data-id=\"19060e8\" data-element_type=\"widget\" data-e-type=\"widget\" data-widget_type=\"text-editor.default\">\n\t\t\t\t\t\t\t\t\t<h2><span style=\"color: #000000;\">You can also take a look back at past editions of the Festival<\/span><\/h2>\t\t\t\t\t\t\t\t<\/div>\n\t\t\t\t<div class=\"elementor-element elementor-element-d118c00 elementor-align-center animated-slow elementor-invisible elementor-widget elementor-widget-button\" data-id=\"d118c00\" data-element_type=\"widget\" data-e-type=\"widget\" data-settings=\"{&quot;_animation&quot;:&quot;pulse&quot;}\" data-widget_type=\"button.default\">\n\t\t\t\t\t\t\t\t\t\t<a class=\"elementor-button elementor-button-link elementor-size-xl\" href=\"https:\/\/lyrique-belle-ile.com\/en\/festival2024\/\">\n\t\t\t\t\t\t<span class=\"elementor-button-content-wrapper\">\n\t\t\t\t\t\t\t\t\t<span class=\"elementor-button-text\">Memories of Festival 2024<\/span>\n\t\t\t\t\t<\/span>\n\t\t\t\t\t<\/a>\n\t\t\t\t\t\t\t\t<\/div>\n\t\t\t\t<div class=\"elementor-element elementor-element-95bf04b elementor-align-center animated-slow elementor-invisible elementor-widget elementor-widget-button\" data-id=\"95bf04b\" data-element_type=\"widget\" data-e-type=\"widget\" data-settings=\"{&quot;_animation&quot;:&quot;pulse&quot;}\" data-widget_type=\"button.default\">\n\t\t\t\t\t\t\t\t\t\t<a class=\"elementor-button elementor-button-link elementor-size-xl\" href=\"https:\/\/lyrique-belle-ile.com\/en\/festival2023\/\">\n\t\t\t\t\t\t<span class=\"elementor-button-content-wrapper\">\n\t\t\t\t\t\t\t\t\t<span class=\"elementor-button-text\">Memories of the 2023 Festival<\/span>\n\t\t\t\t\t<\/span>\n\t\t\t\t\t<\/a>\n\t\t\t\t\t\t\t\t<\/div>\n\t\t\t\t\t<\/div>\n\t\t\t\t<\/div>\n\t\t<div class=\"elementor-element elementor-element-8cbd825 e-flex e-con-boxed e-con e-parent\" data-id=\"8cbd825\" data-element_type=\"container\" data-e-type=\"container\">\n\t\t\t\t\t<div class=\"e-con-inner\">\n\t\t\t\t<div class=\"elementor-element elementor-element-620da6d elementor-widget-divider--view-line elementor-widget elementor-widget-divider\" data-id=\"620da6d\" data-element_type=\"widget\" data-e-type=\"widget\" data-widget_type=\"divider.default\">\n\t\t\t\t\t\t\t<div class=\"elementor-divider\">\n\t\t\t<span class=\"elementor-divider-separator\">\n\t\t\t\t\t\t<\/span>\n\t\t<\/div>\n\t\t\t\t\t\t<\/div>\n\t\t\t\t<div class=\"elementor-element elementor-element-4cfa408 elementor-widget elementor-widget-image\" data-id=\"4cfa408\" data-element_type=\"widget\" data-e-type=\"widget\" data-widget_type=\"image.default\">\n\t\t\t\t\t\t\t\t\t\t\t\t\t\t\t\t<a href=\"https:\/\/www.radiofrance.fr\/francemusique\">\n\t\t\t\t\t\t\t<img loading=\"lazy\" decoding=\"async\" width=\"800\" height=\"225\" src=\"https:\/\/lyrique-belle-ile.com\/wp-content\/uploads\/2020\/02\/FM_Ete2023_1600x450-1024x288.png\" class=\"attachment-large size-large wp-image-6324\" alt=\"\" srcset=\"https:\/\/lyrique-belle-ile.com\/wp-content\/uploads\/2020\/02\/FM_Ete2023_1600x450-1024x288.png 1024w, https:\/\/lyrique-belle-ile.com\/wp-content\/uploads\/2020\/02\/FM_Ete2023_1600x450-300x84.png 300w, https:\/\/lyrique-belle-ile.com\/wp-content\/uploads\/2020\/02\/FM_Ete2023_1600x450-768x216.png 768w, https:\/\/lyrique-belle-ile.com\/wp-content\/uploads\/2020\/02\/FM_Ete2023_1600x450-1536x432.png 1536w, https:\/\/lyrique-belle-ile.com\/wp-content\/uploads\/2020\/02\/FM_Ete2023_1600x450-18x5.png 18w, https:\/\/lyrique-belle-ile.com\/wp-content\/uploads\/2020\/02\/FM_Ete2023_1600x450.png 1600w\" sizes=\"(max-width: 800px) 100vw, 800px\" \/>\t\t\t\t\t\t\t\t<\/a>\n\t\t\t\t\t\t\t\t\t\t\t\t\t\t\t<\/div>\n\t\t\t\t\t<\/div>\n\t\t\t\t<\/div>\n\t\t\t\t<\/div>","protected":false},"excerpt":{"rendered":"<p>FESTIVAL 2025 - August 1 to 15 Book your tickets Download the program booklet You can also look back at past editions of the Festival Souvenirs du Festival 2024 Souvenirs du Festival 2023<\/p>","protected":false},"author":2,"featured_media":0,"parent":0,"menu_order":0,"comment_status":"closed","ping_status":"closed","template":"","meta":{"inline_featured_image":false,"footnotes":""},"class_list":["post-764","page","type-page","status-publish","hentry"],"yoast_head":"<!-- This site is optimized with the Yoast SEO plugin v27.3 - https:\/\/yoast.com\/product\/yoast-seo-wordpress\/ -->\n<title>Programme - Lyrique en Mer<\/title>\n<meta name=\"robots\" content=\"index, follow, max-snippet:-1, max-image-preview:large, max-video-preview:-1\" \/>\n<link rel=\"canonical\" href=\"https:\/\/lyrique-belle-ile.com\/en\/programme\/\" \/>\n<meta property=\"og:locale\" content=\"en_US\" \/>\n<meta property=\"og:type\" content=\"article\" \/>\n<meta property=\"og:title\" content=\"Programme - Lyrique en Mer\" \/>\n<meta property=\"og:description\" content=\"FESTIVAL 2025 &#8211; 1er au 15 ao\u00fbt R\u00e9servez vos places T\u00e9l\u00e9chargez le livret programme Vous pouvez aussi vous replonger dans les \u00e9ditions pass\u00e9es du Festival Souvenirs du Festival 2024 Souvenirs du Festival 2023\" \/>\n<meta property=\"og:url\" content=\"https:\/\/lyrique-belle-ile.com\/en\/programme\/\" \/>\n<meta property=\"og:site_name\" content=\"Lyrique en Mer\" \/>\n<meta property=\"article:publisher\" content=\"https:\/\/www.facebook.com\/lyriqueenmer\" \/>\n<meta property=\"article:modified_time\" content=\"2025-07-11T09:11:31+00:00\" \/>\n<meta property=\"og:image\" content=\"https:\/\/lyrique-belle-ile.com\/wp-content\/uploads\/2025\/07\/Programme2025-1024x1024.png\" \/>\n\t<meta property=\"og:image:width\" content=\"1024\" \/>\n\t<meta property=\"og:image:height\" content=\"1024\" \/>\n\t<meta property=\"og:image:type\" content=\"image\/png\" \/>\n<meta name=\"twitter:card\" content=\"summary_large_image\" \/>\n<meta name=\"twitter:site\" content=\"@FestivalLyrique\" \/>\n<meta name=\"twitter:label1\" content=\"Est. reading time\" \/>\n\t<meta name=\"twitter:data1\" content=\"1 minute\" \/>\n<script type=\"application\/ld+json\" class=\"yoast-schema-graph\">{\"@context\":\"https:\\\/\\\/schema.org\",\"@graph\":[{\"@type\":\"WebPage\",\"@id\":\"https:\\\/\\\/lyrique-belle-ile.com\\\/programme\\\/\",\"url\":\"https:\\\/\\\/lyrique-belle-ile.com\\\/programme\\\/\",\"name\":\"Programme - Lyrique en Mer\",\"isPartOf\":{\"@id\":\"https:\\\/\\\/lyrique-belle-ile.com\\\/#website\"},\"primaryImageOfPage\":{\"@id\":\"https:\\\/\\\/lyrique-belle-ile.com\\\/programme\\\/#primaryimage\"},\"image\":{\"@id\":\"https:\\\/\\\/lyrique-belle-ile.com\\\/programme\\\/#primaryimage\"},\"thumbnailUrl\":\"https:\\\/\\\/lyrique-belle-ile.com\\\/wp-content\\\/uploads\\\/2025\\\/07\\\/Programme2025-768x768.png\",\"datePublished\":\"2020-05-10T15:00:08+00:00\",\"dateModified\":\"2025-07-11T09:11:31+00:00\",\"breadcrumb\":{\"@id\":\"https:\\\/\\\/lyrique-belle-ile.com\\\/programme\\\/#breadcrumb\"},\"inLanguage\":\"en-US\",\"potentialAction\":[{\"@type\":\"ReadAction\",\"target\":[\"https:\\\/\\\/lyrique-belle-ile.com\\\/programme\\\/\"]}]},{\"@type\":\"ImageObject\",\"inLanguage\":\"en-US\",\"@id\":\"https:\\\/\\\/lyrique-belle-ile.com\\\/programme\\\/#primaryimage\",\"url\":\"https:\\\/\\\/lyrique-belle-ile.com\\\/wp-content\\\/uploads\\\/2025\\\/07\\\/Programme2025-768x768.png\",\"contentUrl\":\"https:\\\/\\\/lyrique-belle-ile.com\\\/wp-content\\\/uploads\\\/2025\\\/07\\\/Programme2025-768x768.png\"},{\"@type\":\"BreadcrumbList\",\"@id\":\"https:\\\/\\\/lyrique-belle-ile.com\\\/programme\\\/#breadcrumb\",\"itemListElement\":[{\"@type\":\"ListItem\",\"position\":1,\"name\":\"Accueil\",\"item\":\"https:\\\/\\\/lyrique-belle-ile.com\\\/\"},{\"@type\":\"ListItem\",\"position\":2,\"name\":\"Programme\"}]},{\"@type\":\"WebSite\",\"@id\":\"https:\\\/\\\/lyrique-belle-ile.com\\\/#website\",\"url\":\"https:\\\/\\\/lyrique-belle-ile.com\\\/\",\"name\":\"Lyrique en Mer\",\"description\":\"Festival International de Belle Ile\",\"publisher\":{\"@id\":\"https:\\\/\\\/lyrique-belle-ile.com\\\/#organization\"},\"potentialAction\":[{\"@type\":\"SearchAction\",\"target\":{\"@type\":\"EntryPoint\",\"urlTemplate\":\"https:\\\/\\\/lyrique-belle-ile.com\\\/?s={search_term_string}\"},\"query-input\":{\"@type\":\"PropertyValueSpecification\",\"valueRequired\":true,\"valueName\":\"search_term_string\"}}],\"inLanguage\":\"en-US\"},{\"@type\":\"Organization\",\"@id\":\"https:\\\/\\\/lyrique-belle-ile.com\\\/#organization\",\"name\":\"Lyrique en Mer\",\"url\":\"https:\\\/\\\/lyrique-belle-ile.com\\\/\",\"logo\":{\"@type\":\"ImageObject\",\"inLanguage\":\"en-US\",\"@id\":\"https:\\\/\\\/lyrique-belle-ile.com\\\/#\\\/schema\\\/logo\\\/image\\\/\",\"url\":\"https:\\\/\\\/lyrique-belle-ile.com\\\/wp-content\\\/uploads\\\/2025\\\/05\\\/Logo-site-internet-violet-350-x-100-px.svg\",\"contentUrl\":\"https:\\\/\\\/lyrique-belle-ile.com\\\/wp-content\\\/uploads\\\/2025\\\/05\\\/Logo-site-internet-violet-350-x-100-px.svg\",\"width\":350,\"height\":100,\"caption\":\"Lyrique en Mer\"},\"image\":{\"@id\":\"https:\\\/\\\/lyrique-belle-ile.com\\\/#\\\/schema\\\/logo\\\/image\\\/\"},\"sameAs\":[\"https:\\\/\\\/www.facebook.com\\\/lyriqueenmer\",\"https:\\\/\\\/x.com\\\/FestivalLyrique\",\"https:\\\/\\\/www.instagram.com\\\/festivallyrique\\\/\"]}]}<\/script>\n<!-- \/ Yoast SEO plugin. -->","yoast_head_json":{"title":"Program - Lyrique en Mer","robots":{"index":"index","follow":"follow","max-snippet":"max-snippet:-1","max-image-preview":"max-image-preview:large","max-video-preview":"max-video-preview:-1"},"canonical":"https:\/\/lyrique-belle-ile.com\/en\/programme\/","og_locale":"en_US","og_type":"article","og_title":"Programme - Lyrique en Mer","og_description":"FESTIVAL 2025 &#8211; 1er au 15 ao\u00fbt R\u00e9servez vos places T\u00e9l\u00e9chargez le livret programme Vous pouvez aussi vous replonger dans les \u00e9ditions pass\u00e9es du Festival Souvenirs du Festival 2024 Souvenirs du Festival 2023","og_url":"https:\/\/lyrique-belle-ile.com\/en\/programme\/","og_site_name":"Lyrique en Mer","article_publisher":"https:\/\/www.facebook.com\/lyriqueenmer","article_modified_time":"2025-07-11T09:11:31+00:00","og_image":[{"width":1024,"height":1024,"url":"https:\/\/lyrique-belle-ile.com\/wp-content\/uploads\/2025\/07\/Programme2025-1024x1024.png","type":"image\/png"}],"twitter_card":"summary_large_image","twitter_site":"@FestivalLyrique","twitter_misc":{"Est. reading time":"1 minute"},"schema":{"@context":"https:\/\/schema.org","@graph":[{"@type":"WebPage","@id":"https:\/\/lyrique-belle-ile.com\/programme\/","url":"https:\/\/lyrique-belle-ile.com\/programme\/","name":"Program - Lyrique en Mer","isPartOf":{"@id":"https:\/\/lyrique-belle-ile.com\/#website"},"primaryImageOfPage":{"@id":"https:\/\/lyrique-belle-ile.com\/programme\/#primaryimage"},"image":{"@id":"https:\/\/lyrique-belle-ile.com\/programme\/#primaryimage"},"thumbnailUrl":"https:\/\/lyrique-belle-ile.com\/wp-content\/uploads\/2025\/07\/Programme2025-768x768.png","datePublished":"2020-05-10T15:00:08+00:00","dateModified":"2025-07-11T09:11:31+00:00","breadcrumb":{"@id":"https:\/\/lyrique-belle-ile.com\/programme\/#breadcrumb"},"inLanguage":"en-US","potentialAction":[{"@type":"ReadAction","target":["https:\/\/lyrique-belle-ile.com\/programme\/"]}]},{"@type":"ImageObject","inLanguage":"en-US","@id":"https:\/\/lyrique-belle-ile.com\/programme\/#primaryimage","url":"https:\/\/lyrique-belle-ile.com\/wp-content\/uploads\/2025\/07\/Programme2025-768x768.png","contentUrl":"https:\/\/lyrique-belle-ile.com\/wp-content\/uploads\/2025\/07\/Programme2025-768x768.png"},{"@type":"BreadcrumbList","@id":"https:\/\/lyrique-belle-ile.com\/programme\/#breadcrumb","itemListElement":[{"@type":"ListItem","position":1,"name":"Accueil","item":"https:\/\/lyrique-belle-ile.com\/"},{"@type":"ListItem","position":2,"name":"Programme"}]},{"@type":"WebSite","@id":"https:\/\/lyrique-belle-ile.com\/#website","url":"https:\/\/lyrique-belle-ile.com\/","name":"Lyrical at Sea","description":"Belle Ile International Festival","publisher":{"@id":"https:\/\/lyrique-belle-ile.com\/#organization"},"potentialAction":[{"@type":"SearchAction","target":{"@type":"EntryPoint","urlTemplate":"https:\/\/lyrique-belle-ile.com\/?s={search_term_string}"},"query-input":{"@type":"PropertyValueSpecification","valueRequired":true,"valueName":"search_term_string"}}],"inLanguage":"en-US"},{"@type":"Organization","@id":"https:\/\/lyrique-belle-ile.com\/#organization","name":"Lyrical at Sea","url":"https:\/\/lyrique-belle-ile.com\/","logo":{"@type":"ImageObject","inLanguage":"en-US","@id":"https:\/\/lyrique-belle-ile.com\/#\/schema\/logo\/image\/","url":"https:\/\/lyrique-belle-ile.com\/wp-content\/uploads\/2025\/05\/Logo-site-internet-violet-350-x-100-px.svg","contentUrl":"https:\/\/lyrique-belle-ile.com\/wp-content\/uploads\/2025\/05\/Logo-site-internet-violet-350-x-100-px.svg","width":350,"height":100,"caption":"Lyrique en Mer"},"image":{"@id":"https:\/\/lyrique-belle-ile.com\/#\/schema\/logo\/image\/"},"sameAs":["https:\/\/www.facebook.com\/lyriqueenmer","https:\/\/x.com\/FestivalLyrique","https:\/\/www.instagram.com\/festivallyrique\/"]}]}},"_links":{"self":[{"href":"https:\/\/lyrique-belle-ile.com\/en\/wp-json\/wp\/v2\/pages\/764","targetHints":{"allow":["GET"]}}],"collection":[{"href":"https:\/\/lyrique-belle-ile.com\/en\/wp-json\/wp\/v2\/pages"}],"about":[{"href":"https:\/\/lyrique-belle-ile.com\/en\/wp-json\/wp\/v2\/types\/page"}],"author":[{"embeddable":true,"href":"https:\/\/lyrique-belle-ile.com\/en\/wp-json\/wp\/v2\/users\/2"}],"replies":[{"embeddable":true,"href":"https:\/\/lyrique-belle-ile.com\/en\/wp-json\/wp\/v2\/comments?post=764"}],"version-history":[{"count":463,"href":"https:\/\/lyrique-belle-ile.com\/en\/wp-json\/wp\/v2\/pages\/764\/revisions"}],"predecessor-version":[{"id":8948,"href":"https:\/\/lyrique-belle-ile.com\/en\/wp-json\/wp\/v2\/pages\/764\/revisions\/8948"}],"wp:attachment":[{"href":"https:\/\/lyrique-belle-ile.com\/en\/wp-json\/wp\/v2\/media?parent=764"}],"curies":[{"name":"wp","href":"https:\/\/api.w.org\/{rel}","templated":true}]}}