{"id":748,"date":"2020-03-17T19:29:38","date_gmt":"2020-03-17T18:29:38","guid":{"rendered":"https:\/\/lyrique-belle-ile.com\/?page_id=748"},"modified":"2021-10-19T14:36:51","modified_gmt":"2021-10-19T13:36:51","slug":"mentions-legales","status":"publish","type":"page","link":"https:\/\/lyrique-belle-ile.com\/en\/mentions-legales\/","title":{"rendered":"Legal disclaimer"},"content":{"rendered":"<div data-elementor-type=\"wp-page\" data-elementor-id=\"748\" class=\"elementor elementor-748\">\n\t\t\t\t\t\t<section class=\"elementor-section elementor-top-section elementor-element elementor-element-4f5a1ed elementor-section-boxed elementor-section-height-default elementor-section-height-default\" data-id=\"4f5a1ed\" data-element_type=\"section\" data-e-type=\"section\">\n\t\t\t\t\t\t<div class=\"elementor-container elementor-column-gap-default\">\n\t\t\t\t\t<div class=\"elementor-column elementor-col-100 elementor-top-column elementor-element elementor-element-ab348f3\" data-id=\"ab348f3\" data-element_type=\"column\" data-e-type=\"column\">\n\t\t\t<div class=\"elementor-widget-wrap elementor-element-populated\">\n\t\t\t\t\t\t<div class=\"elementor-element elementor-element-64f6d3b elementor-widget elementor-widget-text-editor\" data-id=\"64f6d3b\" data-element_type=\"widget\" data-e-type=\"widget\" data-widget_type=\"text-editor.default\">\n\t\t\t\t\t\t\t\t\t<p>Legal information in force on 17\/03\/2020<\/p>\t\t\t\t\t\t\t\t<\/div>\n\t\t\t\t<div class=\"elementor-element elementor-element-d76b3a7 elementor-widget elementor-widget-text-editor\" data-id=\"d76b3a7\" data-element_type=\"widget\" data-e-type=\"widget\" data-widget_type=\"text-editor.default\">\n\t\t\t\t\t\t\t\t\t<p style=\"text-align: justify; text-justify: inter-ideograph;\"><span style=\"font-size: 10.5pt;\">In accordance with the provisions of Articles 6-III and 19 of Law No. 2004-575 of June 21, 2004 on confidence in the digital economy, known as the L.C.E.N., users of the site are hereby informed of the following <u>lyrique-belle-ile.com<\/u> the present legal notice.<\/span><span style=\"font-size: 10.5pt;\"><br><\/span><\/p>\n<p style=\"text-align: justify; text-justify: inter-ideograph;\"><span style=\"font-size: 10.5pt;\">Connecting to and browsing the site <u>lyrique-belle-ile.com<\/u> by the user implies full and unreserved acceptance of the present legal notice.<\/span><span style=\"font-size: 10.5pt;\"><br><\/span><\/p>\n<p style=\"text-align: justify; text-justify: inter-ideograph;\"><span style=\"font-size: 10.5pt;\">These are available on the site under the heading \"Legal information\".<\/span><span style=\"font-size: 10.5pt;\"><br><\/span><\/p>\n<p style=\"text-align: justify; text-justify: inter-ideograph;\"><b><span style=\"font-size: 10.5pt;\">ARTICLE 1: <\/span><\/b><b><span style=\"font-size: 10.5pt;\"><span>\u00c9<\/span>ditor<\/span><\/b><span style=\"font-size: 10.5pt;\"><br><\/span><\/p>\n<p><span style=\"font-size: 10.5pt;\">Site editing <u>lyrique-belle-ile.com<\/u> is provided by the Lyrique-en-mer association, whose head office is at 2 bis, rue de l'\u00c9glise 56360 Le Palais.<\/span><span style=\"font-size: 10.5pt;\"><br><\/span><\/p>\n<p style=\"text-align: justify; text-justify: inter-ideograph;\"><span style=\"font-size: 10.5pt;\">The publications director is Marie-Fran\u00e7oise Morvan.<\/span><span style=\"font-size: 10.5pt;\"><br><\/span><\/p>\n<p style=\"text-align: justify; text-justify: inter-ideograph;\"><b><span style=\"font-size: 10.5pt;\">ARTICLE 2 : Host<\/span><\/b><span style=\"font-size: 10.5pt;\"><\/span><span style=\"font-size: 10.5pt;\"><br><\/span><\/p>\n<p style=\"text-align: justify; text-justify: inter-ideograph;\"><span style=\"font-size: 10.5pt;\">Site host <u>lyrique-belle-ile.com<\/u> is OVH, whose head office is located at 2, rue Kellermann 59100 Roubaix, with the following telephone number: 09 72 10 10 07.<\/span><span style=\"font-size: 10.5pt;\"><\/span><br><span style=\"font-size: 10.5pt;\"><\/span>\n<\/p>\n<p style=\"text-align: justify; text-justify: inter-ideograph;\"><b><span style=\"font-size: 10.5pt;\">ARTICLE 3: Site access<\/span><\/b><\/p>\n<p style=\"text-align: justify; text-justify: inter-ideograph;\"><b><\/b><span style=\"font-size: 10.5pt;\">The site is accessible from any location, 7 days a week, 24 hours a day, except in cases of force majeure, scheduled or unscheduled interruptions that may result from maintenance requirements.<\/span><span style=\"font-size: 10.5pt;\"><br><\/span><\/p>\n<p style=\"text-align: justify; text-justify: inter-ideograph;\"><span style=\"font-size: 10.5pt;\">In the event of modification, interruption or suspension of services, the site <u>lyrique-belle-ile.com<\/u> cannot be held responsible.<\/span><span style=\"font-size: 10.5pt;\"><br><\/span><\/p>\n<p style=\"text-align: justify; text-justify: inter-ideograph;\"><b><span style=\"font-size: 10.5pt;\">ARTICLE 4: Data collection<\/span><\/b><span style=\"font-size: 10.5pt;\"><br><\/span><\/p>\n<p style=\"text-align: justify; text-justify: inter-ideograph;\"><span style=\"font-size: 10.5pt;\">The site ensures that the user's personal information is collected and processed with due respect for privacy, in accordance with the French Data Protection Act no. 78-17 of January 6, 1978.<\/span><span style=\"font-size: 10.5pt;\"><br><\/span><\/p>\n<p style=\"text-align: justify; text-justify: inter-ideograph;\"><span style=\"font-size: 10.5pt;\">Under the French Data Protection Act of January 6, 1978, users have the right to access, rectify, delete and object to their personal data. The user can exercise this right by post to 2 bis, rue de l'\u00c9glise 56360 Le Palais.<\/span><span style=\"font-size: 10.5pt;\"><br><\/span><\/p>\n<p style=\"text-align: justify; text-justify: inter-ideograph;\"><b><span style=\"font-size: 10.5pt;\">ARTICLE 5 : Cookies<\/span><\/b><span style=\"font-size: 10.5pt;\"><br><\/span><\/p>\n<p style=\"text-align: justify; text-justify: inter-ideograph;\"><span style=\"font-size: 10.5pt;\">Users are informed that a cookie may be automatically installed on their browser when they visit the site.<\/span><span style=\"font-size: 10.5pt;\"><br><\/span><\/p>\n<p style=\"text-align: justify; text-justify: inter-ideograph;\"><span style=\"font-size: 10.5pt;\">By browsing the site, he accepts them.<\/span><span style=\"font-size: 10.5pt;\"><br><\/span><\/p>\n<p style=\"text-align: justify; text-justify: inter-ideograph;\"><span style=\"font-size: 10.5pt;\">A cookie is an element that does not allow the user to be identified, but is used to record information relating to the user's browsing on the website. The user can deactivate this cookie using the settings in his or her browser software.<\/span><span style=\"font-size: 10.5pt;\"><br><\/span><\/p>\n<p style=\"text-align: justify; text-justify: inter-ideograph;\"><b><span style=\"font-size: 10.5pt;\">ARTICLE 6: Intellectual property<\/span><\/b><span style=\"font-size: 10.5pt;\"><br><\/span><\/p>\n<p style=\"text-align: justify; text-justify: inter-ideograph;\"><span style=\"font-size: 10.5pt;\">Any use, reproduction, distribution, marketing or modification of all or part of the site is strictly prohibited. <u>lyrique-belle-ile.com<\/u> without the publisher's authorization is prohibited and may result in legal action as provided for in the French Intellectual Property Code and the French Civil Code.<\/span><span style=\"font-size: 10.5pt;\"><br><\/span><\/p>\t\t\t\t\t\t\t\t<\/div>\n\t\t\t\t\t<\/div>\n\t\t<\/div>\n\t\t\t\t\t<\/div>\n\t\t<\/section>\n\t\t\t\t<section class=\"elementor-section elementor-top-section elementor-element elementor-element-30590e6 elementor-section-boxed elementor-section-height-default elementor-section-height-default\" data-id=\"30590e6\" data-element_type=\"section\" data-e-type=\"section\">\n\t\t\t\t\t\t<div class=\"elementor-container elementor-column-gap-default\">\n\t\t\t\t\t<div class=\"elementor-column elementor-col-100 elementor-top-column elementor-element elementor-element-dd325c0\" data-id=\"dd325c0\" data-element_type=\"column\" data-e-type=\"column\">\n\t\t\t<div class=\"elementor-widget-wrap elementor-element-populated\">\n\t\t\t\t\t\t<div class=\"elementor-element elementor-element-bf39e7d elementor-widget elementor-widget-spacer\" data-id=\"bf39e7d\" data-element_type=\"widget\" data-e-type=\"widget\" data-widget_type=\"spacer.default\">\n\t\t\t\t\t\t\t<div class=\"elementor-spacer\">\n\t\t\t<div class=\"elementor-spacer-inner\"><\/div>\n\t\t<\/div>\n\t\t\t\t\t\t<\/div>\n\t\t\t\t\t<\/div>\n\t\t<\/div>\n\t\t\t\t\t<\/div>\n\t\t<\/section>\n\t\t\t\t<\/div>","protected":false},"excerpt":{"rendered":"<p>Mentions l\u00e9gales en vigueur au 17\/03\/2020 Conform\u00e9ment aux dispositions des articles 6-III et 19 de la loi n\u00b02004-575 du 21 juin 2004 pour la confiance dans l\u2019\u00e9conomie num\u00e9rique, dite L.C.E.N., il est port\u00e9 \u00e0 la connaissance des utilisateurs du site lyrique-belle-ile.com les pr\u00e9sentes mentions l\u00e9gales. La connexion et la navigation sur le site lyrique-belle-ile.com par [&hellip;]<\/p>\n","protected":false},"author":2,"featured_media":0,"parent":0,"menu_order":0,"comment_status":"closed","ping_status":"closed","template":"elementor_header_footer","meta":{"inline_featured_image":false,"footnotes":""},"class_list":["post-748","page","type-page","status-publish","hentry"],"yoast_head":"<!-- This site is optimized with the Yoast SEO plugin v27.3 - https:\/\/yoast.com\/product\/yoast-seo-wordpress\/ -->\n<title>Mentions l\u00e9gales - Lyrique en Mer<\/title>\n<meta name=\"robots\" content=\"index, follow, max-snippet:-1, max-image-preview:large, max-video-preview:-1\" \/>\n<link rel=\"canonical\" href=\"https:\/\/lyrique-belle-ile.com\/en\/mentions-legales\/\" \/>\n<meta property=\"og:locale\" content=\"en_US\" \/>\n<meta property=\"og:type\" content=\"article\" \/>\n<meta property=\"og:title\" content=\"Mentions l\u00e9gales - Lyrique en Mer\" \/>\n<meta property=\"og:description\" content=\"Mentions l\u00e9gales en vigueur au 17\/03\/2020 Conform\u00e9ment aux dispositions des articles 6-III et 19 de la loi n\u00b02004-575 du 21 juin 2004 pour la confiance dans l\u2019\u00e9conomie num\u00e9rique, dite L.C.E.N., il est port\u00e9 \u00e0 la connaissance des utilisateurs du site lyrique-belle-ile.com les pr\u00e9sentes mentions l\u00e9gales. La connexion et la navigation sur le site lyrique-belle-ile.com par [&hellip;]\" \/>\n<meta property=\"og:url\" content=\"https:\/\/lyrique-belle-ile.com\/en\/mentions-legales\/\" \/>\n<meta property=\"og:site_name\" content=\"Lyrique en Mer\" \/>\n<meta property=\"article:publisher\" content=\"https:\/\/www.facebook.com\/lyriqueenmer\" \/>\n<meta property=\"article:modified_time\" content=\"2021-10-19T13:36:51+00:00\" \/>\n<meta name=\"twitter:card\" content=\"summary_large_image\" \/>\n<meta name=\"twitter:site\" content=\"@FestivalLyrique\" \/>\n<meta name=\"twitter:label1\" content=\"Est. reading time\" \/>\n\t<meta name=\"twitter:data1\" content=\"2 minutes\" \/>\n<script type=\"application\/ld+json\" class=\"yoast-schema-graph\">{\"@context\":\"https:\\\/\\\/schema.org\",\"@graph\":[{\"@type\":\"WebPage\",\"@id\":\"https:\\\/\\\/lyrique-belle-ile.com\\\/mentions-legales\\\/\",\"url\":\"https:\\\/\\\/lyrique-belle-ile.com\\\/mentions-legales\\\/\",\"name\":\"Mentions l\u00e9gales - Lyrique en Mer\",\"isPartOf\":{\"@id\":\"https:\\\/\\\/lyrique-belle-ile.com\\\/#website\"},\"datePublished\":\"2020-03-17T18:29:38+00:00\",\"dateModified\":\"2021-10-19T13:36:51+00:00\",\"breadcrumb\":{\"@id\":\"https:\\\/\\\/lyrique-belle-ile.com\\\/mentions-legales\\\/#breadcrumb\"},\"inLanguage\":\"en-US\",\"potentialAction\":[{\"@type\":\"ReadAction\",\"target\":[\"https:\\\/\\\/lyrique-belle-ile.com\\\/mentions-legales\\\/\"]}]},{\"@type\":\"BreadcrumbList\",\"@id\":\"https:\\\/\\\/lyrique-belle-ile.com\\\/mentions-legales\\\/#breadcrumb\",\"itemListElement\":[{\"@type\":\"ListItem\",\"position\":1,\"name\":\"Accueil\",\"item\":\"https:\\\/\\\/lyrique-belle-ile.com\\\/\"},{\"@type\":\"ListItem\",\"position\":2,\"name\":\"Mentions l\u00e9gales\"}]},{\"@type\":\"WebSite\",\"@id\":\"https:\\\/\\\/lyrique-belle-ile.com\\\/#website\",\"url\":\"https:\\\/\\\/lyrique-belle-ile.com\\\/\",\"name\":\"Lyrique en Mer\",\"description\":\"Festival International de Belle Ile\",\"publisher\":{\"@id\":\"https:\\\/\\\/lyrique-belle-ile.com\\\/#organization\"},\"potentialAction\":[{\"@type\":\"SearchAction\",\"target\":{\"@type\":\"EntryPoint\",\"urlTemplate\":\"https:\\\/\\\/lyrique-belle-ile.com\\\/?s={search_term_string}\"},\"query-input\":{\"@type\":\"PropertyValueSpecification\",\"valueRequired\":true,\"valueName\":\"search_term_string\"}}],\"inLanguage\":\"en-US\"},{\"@type\":\"Organization\",\"@id\":\"https:\\\/\\\/lyrique-belle-ile.com\\\/#organization\",\"name\":\"Lyrique en Mer\",\"url\":\"https:\\\/\\\/lyrique-belle-ile.com\\\/\",\"logo\":{\"@type\":\"ImageObject\",\"inLanguage\":\"en-US\",\"@id\":\"https:\\\/\\\/lyrique-belle-ile.com\\\/#\\\/schema\\\/logo\\\/image\\\/\",\"url\":\"https:\\\/\\\/lyrique-belle-ile.com\\\/wp-content\\\/uploads\\\/2025\\\/05\\\/Logo-site-internet-violet-350-x-100-px.svg\",\"contentUrl\":\"https:\\\/\\\/lyrique-belle-ile.com\\\/wp-content\\\/uploads\\\/2025\\\/05\\\/Logo-site-internet-violet-350-x-100-px.svg\",\"width\":350,\"height\":100,\"caption\":\"Lyrique en Mer\"},\"image\":{\"@id\":\"https:\\\/\\\/lyrique-belle-ile.com\\\/#\\\/schema\\\/logo\\\/image\\\/\"},\"sameAs\":[\"https:\\\/\\\/www.facebook.com\\\/lyriqueenmer\",\"https:\\\/\\\/x.com\\\/FestivalLyrique\",\"https:\\\/\\\/www.instagram.com\\\/festivallyrique\\\/\"]}]}<\/script>\n<!-- \/ Yoast SEO plugin. -->","yoast_head_json":{"title":"Legal information - Lyrique en Mer","robots":{"index":"index","follow":"follow","max-snippet":"max-snippet:-1","max-image-preview":"max-image-preview:large","max-video-preview":"max-video-preview:-1"},"canonical":"https:\/\/lyrique-belle-ile.com\/en\/mentions-legales\/","og_locale":"en_US","og_type":"article","og_title":"Mentions l\u00e9gales - Lyrique en Mer","og_description":"Mentions l\u00e9gales en vigueur au 17\/03\/2020 Conform\u00e9ment aux dispositions des articles 6-III et 19 de la loi n\u00b02004-575 du 21 juin 2004 pour la confiance dans l\u2019\u00e9conomie num\u00e9rique, dite L.C.E.N., il est port\u00e9 \u00e0 la connaissance des utilisateurs du site lyrique-belle-ile.com les pr\u00e9sentes mentions l\u00e9gales. La connexion et la navigation sur le site lyrique-belle-ile.com par [&hellip;]","og_url":"https:\/\/lyrique-belle-ile.com\/en\/mentions-legales\/","og_site_name":"Lyrique en Mer","article_publisher":"https:\/\/www.facebook.com\/lyriqueenmer","article_modified_time":"2021-10-19T13:36:51+00:00","twitter_card":"summary_large_image","twitter_site":"@FestivalLyrique","twitter_misc":{"Est. reading time":"2 minutes"},"schema":{"@context":"https:\/\/schema.org","@graph":[{"@type":"WebPage","@id":"https:\/\/lyrique-belle-ile.com\/mentions-legales\/","url":"https:\/\/lyrique-belle-ile.com\/mentions-legales\/","name":"Legal information - Lyrique en Mer","isPartOf":{"@id":"https:\/\/lyrique-belle-ile.com\/#website"},"datePublished":"2020-03-17T18:29:38+00:00","dateModified":"2021-10-19T13:36:51+00:00","breadcrumb":{"@id":"https:\/\/lyrique-belle-ile.com\/mentions-legales\/#breadcrumb"},"inLanguage":"en-US","potentialAction":[{"@type":"ReadAction","target":["https:\/\/lyrique-belle-ile.com\/mentions-legales\/"]}]},{"@type":"BreadcrumbList","@id":"https:\/\/lyrique-belle-ile.com\/mentions-legales\/#breadcrumb","itemListElement":[{"@type":"ListItem","position":1,"name":"Accueil","item":"https:\/\/lyrique-belle-ile.com\/"},{"@type":"ListItem","position":2,"name":"Mentions l\u00e9gales"}]},{"@type":"WebSite","@id":"https:\/\/lyrique-belle-ile.com\/#website","url":"https:\/\/lyrique-belle-ile.com\/","name":"Lyrical at Sea","description":"Belle Ile International Festival","publisher":{"@id":"https:\/\/lyrique-belle-ile.com\/#organization"},"potentialAction":[{"@type":"SearchAction","target":{"@type":"EntryPoint","urlTemplate":"https:\/\/lyrique-belle-ile.com\/?s={search_term_string}"},"query-input":{"@type":"PropertyValueSpecification","valueRequired":true,"valueName":"search_term_string"}}],"inLanguage":"en-US"},{"@type":"Organization","@id":"https:\/\/lyrique-belle-ile.com\/#organization","name":"Lyrical at Sea","url":"https:\/\/lyrique-belle-ile.com\/","logo":{"@type":"ImageObject","inLanguage":"en-US","@id":"https:\/\/lyrique-belle-ile.com\/#\/schema\/logo\/image\/","url":"https:\/\/lyrique-belle-ile.com\/wp-content\/uploads\/2025\/05\/Logo-site-internet-violet-350-x-100-px.svg","contentUrl":"https:\/\/lyrique-belle-ile.com\/wp-content\/uploads\/2025\/05\/Logo-site-internet-violet-350-x-100-px.svg","width":350,"height":100,"caption":"Lyrique en Mer"},"image":{"@id":"https:\/\/lyrique-belle-ile.com\/#\/schema\/logo\/image\/"},"sameAs":["https:\/\/www.facebook.com\/lyriqueenmer","https:\/\/x.com\/FestivalLyrique","https:\/\/www.instagram.com\/festivallyrique\/"]}]}},"_links":{"self":[{"href":"https:\/\/lyrique-belle-ile.com\/en\/wp-json\/wp\/v2\/pages\/748","targetHints":{"allow":["GET"]}}],"collection":[{"href":"https:\/\/lyrique-belle-ile.com\/en\/wp-json\/wp\/v2\/pages"}],"about":[{"href":"https:\/\/lyrique-belle-ile.com\/en\/wp-json\/wp\/v2\/types\/page"}],"author":[{"embeddable":true,"href":"https:\/\/lyrique-belle-ile.com\/en\/wp-json\/wp\/v2\/users\/2"}],"replies":[{"embeddable":true,"href":"https:\/\/lyrique-belle-ile.com\/en\/wp-json\/wp\/v2\/comments?post=748"}],"version-history":[{"count":9,"href":"https:\/\/lyrique-belle-ile.com\/en\/wp-json\/wp\/v2\/pages\/748\/revisions"}],"predecessor-version":[{"id":3280,"href":"https:\/\/lyrique-belle-ile.com\/en\/wp-json\/wp\/v2\/pages\/748\/revisions\/3280"}],"wp:attachment":[{"href":"https:\/\/lyrique-belle-ile.com\/en\/wp-json\/wp\/v2\/media?parent=748"}],"curies":[{"name":"wp","href":"https:\/\/api.w.org\/{rel}","templated":true}]}}