{"id":731,"date":"2020-03-17T18:43:44","date_gmt":"2020-03-17T17:43:44","guid":{"rendered":"https:\/\/lyrique-belle-ile.com\/?page_id=731"},"modified":"2026-04-03T05:57:59","modified_gmt":"2026-04-03T04:57:59","slug":"equipe-du-festival","status":"publish","type":"page","link":"https:\/\/lyrique-belle-ile.com\/en\/equipe-du-festival\/","title":{"rendered":"Festival Team"},"content":{"rendered":"<div data-elementor-type=\"wp-page\" data-elementor-id=\"731\" class=\"elementor elementor-731\">\n\t\t\t\t<div class=\"elementor-element elementor-element-387c5064 e-flex e-con-boxed e-con e-parent\" data-id=\"387c5064\" data-element_type=\"container\" data-e-type=\"container\">\n\t\t\t\t\t<div class=\"e-con-inner\">\n\t\t\t\t<div class=\"elementor-element elementor-element-28c51420 elementor-widget-divider--view-line elementor-widget elementor-widget-divider\" data-id=\"28c51420\" data-element_type=\"widget\" data-e-type=\"widget\" data-widget_type=\"divider.default\">\n\t\t\t\t\t\t\t<div class=\"elementor-divider\">\n\t\t\t<span class=\"elementor-divider-separator\">\n\t\t\t\t\t\t<\/span>\n\t\t<\/div>\n\t\t\t\t\t\t<\/div>\n\t\t\t\t<div class=\"elementor-element elementor-element-649ab8fd elementor-widget elementor-widget-heading\" data-id=\"649ab8fd\" data-element_type=\"widget\" data-e-type=\"widget\" data-widget_type=\"heading.default\">\n\t\t\t\t\t<h1 class=\"elementor-heading-title elementor-size-default\">The Lyrique-en-mer team\n\n<\/h1>\t\t\t\t<\/div>\n\t\t\t\t\t<\/div>\n\t\t\t\t<\/div>\n\t\t<div class=\"elementor-element elementor-element-1a13009 e-flex e-con-boxed e-con e-parent\" data-id=\"1a13009\" data-element_type=\"container\" data-e-type=\"container\">\n\t\t\t\t\t<div class=\"e-con-inner\">\n\t\t\t\t<div class=\"elementor-element elementor-element-a2c23d8 elementor-widget elementor-widget-heading\" data-id=\"a2c23d8\" data-element_type=\"widget\" data-e-type=\"widget\" data-widget_type=\"heading.default\">\n\t\t\t\t\t<h2 class=\"elementor-heading-title elementor-size-default\"><span style=\"font-weight: 700;letter-spacing: 1.2px\">Jazmin Black Grollemund<\/span> \/ <i>Artistic Director<\/i><\/h2>\t\t\t\t<\/div>\n\t\t\t\t\t<\/div>\n\t\t\t\t<\/div>\n\t\t\t\t<section class=\"elementor-section elementor-top-section elementor-element elementor-element-0e5fb75 elementor-section-boxed elementor-section-height-default elementor-section-height-default\" data-id=\"0e5fb75\" data-element_type=\"section\" data-e-type=\"section\">\n\t\t\t\t\t\t<div class=\"elementor-container elementor-column-gap-default\">\n\t\t\t\t\t<div class=\"elementor-column elementor-col-50 elementor-top-column elementor-element elementor-element-84496dc\" data-id=\"84496dc\" data-element_type=\"column\" data-e-type=\"column\">\n\t\t\t<div class=\"elementor-widget-wrap elementor-element-populated\">\n\t\t\t\t\t\t<div class=\"elementor-element elementor-element-97ad38f elementor-widget elementor-widget-text-editor\" data-id=\"97ad38f\" data-element_type=\"widget\" data-e-type=\"widget\" data-widget_type=\"text-editor.default\">\n\t\t\t\t\t\t\t\t\t<p>Based in Belle Ile, the Franco-American soprano <strong>Jazmin Black Grollemund<\/strong> who discovered the festival as a Young Artist in 2009, was already in charge of cultural and educational initiatives for Lyrique en Mer. Highly committed to projects that democratize opera singing, in 2025 she initiated the formidable \u00abCarmen Investigation\u00bb project in collaboration with the Michel Lotte secondary school and other establishments in Belle Ile and Paris. She is currently working on an educational project entitled \u00e0 <em>East of me <\/em>which will bring together 92 choristers, 7 professional artists, local partners and two schools, and will result in performances to be presented in April.<\/p><p>Jazmin Black Grollemund is also co-director and one of the principal artists of Les Vari\u00e9t\u00e9s Lyriques, a company dedicated to the creation, performance and transmission of opera.<\/p>\t\t\t\t\t\t\t\t<\/div>\n\t\t\t\t\t<\/div>\n\t\t<\/div>\n\t\t\t\t<div class=\"elementor-column elementor-col-50 elementor-top-column elementor-element elementor-element-cabbe5e\" data-id=\"cabbe5e\" data-element_type=\"column\" data-e-type=\"column\">\n\t\t\t<div class=\"elementor-widget-wrap elementor-element-populated\">\n\t\t\t\t\t\t<div class=\"elementor-element elementor-element-015496b elementor-widget elementor-widget-image\" data-id=\"015496b\" data-element_type=\"widget\" data-e-type=\"widget\" data-widget_type=\"image.default\">\n\t\t\t\t\t\t\t\t\t\t\t\t\t\t\t<img fetchpriority=\"high\" decoding=\"async\" width=\"768\" height=\"1152\" src=\"https:\/\/lyrique-belle-ile.com\/wp-content\/uploads\/2025\/11\/JBG_creditt_Brian_Downie-copie-768x1152.jpg\" class=\"attachment-medium_large size-medium_large wp-image-9049\" alt=\"\" srcset=\"https:\/\/lyrique-belle-ile.com\/wp-content\/uploads\/2025\/11\/JBG_creditt_Brian_Downie-copie-768x1152.jpg 768w, https:\/\/lyrique-belle-ile.com\/wp-content\/uploads\/2025\/11\/JBG_creditt_Brian_Downie-copie-200x300.jpg 200w, https:\/\/lyrique-belle-ile.com\/wp-content\/uploads\/2025\/11\/JBG_creditt_Brian_Downie-copie-683x1024.jpg 683w, https:\/\/lyrique-belle-ile.com\/wp-content\/uploads\/2025\/11\/JBG_creditt_Brian_Downie-copie-1024x1536.jpg 1024w, https:\/\/lyrique-belle-ile.com\/wp-content\/uploads\/2025\/11\/JBG_creditt_Brian_Downie-copie-1365x2048.jpg 1365w, https:\/\/lyrique-belle-ile.com\/wp-content\/uploads\/2025\/11\/JBG_creditt_Brian_Downie-copie-8x12.jpg 8w, https:\/\/lyrique-belle-ile.com\/wp-content\/uploads\/2025\/11\/JBG_creditt_Brian_Downie-copie-scaled.jpg 1707w\" sizes=\"(max-width: 768px) 100vw, 768px\" \/>\t\t\t\t\t\t\t\t\t\t\t\t\t\t\t<\/div>\n\t\t\t\t<div class=\"elementor-element elementor-element-ea2fefb elementor-widget elementor-widget-text-editor\" data-id=\"ea2fefb\" data-element_type=\"widget\" data-e-type=\"widget\" data-widget_type=\"text-editor.default\">\n\t\t\t\t\t\t\t\t\t<p>Photo credit: Brian Downie<\/p>\t\t\t\t\t\t\t\t<\/div>\n\t\t\t\t\t<\/div>\n\t\t<\/div>\n\t\t\t\t\t<\/div>\n\t\t<\/section>\n\t\t<div class=\"elementor-element elementor-element-8312b28 e-flex e-con-boxed e-con e-parent\" data-id=\"8312b28\" data-element_type=\"container\" data-e-type=\"container\">\n\t\t\t\t\t<div class=\"e-con-inner\">\n\t\t\t\t<div class=\"elementor-element elementor-element-3b75794 elementor-widget elementor-widget-heading\" data-id=\"3b75794\" data-element_type=\"widget\" data-e-type=\"widget\" data-widget_type=\"heading.default\">\n\t\t\t\t\t<h2 class=\"elementor-heading-title elementor-size-default\"><b>Brigitte Clair<\/b>\/ <i>Choir director<\/i><\/h2>\t\t\t\t<\/div>\n\t\t\t\t\t<\/div>\n\t\t\t\t<\/div>\n\t\t\t\t<section class=\"elementor-section elementor-top-section elementor-element elementor-element-2227da5 elementor-section-boxed elementor-section-height-default elementor-section-height-default\" data-id=\"2227da5\" data-element_type=\"section\" data-e-type=\"section\">\n\t\t\t\t\t\t<div class=\"elementor-container elementor-column-gap-default\">\n\t\t\t\t\t<div class=\"elementor-column elementor-col-50 elementor-top-column elementor-element elementor-element-854c010\" data-id=\"854c010\" data-element_type=\"column\" data-e-type=\"column\">\n\t\t\t<div class=\"elementor-widget-wrap elementor-element-populated\">\n\t\t\t\t\t\t<div class=\"elementor-element elementor-element-2f0fce4 elementor-widget elementor-widget-text-editor\" data-id=\"2f0fce4\" data-element_type=\"widget\" data-e-type=\"widget\" data-widget_type=\"text-editor.default\">\n\t\t\t\t\t\t\t\t\t<p><span class=\"a_GcMg font-feature-liga-off font-feature-clig-off font-feature-calt-off text-decoration-none text-strikethrough-none\">A prestigious career for this native of Rennes, who has been everywhere and rubbed shoulders with some of the greatest names in the musical world... After winning two first prizes in piano and viola at the CNR de Rennes at the age of 14, Brigitte Clair went on to study piano, chamber music, composition and accompaniment at the CNSM de Paris, where she won the Concours International de Sonates de Vierzon. Pianist at the Ecole d'art lyrique de l'Op\u00e9ra de Paris, she went on to work with the Op\u00e9ra National de Paris, Th\u00e9\u00e2tre des Champs Elys\u00e9es, Festival d'Aix-en-Provence, Festival Radio-France Montpellier, Palazetto Bru Zane, Radio France, Deutsch Oper Berlin, Bologna, Lausanne...and as far afield as China, performing classical repertoire and contemporary creations. In demand as a harpsichordist and pianist, she becomes the musical assistant to conductors such as R. Jacobs (Cosi fan tutte at the Champs Elys\u00e9es...) or E.Pido( Cenerentola...), collaborates with B.Ha\u00eetink for an anthological Pell\u00e9as et M\u00e9lisande, with Kurt Masur, M.W.Chung at RadioFrance for Messiaen's Saint-Fran\u00e7ois d'Assise, Carmen...and many other premieres, as well as with \u00c8ve Ruggieri, J-M Damian and regularly performs with the NFB (January 2024 Carmina Burana with Ludovic T\u00e9zier at the Th\u00e9\u00e2tre des Champs-\u00c9lys\u00e9es). Accompanying artists such as Jean-Pierre Wallez, Maxence Larrieu, Anne-Sophie Von Otter, Franck Ferrari, Magdalena Kozena, Vincent Le Texier, Marianne Cr\u00e9bassa, Timoth\u00e9e Varon, Elsa Benoit...the Festivals of P\u00e9rigord Noir, Septembre Musical de l'Orne, Chartres, Ile de France, Cagnes-sur-Mer, Ramatuelle, Rennes, Moscow Contemporary Music, Switzerland, Spain, Italy and even China regularly invite her. For the 2018 season, she joined the P\u00f4le Sup\u00e9rieur de Dijon as vocal director and continues to collaborate with numerous theaters and festivals (Clermont, Lyon, Menuhin Festival in Gstaadt, Berlioz Festival in La C\u00f4te Saint Andr\u00e9 , Festival de la Trinit\u00e9 sur mer, Op\u00e9raComique ,Musicatreize, ... as vocal director and recitalist with singers. She continues to work with Philippe Jaroussky at his academy. Developing numerous projects in Brittany with the Compagnie La Voce dell'Alma, she works with the Triforium choir in Vannes as guest conductor.<\/span><\/p>\t\t\t\t\t\t\t\t<\/div>\n\t\t\t\t\t<\/div>\n\t\t<\/div>\n\t\t\t\t<div class=\"elementor-column elementor-col-50 elementor-top-column elementor-element elementor-element-68a0054\" data-id=\"68a0054\" data-element_type=\"column\" data-e-type=\"column\">\n\t\t\t<div class=\"elementor-widget-wrap elementor-element-populated\">\n\t\t\t\t\t\t<div class=\"elementor-element elementor-element-87a80a1 elementor-widget elementor-widget-image\" data-id=\"87a80a1\" data-element_type=\"widget\" data-e-type=\"widget\" data-widget_type=\"image.default\">\n\t\t\t\t\t\t\t\t\t\t\t\t\t\t\t<img decoding=\"async\" width=\"320\" height=\"240\" src=\"https:\/\/lyrique-belle-ile.com\/wp-content\/uploads\/2026\/01\/BrigitteClair.jpg\" class=\"attachment-large size-large wp-image-9147\" alt=\"\" srcset=\"https:\/\/lyrique-belle-ile.com\/wp-content\/uploads\/2026\/01\/BrigitteClair.jpg 320w, https:\/\/lyrique-belle-ile.com\/wp-content\/uploads\/2026\/01\/BrigitteClair-300x225.jpg 300w, https:\/\/lyrique-belle-ile.com\/wp-content\/uploads\/2026\/01\/BrigitteClair-16x12.jpg 16w\" sizes=\"(max-width: 320px) 100vw, 320px\" \/>\t\t\t\t\t\t\t\t\t\t\t\t\t\t\t<\/div>\n\t\t\t\t\t<\/div>\n\t\t<\/div>\n\t\t\t\t\t<\/div>\n\t\t<\/section>\n\t\t<div class=\"elementor-element elementor-element-735501a e-flex e-con-boxed e-con e-parent\" data-id=\"735501a\" data-element_type=\"container\" data-e-type=\"container\">\n\t\t\t\t\t<div class=\"e-con-inner\">\n\t\t\t\t<div class=\"elementor-element elementor-element-04bb29e elementor-widget elementor-widget-heading\" data-id=\"04bb29e\" data-element_type=\"widget\" data-e-type=\"widget\" data-widget_type=\"heading.default\">\n\t\t\t\t\t<h2 class=\"elementor-heading-title elementor-size-default\"><b>Board of directors<\/b><\/h2>\t\t\t\t<\/div>\n\t\t\t\t<div class=\"elementor-element elementor-element-6d29e37 elementor-widget elementor-widget-text-editor\" data-id=\"6d29e37\" data-element_type=\"widget\" data-e-type=\"widget\" data-widget_type=\"text-editor.default\">\n\t\t\t\t\t\t\t\t\t<p>Lyrique-en-mer is an association under the 1901 law. Since 2005, the Board of Directors has contributed to the realization of all projects. It is made up of :<\/p>\t\t\t\t\t\t\t\t<\/div>\n\t\t\t\t<div class=\"elementor-element elementor-element-cb1077d elementor-widget elementor-widget-image\" data-id=\"cb1077d\" data-element_type=\"widget\" data-e-type=\"widget\" data-widget_type=\"image.default\">\n\t\t\t\t\t\t\t\t\t\t\t\t\t\t\t<img decoding=\"async\" width=\"800\" height=\"566\" src=\"https:\/\/lyrique-belle-ile.com\/wp-content\/uploads\/2026\/04\/CA-2026-1-1024x724.png\" class=\"attachment-large size-large wp-image-9316\" alt=\"\" srcset=\"https:\/\/lyrique-belle-ile.com\/wp-content\/uploads\/2026\/04\/CA-2026-1-1024x724.png 1024w, https:\/\/lyrique-belle-ile.com\/wp-content\/uploads\/2026\/04\/CA-2026-1-300x212.png 300w, https:\/\/lyrique-belle-ile.com\/wp-content\/uploads\/2026\/04\/CA-2026-1-768x543.png 768w, https:\/\/lyrique-belle-ile.com\/wp-content\/uploads\/2026\/04\/CA-2026-1-1536x1086.png 1536w, https:\/\/lyrique-belle-ile.com\/wp-content\/uploads\/2026\/04\/CA-2026-1-18x12.png 18w, https:\/\/lyrique-belle-ile.com\/wp-content\/uploads\/2026\/04\/CA-2026-1.png 2000w\" sizes=\"(max-width: 800px) 100vw, 800px\" \/>\t\t\t\t\t\t\t\t\t\t\t\t\t\t\t<\/div>\n\t\t\t\t<div class=\"elementor-element elementor-element-02a15d3 elementor-widget-divider--view-line elementor-widget elementor-widget-divider\" data-id=\"02a15d3\" data-element_type=\"widget\" data-e-type=\"widget\" data-widget_type=\"divider.default\">\n\t\t\t\t\t\t\t<div class=\"elementor-divider\">\n\t\t\t<span class=\"elementor-divider-separator\">\n\t\t\t\t\t\t<\/span>\n\t\t<\/div>\n\t\t\t\t\t\t<\/div>\n\t\t\t\t\t<\/div>\n\t\t\t\t<\/div>\n\t\t<div class=\"elementor-element elementor-element-befc92c e-flex e-con-boxed e-con e-parent\" data-id=\"befc92c\" data-element_type=\"container\" data-e-type=\"container\">\n\t\t\t\t\t<div class=\"e-con-inner\">\n\t\t\t\t<div class=\"elementor-element elementor-element-f898edf elementor-widget elementor-widget-image\" data-id=\"f898edf\" data-element_type=\"widget\" data-e-type=\"widget\" data-widget_type=\"image.default\">\n\t\t\t\t\t\t\t\t\t\t\t\t\t\t\t\t<a href=\"https:\/\/www.radiofrance.fr\/francemusique\">\n\t\t\t\t\t\t\t<img loading=\"lazy\" decoding=\"async\" width=\"800\" height=\"225\" src=\"https:\/\/lyrique-belle-ile.com\/wp-content\/uploads\/2020\/02\/FM_Ete2023_1600x450-1024x288.png\" class=\"attachment-large size-large wp-image-6324\" alt=\"\" srcset=\"https:\/\/lyrique-belle-ile.com\/wp-content\/uploads\/2020\/02\/FM_Ete2023_1600x450-1024x288.png 1024w, https:\/\/lyrique-belle-ile.com\/wp-content\/uploads\/2020\/02\/FM_Ete2023_1600x450-300x84.png 300w, https:\/\/lyrique-belle-ile.com\/wp-content\/uploads\/2020\/02\/FM_Ete2023_1600x450-768x216.png 768w, https:\/\/lyrique-belle-ile.com\/wp-content\/uploads\/2020\/02\/FM_Ete2023_1600x450-1536x432.png 1536w, https:\/\/lyrique-belle-ile.com\/wp-content\/uploads\/2020\/02\/FM_Ete2023_1600x450-18x5.png 18w, https:\/\/lyrique-belle-ile.com\/wp-content\/uploads\/2020\/02\/FM_Ete2023_1600x450.png 1600w\" sizes=\"(max-width: 800px) 100vw, 800px\" \/>\t\t\t\t\t\t\t\t<\/a>\n\t\t\t\t\t\t\t\t\t\t\t\t\t\t\t<\/div>\n\t\t\t\t\t<\/div>\n\t\t\t\t<\/div>\n\t\t\t\t<\/div>","protected":false},"excerpt":{"rendered":"<p>L&rsquo;\u00e9quipe de Lyrique-en-mer Jazmin Black Grollemund \/ Directeur Artistique Implant\u00e9e \u00e0 Belle Ile, la soprano franco-am\u00e9ricaine Jazmin Black Grollemund qui a d\u00e9couvert le festival en tant que Jeune Artiste en 2009, \u00e9tait d\u00e9j\u00e0 en charge des actions culturelles et p\u00e9dagogiques pour Lyrique en Mer. Tr\u00e8s investie dans les projets qui d\u00e9mocratisent le chant lyrique, elle [&hellip;]<\/p>\n","protected":false},"author":2,"featured_media":0,"parent":0,"menu_order":0,"comment_status":"closed","ping_status":"closed","template":"","meta":{"inline_featured_image":false,"footnotes":""},"class_list":["post-731","page","type-page","status-publish","hentry"],"yoast_head":"<!-- This site is optimized with the Yoast SEO plugin v27.5 - https:\/\/yoast.com\/product\/yoast-seo-wordpress\/ -->\n<title>\u00c9quipe du Festival - Lyrique en Mer<\/title>\n<meta name=\"robots\" content=\"index, follow, max-snippet:-1, max-image-preview:large, max-video-preview:-1\" \/>\n<link rel=\"canonical\" href=\"https:\/\/lyrique-belle-ile.com\/en\/equipe-du-festival\/\" \/>\n<meta property=\"og:locale\" content=\"en_US\" \/>\n<meta property=\"og:type\" content=\"article\" \/>\n<meta property=\"og:title\" content=\"\u00c9quipe du Festival - Lyrique en Mer\" \/>\n<meta property=\"og:description\" content=\"L&rsquo;\u00e9quipe de Lyrique-en-mer Jazmin Black Grollemund \/ Directeur Artistique Implant\u00e9e \u00e0 Belle Ile, la soprano franco-am\u00e9ricaine Jazmin Black Grollemund qui a d\u00e9couvert le festival en tant que Jeune Artiste en 2009, \u00e9tait d\u00e9j\u00e0 en charge des actions culturelles et p\u00e9dagogiques pour Lyrique en Mer. Tr\u00e8s investie dans les projets qui d\u00e9mocratisent le chant lyrique, elle [&hellip;]\" \/>\n<meta property=\"og:url\" content=\"https:\/\/lyrique-belle-ile.com\/en\/equipe-du-festival\/\" \/>\n<meta property=\"og:site_name\" content=\"Lyrique en Mer\" \/>\n<meta property=\"article:publisher\" content=\"https:\/\/www.facebook.com\/lyriqueenmer\" \/>\n<meta property=\"article:modified_time\" content=\"2026-04-03T04:57:59+00:00\" \/>\n<meta property=\"og:image\" content=\"https:\/\/lyrique-belle-ile.com\/wp-content\/uploads\/2025\/11\/JBG_creditt_Brian_Downie-copie-scaled.jpg\" \/>\n\t<meta property=\"og:image:width\" content=\"1707\" \/>\n\t<meta property=\"og:image:height\" content=\"2560\" \/>\n\t<meta property=\"og:image:type\" content=\"image\/jpeg\" \/>\n<meta name=\"twitter:card\" content=\"summary_large_image\" \/>\n<meta name=\"twitter:site\" content=\"@FestivalLyrique\" \/>\n<meta name=\"twitter:label1\" content=\"Est. reading time\" \/>\n\t<meta name=\"twitter:data1\" content=\"4 minutes\" \/>\n<script type=\"application\/ld+json\" class=\"yoast-schema-graph\">{\"@context\":\"https:\\\/\\\/schema.org\",\"@graph\":[{\"@type\":\"WebPage\",\"@id\":\"https:\\\/\\\/lyrique-belle-ile.com\\\/equipe-du-festival\\\/\",\"url\":\"https:\\\/\\\/lyrique-belle-ile.com\\\/equipe-du-festival\\\/\",\"name\":\"\u00c9quipe du Festival - Lyrique en Mer\",\"isPartOf\":{\"@id\":\"https:\\\/\\\/lyrique-belle-ile.com\\\/#website\"},\"primaryImageOfPage\":{\"@id\":\"https:\\\/\\\/lyrique-belle-ile.com\\\/equipe-du-festival\\\/#primaryimage\"},\"image\":{\"@id\":\"https:\\\/\\\/lyrique-belle-ile.com\\\/equipe-du-festival\\\/#primaryimage\"},\"thumbnailUrl\":\"https:\\\/\\\/lyrique-belle-ile.com\\\/wp-content\\\/uploads\\\/2025\\\/11\\\/JBG_creditt_Brian_Downie-copie-768x1152.jpg\",\"datePublished\":\"2020-03-17T17:43:44+00:00\",\"dateModified\":\"2026-04-03T04:57:59+00:00\",\"breadcrumb\":{\"@id\":\"https:\\\/\\\/lyrique-belle-ile.com\\\/equipe-du-festival\\\/#breadcrumb\"},\"inLanguage\":\"en-US\",\"potentialAction\":[{\"@type\":\"ReadAction\",\"target\":[\"https:\\\/\\\/lyrique-belle-ile.com\\\/equipe-du-festival\\\/\"]}]},{\"@type\":\"ImageObject\",\"inLanguage\":\"en-US\",\"@id\":\"https:\\\/\\\/lyrique-belle-ile.com\\\/equipe-du-festival\\\/#primaryimage\",\"url\":\"https:\\\/\\\/lyrique-belle-ile.com\\\/wp-content\\\/uploads\\\/2025\\\/11\\\/JBG_creditt_Brian_Downie-copie-768x1152.jpg\",\"contentUrl\":\"https:\\\/\\\/lyrique-belle-ile.com\\\/wp-content\\\/uploads\\\/2025\\\/11\\\/JBG_creditt_Brian_Downie-copie-768x1152.jpg\"},{\"@type\":\"BreadcrumbList\",\"@id\":\"https:\\\/\\\/lyrique-belle-ile.com\\\/equipe-du-festival\\\/#breadcrumb\",\"itemListElement\":[{\"@type\":\"ListItem\",\"position\":1,\"name\":\"Accueil\",\"item\":\"https:\\\/\\\/lyrique-belle-ile.com\\\/\"},{\"@type\":\"ListItem\",\"position\":2,\"name\":\"\u00c9quipe du Festival\"}]},{\"@type\":\"WebSite\",\"@id\":\"https:\\\/\\\/lyrique-belle-ile.com\\\/#website\",\"url\":\"https:\\\/\\\/lyrique-belle-ile.com\\\/\",\"name\":\"Lyrique en Mer\",\"description\":\"Festival International de Belle Ile\",\"publisher\":{\"@id\":\"https:\\\/\\\/lyrique-belle-ile.com\\\/#organization\"},\"potentialAction\":[{\"@type\":\"SearchAction\",\"target\":{\"@type\":\"EntryPoint\",\"urlTemplate\":\"https:\\\/\\\/lyrique-belle-ile.com\\\/?s={search_term_string}\"},\"query-input\":{\"@type\":\"PropertyValueSpecification\",\"valueRequired\":true,\"valueName\":\"search_term_string\"}}],\"inLanguage\":\"en-US\"},{\"@type\":\"Organization\",\"@id\":\"https:\\\/\\\/lyrique-belle-ile.com\\\/#organization\",\"name\":\"Lyrique en Mer\",\"url\":\"https:\\\/\\\/lyrique-belle-ile.com\\\/\",\"logo\":{\"@type\":\"ImageObject\",\"inLanguage\":\"en-US\",\"@id\":\"https:\\\/\\\/lyrique-belle-ile.com\\\/#\\\/schema\\\/logo\\\/image\\\/\",\"url\":\"https:\\\/\\\/lyrique-belle-ile.com\\\/wp-content\\\/uploads\\\/2025\\\/05\\\/Logo-site-internet-violet-350-x-100-px.svg\",\"contentUrl\":\"https:\\\/\\\/lyrique-belle-ile.com\\\/wp-content\\\/uploads\\\/2025\\\/05\\\/Logo-site-internet-violet-350-x-100-px.svg\",\"width\":350,\"height\":100,\"caption\":\"Lyrique en Mer\"},\"image\":{\"@id\":\"https:\\\/\\\/lyrique-belle-ile.com\\\/#\\\/schema\\\/logo\\\/image\\\/\"},\"sameAs\":[\"https:\\\/\\\/www.facebook.com\\\/lyriqueenmer\",\"https:\\\/\\\/x.com\\\/FestivalLyrique\",\"https:\\\/\\\/www.instagram.com\\\/festivallyrique\\\/\"]}]}<\/script>\n<!-- \/ Yoast SEO plugin. -->","yoast_head_json":{"title":"Festival Team - Lyrique en Mer","robots":{"index":"index","follow":"follow","max-snippet":"max-snippet:-1","max-image-preview":"max-image-preview:large","max-video-preview":"max-video-preview:-1"},"canonical":"https:\/\/lyrique-belle-ile.com\/en\/equipe-du-festival\/","og_locale":"en_US","og_type":"article","og_title":"\u00c9quipe du Festival - Lyrique en Mer","og_description":"L&rsquo;\u00e9quipe de Lyrique-en-mer Jazmin Black Grollemund \/ Directeur Artistique Implant\u00e9e \u00e0 Belle Ile, la soprano franco-am\u00e9ricaine Jazmin Black Grollemund qui a d\u00e9couvert le festival en tant que Jeune Artiste en 2009, \u00e9tait d\u00e9j\u00e0 en charge des actions culturelles et p\u00e9dagogiques pour Lyrique en Mer. Tr\u00e8s investie dans les projets qui d\u00e9mocratisent le chant lyrique, elle [&hellip;]","og_url":"https:\/\/lyrique-belle-ile.com\/en\/equipe-du-festival\/","og_site_name":"Lyrique en Mer","article_publisher":"https:\/\/www.facebook.com\/lyriqueenmer","article_modified_time":"2026-04-03T04:57:59+00:00","og_image":[{"width":1707,"height":2560,"url":"https:\/\/lyrique-belle-ile.com\/wp-content\/uploads\/2025\/11\/JBG_creditt_Brian_Downie-copie-scaled.jpg","type":"image\/jpeg"}],"twitter_card":"summary_large_image","twitter_site":"@FestivalLyrique","twitter_misc":{"Est. reading time":"4 minutes"},"schema":{"@context":"https:\/\/schema.org","@graph":[{"@type":"WebPage","@id":"https:\/\/lyrique-belle-ile.com\/equipe-du-festival\/","url":"https:\/\/lyrique-belle-ile.com\/equipe-du-festival\/","name":"Festival Team - Lyrique en Mer","isPartOf":{"@id":"https:\/\/lyrique-belle-ile.com\/#website"},"primaryImageOfPage":{"@id":"https:\/\/lyrique-belle-ile.com\/equipe-du-festival\/#primaryimage"},"image":{"@id":"https:\/\/lyrique-belle-ile.com\/equipe-du-festival\/#primaryimage"},"thumbnailUrl":"https:\/\/lyrique-belle-ile.com\/wp-content\/uploads\/2025\/11\/JBG_creditt_Brian_Downie-copie-768x1152.jpg","datePublished":"2020-03-17T17:43:44+00:00","dateModified":"2026-04-03T04:57:59+00:00","breadcrumb":{"@id":"https:\/\/lyrique-belle-ile.com\/equipe-du-festival\/#breadcrumb"},"inLanguage":"en-US","potentialAction":[{"@type":"ReadAction","target":["https:\/\/lyrique-belle-ile.com\/equipe-du-festival\/"]}]},{"@type":"ImageObject","inLanguage":"en-US","@id":"https:\/\/lyrique-belle-ile.com\/equipe-du-festival\/#primaryimage","url":"https:\/\/lyrique-belle-ile.com\/wp-content\/uploads\/2025\/11\/JBG_creditt_Brian_Downie-copie-768x1152.jpg","contentUrl":"https:\/\/lyrique-belle-ile.com\/wp-content\/uploads\/2025\/11\/JBG_creditt_Brian_Downie-copie-768x1152.jpg"},{"@type":"BreadcrumbList","@id":"https:\/\/lyrique-belle-ile.com\/equipe-du-festival\/#breadcrumb","itemListElement":[{"@type":"ListItem","position":1,"name":"Accueil","item":"https:\/\/lyrique-belle-ile.com\/"},{"@type":"ListItem","position":2,"name":"\u00c9quipe du Festival"}]},{"@type":"WebSite","@id":"https:\/\/lyrique-belle-ile.com\/#website","url":"https:\/\/lyrique-belle-ile.com\/","name":"Lyrical at Sea","description":"Belle Ile International Festival","publisher":{"@id":"https:\/\/lyrique-belle-ile.com\/#organization"},"potentialAction":[{"@type":"SearchAction","target":{"@type":"EntryPoint","urlTemplate":"https:\/\/lyrique-belle-ile.com\/?s={search_term_string}"},"query-input":{"@type":"PropertyValueSpecification","valueRequired":true,"valueName":"search_term_string"}}],"inLanguage":"en-US"},{"@type":"Organization","@id":"https:\/\/lyrique-belle-ile.com\/#organization","name":"Lyrical at Sea","url":"https:\/\/lyrique-belle-ile.com\/","logo":{"@type":"ImageObject","inLanguage":"en-US","@id":"https:\/\/lyrique-belle-ile.com\/#\/schema\/logo\/image\/","url":"https:\/\/lyrique-belle-ile.com\/wp-content\/uploads\/2025\/05\/Logo-site-internet-violet-350-x-100-px.svg","contentUrl":"https:\/\/lyrique-belle-ile.com\/wp-content\/uploads\/2025\/05\/Logo-site-internet-violet-350-x-100-px.svg","width":350,"height":100,"caption":"Lyrique en Mer"},"image":{"@id":"https:\/\/lyrique-belle-ile.com\/#\/schema\/logo\/image\/"},"sameAs":["https:\/\/www.facebook.com\/lyriqueenmer","https:\/\/x.com\/FestivalLyrique","https:\/\/www.instagram.com\/festivallyrique\/"]}]}},"_links":{"self":[{"href":"https:\/\/lyrique-belle-ile.com\/en\/wp-json\/wp\/v2\/pages\/731","targetHints":{"allow":["GET"]}}],"collection":[{"href":"https:\/\/lyrique-belle-ile.com\/en\/wp-json\/wp\/v2\/pages"}],"about":[{"href":"https:\/\/lyrique-belle-ile.com\/en\/wp-json\/wp\/v2\/types\/page"}],"author":[{"embeddable":true,"href":"https:\/\/lyrique-belle-ile.com\/en\/wp-json\/wp\/v2\/users\/2"}],"replies":[{"embeddable":true,"href":"https:\/\/lyrique-belle-ile.com\/en\/wp-json\/wp\/v2\/comments?post=731"}],"version-history":[{"count":186,"href":"https:\/\/lyrique-belle-ile.com\/en\/wp-json\/wp\/v2\/pages\/731\/revisions"}],"predecessor-version":[{"id":9319,"href":"https:\/\/lyrique-belle-ile.com\/en\/wp-json\/wp\/v2\/pages\/731\/revisions\/9319"}],"wp:attachment":[{"href":"https:\/\/lyrique-belle-ile.com\/en\/wp-json\/wp\/v2\/media?parent=731"}],"curies":[{"name":"wp","href":"https:\/\/api.w.org\/{rel}","templated":true}]}}