{"id":6495,"date":"2023-07-04T13:14:15","date_gmt":"2023-07-04T12:14:15","guid":{"rendered":"https:\/\/lyrique-belle-ile.com\/?page_id=6495"},"modified":"2025-04-24T15:53:12","modified_gmt":"2025-04-24T14:53:12","slug":"devenir-benevoles","status":"publish","type":"page","link":"https:\/\/lyrique-belle-ile.com\/en\/devenir-benevoles\/","title":{"rendered":"Become a volunteer"},"content":{"rendered":"<div data-elementor-type=\"wp-page\" data-elementor-id=\"6495\" class=\"elementor elementor-6495\">\n\t\t\t\t<div class=\"elementor-element elementor-element-bf88687 e-flex e-con-boxed e-con e-parent\" data-id=\"bf88687\" data-element_type=\"container\" data-e-type=\"container\">\n\t\t\t\t\t<div class=\"e-con-inner\">\n\t\t\t\t<div class=\"elementor-element elementor-element-ab12996 elementor-widget-divider--view-line elementor-widget elementor-widget-divider\" data-id=\"ab12996\" data-element_type=\"widget\" data-e-type=\"widget\" data-widget_type=\"divider.default\">\n\t\t\t\t\t\t\t<div class=\"elementor-divider\">\n\t\t\t<span class=\"elementor-divider-separator\">\n\t\t\t\t\t\t<\/span>\n\t\t<\/div>\n\t\t\t\t\t\t<\/div>\n\t\t\t\t<div class=\"elementor-element elementor-element-f8ff660 elementor-widget elementor-widget-heading\" data-id=\"f8ff660\" data-element_type=\"widget\" data-e-type=\"widget\" data-widget_type=\"heading.default\">\n\t\t\t\t\t<h2 class=\"elementor-heading-title elementor-size-default\">Become a volunteer<\/h2>\t\t\t\t<\/div>\n\t\t\t\t<div class=\"elementor-element elementor-element-2ebffc1 elementor-widget elementor-widget-text-editor\" data-id=\"2ebffc1\" data-element_type=\"widget\" data-e-type=\"widget\" data-widget_type=\"text-editor.default\">\n\t\t\t\t\t\t\t\t\t<p>Join a dynamic team and take part in the cultural life of Belliloise.\u00a0<\/p><p>Your help is invaluable throughout the year during the shows organized to celebrate the new year and for the spring concert. But particularly in summer, during the Lyrique-en-mer international festival.<\/p><p>Several missions are offered depending on your availability, your desires and your interests:<\/p><ul><li>Reception of the public during concert evenings \u2013 you will be in charge of welcoming them, checking their tickets and if necessary, accompanying them to their seats.\u00a0<\/li><li>Set up and take down of concerts \u2013 each event requires certain logistics depending on the location of the concert. You may be required to set up chairs or signage for the public.\u00a0<\/li><li>Bar management during intermissions \u2013 most concerts have an intermission during which a bar is set up. You will have the opportunity to serve or run the cash register.\u00a0<\/li><li>Prepare meals for artists \u2013 we often provide artists, volunteers and board members with catering to feed them when they are at events. Your cordon bleu talents will then be more than appreciated!\u00a0<\/li><li>Island-wide poster and flyer distribution - posters and programs are displayed in a large number of shops, hotels, workshops and restaurants on the island.\u00a0<\/li><li>Presence on the markets \u2013 on certain market days, a ticket office is held and flyers are distributed to publicize the various events.<\/li><\/ul><p>We'd like to thank all those who have contributed their time and energy, and we're organising a few surprises for the volunteers.<\/p><p><strong>If you have any questions or require further information, please do not hesitate to contact Isabelle, the volunteer manager, at the following e-mail address: <span style=\"text-decoration: underline;\"><em>contact@lyrique-belle-ile.com<\/em><\/span><\/strong><\/p>\t\t\t\t\t\t\t\t<\/div>\n\t\t\t\t\t<\/div>\n\t\t\t\t<\/div>\n\t\t\t\t<\/div>","protected":false},"excerpt":{"rendered":"<p>Devenir b\u00e9n\u00e9vole Rejoignez une \u00e9quipe dynamique et prenez part \u00e0 la vie culturelle belliloise.\u00a0 Votre aide est pr\u00e9cieuse tout au long de l&rsquo;ann\u00e9e lors des spectacles organis\u00e9s pour c\u00e9l\u00e9brer la nouvelle ann\u00e9e et pour le concert de printemps. Mais particuli\u00e8rement l&rsquo;\u00e9t\u00e9, pendant le festival international de Lyrique-en-mer. Plusieurs missions sont propos\u00e9es en fonction de vos [&hellip;]<\/p>\n","protected":false},"author":2,"featured_media":0,"parent":0,"menu_order":0,"comment_status":"closed","ping_status":"closed","template":"","meta":{"inline_featured_image":false,"footnotes":""},"class_list":["post-6495","page","type-page","status-publish","hentry"],"yoast_head":"<!-- This site is optimized with the Yoast SEO plugin v27.3 - https:\/\/yoast.com\/product\/yoast-seo-wordpress\/ -->\n<title>Devenir b\u00e9n\u00e9voles - Lyrique en Mer<\/title>\n<meta name=\"robots\" content=\"index, follow, max-snippet:-1, max-image-preview:large, max-video-preview:-1\" \/>\n<link rel=\"canonical\" href=\"https:\/\/lyrique-belle-ile.com\/en\/devenir-benevoles\/\" \/>\n<meta property=\"og:locale\" content=\"en_US\" \/>\n<meta property=\"og:type\" content=\"article\" \/>\n<meta property=\"og:title\" content=\"Devenir b\u00e9n\u00e9voles - Lyrique en Mer\" \/>\n<meta property=\"og:description\" content=\"Devenir b\u00e9n\u00e9vole Rejoignez une \u00e9quipe dynamique et prenez part \u00e0 la vie culturelle belliloise.\u00a0 Votre aide est pr\u00e9cieuse tout au long de l&rsquo;ann\u00e9e lors des spectacles organis\u00e9s pour c\u00e9l\u00e9brer la nouvelle ann\u00e9e et pour le concert de printemps. Mais particuli\u00e8rement l&rsquo;\u00e9t\u00e9, pendant le festival international de Lyrique-en-mer. Plusieurs missions sont propos\u00e9es en fonction de vos [&hellip;]\" \/>\n<meta property=\"og:url\" content=\"https:\/\/lyrique-belle-ile.com\/en\/devenir-benevoles\/\" \/>\n<meta property=\"og:site_name\" content=\"Lyrique en Mer\" \/>\n<meta property=\"article:publisher\" content=\"https:\/\/www.facebook.com\/lyriqueenmer\" \/>\n<meta property=\"article:modified_time\" content=\"2025-04-24T14:53:12+00:00\" \/>\n<meta name=\"twitter:card\" content=\"summary_large_image\" \/>\n<meta name=\"twitter:site\" content=\"@FestivalLyrique\" \/>\n<meta name=\"twitter:label1\" content=\"Est. reading time\" \/>\n\t<meta name=\"twitter:data1\" content=\"2 minutes\" \/>\n<script type=\"application\/ld+json\" class=\"yoast-schema-graph\">{\"@context\":\"https:\\\/\\\/schema.org\",\"@graph\":[{\"@type\":\"WebPage\",\"@id\":\"https:\\\/\\\/lyrique-belle-ile.com\\\/devenir-benevoles\\\/\",\"url\":\"https:\\\/\\\/lyrique-belle-ile.com\\\/devenir-benevoles\\\/\",\"name\":\"Devenir b\u00e9n\u00e9voles - Lyrique en Mer\",\"isPartOf\":{\"@id\":\"https:\\\/\\\/lyrique-belle-ile.com\\\/#website\"},\"datePublished\":\"2023-07-04T12:14:15+00:00\",\"dateModified\":\"2025-04-24T14:53:12+00:00\",\"breadcrumb\":{\"@id\":\"https:\\\/\\\/lyrique-belle-ile.com\\\/devenir-benevoles\\\/#breadcrumb\"},\"inLanguage\":\"en-US\",\"potentialAction\":[{\"@type\":\"ReadAction\",\"target\":[\"https:\\\/\\\/lyrique-belle-ile.com\\\/devenir-benevoles\\\/\"]}]},{\"@type\":\"BreadcrumbList\",\"@id\":\"https:\\\/\\\/lyrique-belle-ile.com\\\/devenir-benevoles\\\/#breadcrumb\",\"itemListElement\":[{\"@type\":\"ListItem\",\"position\":1,\"name\":\"Accueil\",\"item\":\"https:\\\/\\\/lyrique-belle-ile.com\\\/\"},{\"@type\":\"ListItem\",\"position\":2,\"name\":\"Devenir b\u00e9n\u00e9voles\"}]},{\"@type\":\"WebSite\",\"@id\":\"https:\\\/\\\/lyrique-belle-ile.com\\\/#website\",\"url\":\"https:\\\/\\\/lyrique-belle-ile.com\\\/\",\"name\":\"Lyrique en Mer\",\"description\":\"Festival International de Belle Ile\",\"publisher\":{\"@id\":\"https:\\\/\\\/lyrique-belle-ile.com\\\/#organization\"},\"potentialAction\":[{\"@type\":\"SearchAction\",\"target\":{\"@type\":\"EntryPoint\",\"urlTemplate\":\"https:\\\/\\\/lyrique-belle-ile.com\\\/?s={search_term_string}\"},\"query-input\":{\"@type\":\"PropertyValueSpecification\",\"valueRequired\":true,\"valueName\":\"search_term_string\"}}],\"inLanguage\":\"en-US\"},{\"@type\":\"Organization\",\"@id\":\"https:\\\/\\\/lyrique-belle-ile.com\\\/#organization\",\"name\":\"Lyrique en Mer\",\"url\":\"https:\\\/\\\/lyrique-belle-ile.com\\\/\",\"logo\":{\"@type\":\"ImageObject\",\"inLanguage\":\"en-US\",\"@id\":\"https:\\\/\\\/lyrique-belle-ile.com\\\/#\\\/schema\\\/logo\\\/image\\\/\",\"url\":\"https:\\\/\\\/lyrique-belle-ile.com\\\/wp-content\\\/uploads\\\/2025\\\/05\\\/Logo-site-internet-violet-350-x-100-px.svg\",\"contentUrl\":\"https:\\\/\\\/lyrique-belle-ile.com\\\/wp-content\\\/uploads\\\/2025\\\/05\\\/Logo-site-internet-violet-350-x-100-px.svg\",\"width\":350,\"height\":100,\"caption\":\"Lyrique en Mer\"},\"image\":{\"@id\":\"https:\\\/\\\/lyrique-belle-ile.com\\\/#\\\/schema\\\/logo\\\/image\\\/\"},\"sameAs\":[\"https:\\\/\\\/www.facebook.com\\\/lyriqueenmer\",\"https:\\\/\\\/x.com\\\/FestivalLyrique\",\"https:\\\/\\\/www.instagram.com\\\/festivallyrique\\\/\"]}]}<\/script>\n<!-- \/ Yoast SEO plugin. -->","yoast_head_json":{"title":"Become a volunteer - Lyrique en Mer","robots":{"index":"index","follow":"follow","max-snippet":"max-snippet:-1","max-image-preview":"max-image-preview:large","max-video-preview":"max-video-preview:-1"},"canonical":"https:\/\/lyrique-belle-ile.com\/en\/devenir-benevoles\/","og_locale":"en_US","og_type":"article","og_title":"Devenir b\u00e9n\u00e9voles - Lyrique en Mer","og_description":"Devenir b\u00e9n\u00e9vole Rejoignez une \u00e9quipe dynamique et prenez part \u00e0 la vie culturelle belliloise.\u00a0 Votre aide est pr\u00e9cieuse tout au long de l&rsquo;ann\u00e9e lors des spectacles organis\u00e9s pour c\u00e9l\u00e9brer la nouvelle ann\u00e9e et pour le concert de printemps. Mais particuli\u00e8rement l&rsquo;\u00e9t\u00e9, pendant le festival international de Lyrique-en-mer. Plusieurs missions sont propos\u00e9es en fonction de vos [&hellip;]","og_url":"https:\/\/lyrique-belle-ile.com\/en\/devenir-benevoles\/","og_site_name":"Lyrique en Mer","article_publisher":"https:\/\/www.facebook.com\/lyriqueenmer","article_modified_time":"2025-04-24T14:53:12+00:00","twitter_card":"summary_large_image","twitter_site":"@FestivalLyrique","twitter_misc":{"Est. reading time":"2 minutes"},"schema":{"@context":"https:\/\/schema.org","@graph":[{"@type":"WebPage","@id":"https:\/\/lyrique-belle-ile.com\/devenir-benevoles\/","url":"https:\/\/lyrique-belle-ile.com\/devenir-benevoles\/","name":"Become a volunteer - Lyrique en Mer","isPartOf":{"@id":"https:\/\/lyrique-belle-ile.com\/#website"},"datePublished":"2023-07-04T12:14:15+00:00","dateModified":"2025-04-24T14:53:12+00:00","breadcrumb":{"@id":"https:\/\/lyrique-belle-ile.com\/devenir-benevoles\/#breadcrumb"},"inLanguage":"en-US","potentialAction":[{"@type":"ReadAction","target":["https:\/\/lyrique-belle-ile.com\/devenir-benevoles\/"]}]},{"@type":"BreadcrumbList","@id":"https:\/\/lyrique-belle-ile.com\/devenir-benevoles\/#breadcrumb","itemListElement":[{"@type":"ListItem","position":1,"name":"Accueil","item":"https:\/\/lyrique-belle-ile.com\/"},{"@type":"ListItem","position":2,"name":"Devenir b\u00e9n\u00e9voles"}]},{"@type":"WebSite","@id":"https:\/\/lyrique-belle-ile.com\/#website","url":"https:\/\/lyrique-belle-ile.com\/","name":"Lyrical at Sea","description":"Belle Ile International Festival","publisher":{"@id":"https:\/\/lyrique-belle-ile.com\/#organization"},"potentialAction":[{"@type":"SearchAction","target":{"@type":"EntryPoint","urlTemplate":"https:\/\/lyrique-belle-ile.com\/?s={search_term_string}"},"query-input":{"@type":"PropertyValueSpecification","valueRequired":true,"valueName":"search_term_string"}}],"inLanguage":"en-US"},{"@type":"Organization","@id":"https:\/\/lyrique-belle-ile.com\/#organization","name":"Lyrical at Sea","url":"https:\/\/lyrique-belle-ile.com\/","logo":{"@type":"ImageObject","inLanguage":"en-US","@id":"https:\/\/lyrique-belle-ile.com\/#\/schema\/logo\/image\/","url":"https:\/\/lyrique-belle-ile.com\/wp-content\/uploads\/2025\/05\/Logo-site-internet-violet-350-x-100-px.svg","contentUrl":"https:\/\/lyrique-belle-ile.com\/wp-content\/uploads\/2025\/05\/Logo-site-internet-violet-350-x-100-px.svg","width":350,"height":100,"caption":"Lyrique en Mer"},"image":{"@id":"https:\/\/lyrique-belle-ile.com\/#\/schema\/logo\/image\/"},"sameAs":["https:\/\/www.facebook.com\/lyriqueenmer","https:\/\/x.com\/FestivalLyrique","https:\/\/www.instagram.com\/festivallyrique\/"]}]}},"_links":{"self":[{"href":"https:\/\/lyrique-belle-ile.com\/en\/wp-json\/wp\/v2\/pages\/6495","targetHints":{"allow":["GET"]}}],"collection":[{"href":"https:\/\/lyrique-belle-ile.com\/en\/wp-json\/wp\/v2\/pages"}],"about":[{"href":"https:\/\/lyrique-belle-ile.com\/en\/wp-json\/wp\/v2\/types\/page"}],"author":[{"embeddable":true,"href":"https:\/\/lyrique-belle-ile.com\/en\/wp-json\/wp\/v2\/users\/2"}],"replies":[{"embeddable":true,"href":"https:\/\/lyrique-belle-ile.com\/en\/wp-json\/wp\/v2\/comments?post=6495"}],"version-history":[{"count":16,"href":"https:\/\/lyrique-belle-ile.com\/en\/wp-json\/wp\/v2\/pages\/6495\/revisions"}],"predecessor-version":[{"id":8518,"href":"https:\/\/lyrique-belle-ile.com\/en\/wp-json\/wp\/v2\/pages\/6495\/revisions\/8518"}],"wp:attachment":[{"href":"https:\/\/lyrique-belle-ile.com\/en\/wp-json\/wp\/v2\/media?parent=6495"}],"curies":[{"name":"wp","href":"https:\/\/api.w.org\/{rel}","templated":true}]}}