{"id":6229,"date":"2023-05-09T13:02:33","date_gmt":"2023-05-09T12:02:33","guid":{"rendered":"https:\/\/lyrique-belle-ile.com\/?page_id=6229"},"modified":"2026-03-13T10:57:44","modified_gmt":"2026-03-13T09:57:44","slug":"venez-chanter-kids","status":"publish","type":"page","link":"https:\/\/lyrique-belle-ile.com\/en\/venez-chanter-kids\/","title":{"rendered":"Venez Chanter KIDS"},"content":{"rendered":"<div data-elementor-type=\"wp-page\" data-elementor-id=\"6229\" class=\"elementor elementor-6229\">\n\t\t\t\t<div class=\"elementor-element elementor-element-43d36b7 e-flex e-con-boxed e-con e-parent\" data-id=\"43d36b7\" data-element_type=\"container\" data-e-type=\"container\">\n\t\t\t\t\t<div class=\"e-con-inner\">\n\t\t\t\t<div class=\"elementor-element elementor-element-3401e53 elementor-widget elementor-widget-text-editor\" data-id=\"3401e53\" data-element_type=\"widget\" data-e-type=\"widget\" data-widget_type=\"text-editor.default\">\n\t\t\t\t\t\t\t\t\t<h2><span style=\"letter-spacing: 1.2px; color: rgb(0, 0, 0); font-size: 15px;\">For several years, Lyrique-en-mer has offered choral singing courses to children and adolescents, allowing them to discover and perfect this artistic discipline. Every summer, a week of training is offered to around twenty young participants.<\/span><\/h2>\n<div>&nbsp;<\/div>\t\t\t\t\t\t\t\t<\/div>\n\t\t<div class=\"elementor-element elementor-element-68e0af1 e-grid e-con-boxed e-con e-child\" data-id=\"68e0af1\" data-element_type=\"container\" data-e-type=\"container\">\n\t\t\t\t\t<div class=\"e-con-inner\">\n\t\t\t\t<div class=\"elementor-element elementor-element-ba321e8 elementor-widget elementor-widget-image\" data-id=\"ba321e8\" data-element_type=\"widget\" data-e-type=\"widget\" data-widget_type=\"image.default\">\n\t\t\t\t\t\t\t\t\t\t\t\t\t\t\t<img fetchpriority=\"high\" decoding=\"async\" width=\"721\" height=\"1024\" src=\"https:\/\/lyrique-belle-ile.com\/wp-content\/uploads\/2026\/03\/Venez-Chanter-Kids-Recto-721x1024.png\" class=\"attachment-large size-large wp-image-9282\" alt=\"\" srcset=\"https:\/\/lyrique-belle-ile.com\/wp-content\/uploads\/2026\/03\/Venez-Chanter-Kids-Recto-721x1024.png 721w, https:\/\/lyrique-belle-ile.com\/wp-content\/uploads\/2026\/03\/Venez-Chanter-Kids-Recto-211x300.png 211w, https:\/\/lyrique-belle-ile.com\/wp-content\/uploads\/2026\/03\/Venez-Chanter-Kids-Recto-768x1090.png 768w, https:\/\/lyrique-belle-ile.com\/wp-content\/uploads\/2026\/03\/Venez-Chanter-Kids-Recto-1082x1536.png 1082w, https:\/\/lyrique-belle-ile.com\/wp-content\/uploads\/2026\/03\/Venez-Chanter-Kids-Recto-8x12.png 8w, https:\/\/lyrique-belle-ile.com\/wp-content\/uploads\/2026\/03\/Venez-Chanter-Kids-Recto.png 1409w\" sizes=\"(max-width: 721px) 100vw, 721px\" \/>\t\t\t\t\t\t\t\t\t\t\t\t\t\t\t<\/div>\n\t\t\t\t<div class=\"elementor-element elementor-element-ae1f9fe elementor-widget elementor-widget-image\" data-id=\"ae1f9fe\" data-element_type=\"widget\" data-e-type=\"widget\" data-widget_type=\"image.default\">\n\t\t\t\t\t\t\t\t\t\t\t\t\t\t\t<img decoding=\"async\" width=\"721\" height=\"1024\" src=\"https:\/\/lyrique-belle-ile.com\/wp-content\/uploads\/2026\/03\/Venez-Chanter-Kids-Verso-721x1024.png\" class=\"attachment-large size-large wp-image-9283\" alt=\"\" srcset=\"https:\/\/lyrique-belle-ile.com\/wp-content\/uploads\/2026\/03\/Venez-Chanter-Kids-Verso-721x1024.png 721w, https:\/\/lyrique-belle-ile.com\/wp-content\/uploads\/2026\/03\/Venez-Chanter-Kids-Verso-211x300.png 211w, https:\/\/lyrique-belle-ile.com\/wp-content\/uploads\/2026\/03\/Venez-Chanter-Kids-Verso-768x1090.png 768w, https:\/\/lyrique-belle-ile.com\/wp-content\/uploads\/2026\/03\/Venez-Chanter-Kids-Verso-1082x1536.png 1082w, https:\/\/lyrique-belle-ile.com\/wp-content\/uploads\/2026\/03\/Venez-Chanter-Kids-Verso-8x12.png 8w, https:\/\/lyrique-belle-ile.com\/wp-content\/uploads\/2026\/03\/Venez-Chanter-Kids-Verso.png 1409w\" sizes=\"(max-width: 721px) 100vw, 721px\" \/>\t\t\t\t\t\t\t\t\t\t\t\t\t\t\t<\/div>\n\t\t\t\t\t<\/div>\n\t\t\t\t<\/div>\n\t\t\t\t<div class=\"elementor-element elementor-element-396fce4 elementor-align-center elementor-widget elementor-widget-button\" data-id=\"396fce4\" data-element_type=\"widget\" data-e-type=\"widget\" data-widget_type=\"button.default\">\n\t\t\t\t\t\t\t\t\t\t<a class=\"elementor-button elementor-button-link elementor-size-sm\" href=\"https:\/\/www.helloasso.com\/associations\/festival-lyrique-international-de-belle-ile-en-mer\/boutiques\/venez-chanter-kids-2026\">\n\t\t\t\t\t\t<span class=\"elementor-button-content-wrapper\">\n\t\t\t\t\t\t\t\t\t<span class=\"elementor-button-text\">Online enrolment<\/span>\n\t\t\t\t\t<\/span>\n\t\t\t\t\t<\/a>\n\t\t\t\t\t\t\t\t<\/div>\n\t\t\t\t<div class=\"elementor-element elementor-element-b820dbb elementor-widget-divider--view-line elementor-widget elementor-widget-divider\" data-id=\"b820dbb\" data-element_type=\"widget\" data-e-type=\"widget\" data-widget_type=\"divider.default\">\n\t\t\t\t\t\t\t<div class=\"elementor-divider\">\n\t\t\t<span class=\"elementor-divider-separator\">\n\t\t\t\t\t\t<\/span>\n\t\t<\/div>\n\t\t\t\t\t\t<\/div>\n\t\t\t\t\t<\/div>\n\t\t\t\t<\/div>\n\t\t<div class=\"elementor-element elementor-element-e8cff00 elementor-hidden-desktop elementor-hidden-tablet elementor-hidden-mobile e-flex e-con-boxed e-con e-parent\" data-id=\"e8cff00\" data-element_type=\"container\" data-e-type=\"container\">\n\t\t\t\t\t<div class=\"e-con-inner\">\n\t\t\t\t<div class=\"elementor-element elementor-element-5c9d967 elementor-widget elementor-widget-text-editor\" data-id=\"5c9d967\" data-element_type=\"widget\" data-e-type=\"widget\" data-widget_type=\"text-editor.default\">\n\t\t\t\t\t\t\t\t\t<h2>Want to discover or deepen choral singing?\u00a0<\/h2>\t\t\t\t\t\t\t\t<\/div>\n\t\t\t\t<div class=\"elementor-element elementor-element-6dd8ee0 elementor-widget elementor-widget-text-editor\" data-id=\"6dd8ee0\" data-element_type=\"widget\" data-e-type=\"widget\" data-widget_type=\"text-editor.default\">\n\t\t\t\t\t\t\t\t\t<p>Lyrique-en-mer will soon be back with a new internship in 2024. In the meantime, immerse yourself in the memories of the 2023 summer internship.<\/p>\t\t\t\t\t\t\t\t<\/div>\n\t\t\t\t\t<\/div>\n\t\t\t\t<\/div>\n\t\t<div class=\"elementor-element elementor-element-2540a33 e-flex e-con-boxed e-con e-parent\" data-id=\"2540a33\" data-element_type=\"container\" data-e-type=\"container\">\n\t\t\t\t\t<div class=\"e-con-inner\">\n\t\t\t\t<div class=\"elementor-element elementor-element-fe1152b elementor-arrows-position-inside elementor-pagination-position-outside elementor-widget elementor-widget-image-carousel\" data-id=\"fe1152b\" data-element_type=\"widget\" data-e-type=\"widget\" data-settings=\"{&quot;navigation&quot;:&quot;both&quot;,&quot;autoplay&quot;:&quot;yes&quot;,&quot;pause_on_hover&quot;:&quot;yes&quot;,&quot;pause_on_interaction&quot;:&quot;yes&quot;,&quot;autoplay_speed&quot;:5000,&quot;infinite&quot;:&quot;yes&quot;,&quot;speed&quot;:500}\" data-widget_type=\"image-carousel.default\">\n\t\t\t\t\t\t\t<div class=\"elementor-image-carousel-wrapper swiper\" role=\"region\" aria-roledescription=\"carousel\" aria-label=\"Image carousel\" dir=\"ltr\">\n\t\t\t<div class=\"elementor-image-carousel swiper-wrapper\" aria-live=\"off\">\n\t\t\t\t\t\t\t\t<div class=\"swiper-slide\" role=\"group\" aria-roledescription=\"slide\" aria-label=\"1 sur 4\"><figure class=\"swiper-slide-inner\"><img decoding=\"async\" class=\"swiper-slide-image\" src=\"https:\/\/lyrique-belle-ile.com\/wp-content\/uploads\/2023\/08\/Restitution-2023-Stage-enfantsA\u00a9Vincent-Quint-9-300x200.jpg\" alt=\"Stage Chant Choral - \u00a9Vincent Quint\" \/><\/figure><\/div><div class=\"swiper-slide\" role=\"group\" aria-roledescription=\"slide\" aria-label=\"2 sur 4\"><figure class=\"swiper-slide-inner\"><img decoding=\"async\" class=\"swiper-slide-image\" src=\"https:\/\/lyrique-belle-ile.com\/wp-content\/uploads\/2023\/08\/Restitution-2023-Stage-enfantsA\u00a9Vincent-Quint-3-300x200.jpg\" alt=\"Stage Chant Choral - \u00a9Vincent Quint\" \/><\/figure><\/div><div class=\"swiper-slide\" role=\"group\" aria-roledescription=\"slide\" aria-label=\"3 sur 4\"><figure class=\"swiper-slide-inner\"><img decoding=\"async\" class=\"swiper-slide-image\" src=\"https:\/\/lyrique-belle-ile.com\/wp-content\/uploads\/2023\/08\/Restitution-2023-Stage-enfantsA\u00a9Vincent-Quint-4-300x200.jpg\" alt=\"\u00a9Vincent Quint\" \/><\/figure><\/div><div class=\"swiper-slide\" role=\"group\" aria-roledescription=\"slide\" aria-label=\"4 sur 4\"><figure class=\"swiper-slide-inner\"><img decoding=\"async\" class=\"swiper-slide-image\" src=\"https:\/\/lyrique-belle-ile.com\/wp-content\/uploads\/2023\/08\/Restitution-2023-Stage-enfantsA\u00a9Vincent-Quint-5-300x200.jpg\" alt=\"\u00a9Vincent Quint\" \/><\/figure><\/div>\t\t\t<\/div>\n\t\t\t\t\t\t\t\t\t\t\t\t<div class=\"elementor-swiper-button elementor-swiper-button-prev\" role=\"button\" tabindex=\"0\">\n\t\t\t\t\t\t<i aria-hidden=\"true\" class=\"eicon-chevron-left\"><\/i>\t\t\t\t\t<\/div>\n\t\t\t\t\t<div class=\"elementor-swiper-button elementor-swiper-button-next\" role=\"button\" tabindex=\"0\">\n\t\t\t\t\t\t<i aria-hidden=\"true\" class=\"eicon-chevron-right\"><\/i>\t\t\t\t\t<\/div>\n\t\t\t\t\n\t\t\t\t\t\t\t\t\t<div class=\"swiper-pagination\"><\/div>\n\t\t\t\t\t\t\t\t\t<\/div>\n\t\t\t\t\t\t<\/div>\n\t\t\t\t\t<\/div>\n\t\t\t\t<\/div>\n\t\t\t\t<\/div>","protected":false},"excerpt":{"rendered":"<p>Depuis plusieurs ann\u00e9es, Lyrique-en-mer propose des stages de chant choral aux enfants et aux adolescents, leur permettant de d\u00e9couvrir et de perfectionner cette discipline artistique. Chaque \u00e9t\u00e9, une semaine de stage est propos\u00e9e \u00e0 une vingtaine de jeunes participants. &nbsp; Inscription en ligne Envie de d\u00e9couvrir ou d&rsquo;approfondir le chant choral ?\u00a0 Lyrique-en-mer sera bient\u00f4t [&hellip;]<\/p>\n","protected":false},"author":2,"featured_media":0,"parent":0,"menu_order":0,"comment_status":"closed","ping_status":"closed","template":"","meta":{"inline_featured_image":false,"footnotes":""},"class_list":["post-6229","page","type-page","status-publish","hentry"],"yoast_head":"<!-- This site is optimized with the Yoast SEO plugin v27.4 - https:\/\/yoast.com\/product\/yoast-seo-wordpress\/ -->\n<title>Venez Chanter KIDS - Lyrique en Mer<\/title>\n<meta name=\"robots\" content=\"index, follow, max-snippet:-1, max-image-preview:large, max-video-preview:-1\" \/>\n<link rel=\"canonical\" href=\"https:\/\/lyrique-belle-ile.com\/en\/venez-chanter-kids\/\" \/>\n<meta property=\"og:locale\" content=\"en_US\" \/>\n<meta property=\"og:type\" content=\"article\" \/>\n<meta property=\"og:title\" content=\"Venez Chanter KIDS - Lyrique en Mer\" \/>\n<meta property=\"og:description\" content=\"Depuis plusieurs ann\u00e9es, Lyrique-en-mer propose des stages de chant choral aux enfants et aux adolescents, leur permettant de d\u00e9couvrir et de perfectionner cette discipline artistique. Chaque \u00e9t\u00e9, une semaine de stage est propos\u00e9e \u00e0 une vingtaine de jeunes participants. &nbsp; Inscription en ligne Envie de d\u00e9couvrir ou d&rsquo;approfondir le chant choral ?\u00a0 Lyrique-en-mer sera bient\u00f4t [&hellip;]\" \/>\n<meta property=\"og:url\" content=\"https:\/\/lyrique-belle-ile.com\/en\/venez-chanter-kids\/\" \/>\n<meta property=\"og:site_name\" content=\"Lyrique en Mer\" \/>\n<meta property=\"article:publisher\" content=\"https:\/\/www.facebook.com\/lyriqueenmer\" \/>\n<meta property=\"article:modified_time\" content=\"2026-03-13T09:57:44+00:00\" \/>\n<meta name=\"twitter:card\" content=\"summary_large_image\" \/>\n<meta name=\"twitter:site\" content=\"@FestivalLyrique\" \/>\n<meta name=\"twitter:label1\" content=\"Est. reading time\" \/>\n\t<meta name=\"twitter:data1\" content=\"3 minutes\" \/>\n<script type=\"application\/ld+json\" class=\"yoast-schema-graph\">{\"@context\":\"https:\\\/\\\/schema.org\",\"@graph\":[{\"@type\":\"WebPage\",\"@id\":\"https:\\\/\\\/lyrique-belle-ile.com\\\/venez-chanter-kids\\\/\",\"url\":\"https:\\\/\\\/lyrique-belle-ile.com\\\/venez-chanter-kids\\\/\",\"name\":\"Venez Chanter KIDS - Lyrique en Mer\",\"isPartOf\":{\"@id\":\"https:\\\/\\\/lyrique-belle-ile.com\\\/#website\"},\"primaryImageOfPage\":{\"@id\":\"https:\\\/\\\/lyrique-belle-ile.com\\\/venez-chanter-kids\\\/#primaryimage\"},\"image\":{\"@id\":\"https:\\\/\\\/lyrique-belle-ile.com\\\/venez-chanter-kids\\\/#primaryimage\"},\"thumbnailUrl\":\"https:\\\/\\\/lyrique-belle-ile.com\\\/wp-content\\\/uploads\\\/2026\\\/03\\\/Venez-Chanter-Kids-Recto-721x1024.png\",\"datePublished\":\"2023-05-09T12:02:33+00:00\",\"dateModified\":\"2026-03-13T09:57:44+00:00\",\"breadcrumb\":{\"@id\":\"https:\\\/\\\/lyrique-belle-ile.com\\\/venez-chanter-kids\\\/#breadcrumb\"},\"inLanguage\":\"en-US\",\"potentialAction\":[{\"@type\":\"ReadAction\",\"target\":[\"https:\\\/\\\/lyrique-belle-ile.com\\\/venez-chanter-kids\\\/\"]}]},{\"@type\":\"ImageObject\",\"inLanguage\":\"en-US\",\"@id\":\"https:\\\/\\\/lyrique-belle-ile.com\\\/venez-chanter-kids\\\/#primaryimage\",\"url\":\"https:\\\/\\\/lyrique-belle-ile.com\\\/wp-content\\\/uploads\\\/2026\\\/03\\\/Venez-Chanter-Kids-Recto-721x1024.png\",\"contentUrl\":\"https:\\\/\\\/lyrique-belle-ile.com\\\/wp-content\\\/uploads\\\/2026\\\/03\\\/Venez-Chanter-Kids-Recto-721x1024.png\"},{\"@type\":\"BreadcrumbList\",\"@id\":\"https:\\\/\\\/lyrique-belle-ile.com\\\/venez-chanter-kids\\\/#breadcrumb\",\"itemListElement\":[{\"@type\":\"ListItem\",\"position\":1,\"name\":\"Accueil\",\"item\":\"https:\\\/\\\/lyrique-belle-ile.com\\\/\"},{\"@type\":\"ListItem\",\"position\":2,\"name\":\"Venez Chanter KIDS\"}]},{\"@type\":\"WebSite\",\"@id\":\"https:\\\/\\\/lyrique-belle-ile.com\\\/#website\",\"url\":\"https:\\\/\\\/lyrique-belle-ile.com\\\/\",\"name\":\"Lyrique en Mer\",\"description\":\"Festival International de Belle Ile\",\"publisher\":{\"@id\":\"https:\\\/\\\/lyrique-belle-ile.com\\\/#organization\"},\"potentialAction\":[{\"@type\":\"SearchAction\",\"target\":{\"@type\":\"EntryPoint\",\"urlTemplate\":\"https:\\\/\\\/lyrique-belle-ile.com\\\/?s={search_term_string}\"},\"query-input\":{\"@type\":\"PropertyValueSpecification\",\"valueRequired\":true,\"valueName\":\"search_term_string\"}}],\"inLanguage\":\"en-US\"},{\"@type\":\"Organization\",\"@id\":\"https:\\\/\\\/lyrique-belle-ile.com\\\/#organization\",\"name\":\"Lyrique en Mer\",\"url\":\"https:\\\/\\\/lyrique-belle-ile.com\\\/\",\"logo\":{\"@type\":\"ImageObject\",\"inLanguage\":\"en-US\",\"@id\":\"https:\\\/\\\/lyrique-belle-ile.com\\\/#\\\/schema\\\/logo\\\/image\\\/\",\"url\":\"https:\\\/\\\/lyrique-belle-ile.com\\\/wp-content\\\/uploads\\\/2025\\\/05\\\/Logo-site-internet-violet-350-x-100-px.svg\",\"contentUrl\":\"https:\\\/\\\/lyrique-belle-ile.com\\\/wp-content\\\/uploads\\\/2025\\\/05\\\/Logo-site-internet-violet-350-x-100-px.svg\",\"width\":350,\"height\":100,\"caption\":\"Lyrique en Mer\"},\"image\":{\"@id\":\"https:\\\/\\\/lyrique-belle-ile.com\\\/#\\\/schema\\\/logo\\\/image\\\/\"},\"sameAs\":[\"https:\\\/\\\/www.facebook.com\\\/lyriqueenmer\",\"https:\\\/\\\/x.com\\\/FestivalLyrique\",\"https:\\\/\\\/www.instagram.com\\\/festivallyrique\\\/\"]}]}<\/script>\n<!-- \/ Yoast SEO plugin. -->","yoast_head_json":{"title":"Venez Chanter KIDS - Lyrique en Mer","robots":{"index":"index","follow":"follow","max-snippet":"max-snippet:-1","max-image-preview":"max-image-preview:large","max-video-preview":"max-video-preview:-1"},"canonical":"https:\/\/lyrique-belle-ile.com\/en\/venez-chanter-kids\/","og_locale":"en_US","og_type":"article","og_title":"Venez Chanter KIDS - Lyrique en Mer","og_description":"Depuis plusieurs ann\u00e9es, Lyrique-en-mer propose des stages de chant choral aux enfants et aux adolescents, leur permettant de d\u00e9couvrir et de perfectionner cette discipline artistique. Chaque \u00e9t\u00e9, une semaine de stage est propos\u00e9e \u00e0 une vingtaine de jeunes participants. &nbsp; Inscription en ligne Envie de d\u00e9couvrir ou d&rsquo;approfondir le chant choral ?\u00a0 Lyrique-en-mer sera bient\u00f4t [&hellip;]","og_url":"https:\/\/lyrique-belle-ile.com\/en\/venez-chanter-kids\/","og_site_name":"Lyrique en Mer","article_publisher":"https:\/\/www.facebook.com\/lyriqueenmer","article_modified_time":"2026-03-13T09:57:44+00:00","twitter_card":"summary_large_image","twitter_site":"@FestivalLyrique","twitter_misc":{"Est. reading time":"3 minutes"},"schema":{"@context":"https:\/\/schema.org","@graph":[{"@type":"WebPage","@id":"https:\/\/lyrique-belle-ile.com\/venez-chanter-kids\/","url":"https:\/\/lyrique-belle-ile.com\/venez-chanter-kids\/","name":"Venez Chanter KIDS - Lyrique en Mer","isPartOf":{"@id":"https:\/\/lyrique-belle-ile.com\/#website"},"primaryImageOfPage":{"@id":"https:\/\/lyrique-belle-ile.com\/venez-chanter-kids\/#primaryimage"},"image":{"@id":"https:\/\/lyrique-belle-ile.com\/venez-chanter-kids\/#primaryimage"},"thumbnailUrl":"https:\/\/lyrique-belle-ile.com\/wp-content\/uploads\/2026\/03\/Venez-Chanter-Kids-Recto-721x1024.png","datePublished":"2023-05-09T12:02:33+00:00","dateModified":"2026-03-13T09:57:44+00:00","breadcrumb":{"@id":"https:\/\/lyrique-belle-ile.com\/venez-chanter-kids\/#breadcrumb"},"inLanguage":"en-US","potentialAction":[{"@type":"ReadAction","target":["https:\/\/lyrique-belle-ile.com\/venez-chanter-kids\/"]}]},{"@type":"ImageObject","inLanguage":"en-US","@id":"https:\/\/lyrique-belle-ile.com\/venez-chanter-kids\/#primaryimage","url":"https:\/\/lyrique-belle-ile.com\/wp-content\/uploads\/2026\/03\/Venez-Chanter-Kids-Recto-721x1024.png","contentUrl":"https:\/\/lyrique-belle-ile.com\/wp-content\/uploads\/2026\/03\/Venez-Chanter-Kids-Recto-721x1024.png"},{"@type":"BreadcrumbList","@id":"https:\/\/lyrique-belle-ile.com\/venez-chanter-kids\/#breadcrumb","itemListElement":[{"@type":"ListItem","position":1,"name":"Accueil","item":"https:\/\/lyrique-belle-ile.com\/"},{"@type":"ListItem","position":2,"name":"Venez Chanter KIDS"}]},{"@type":"WebSite","@id":"https:\/\/lyrique-belle-ile.com\/#website","url":"https:\/\/lyrique-belle-ile.com\/","name":"Lyrical at Sea","description":"Belle Ile International Festival","publisher":{"@id":"https:\/\/lyrique-belle-ile.com\/#organization"},"potentialAction":[{"@type":"SearchAction","target":{"@type":"EntryPoint","urlTemplate":"https:\/\/lyrique-belle-ile.com\/?s={search_term_string}"},"query-input":{"@type":"PropertyValueSpecification","valueRequired":true,"valueName":"search_term_string"}}],"inLanguage":"en-US"},{"@type":"Organization","@id":"https:\/\/lyrique-belle-ile.com\/#organization","name":"Lyrical at Sea","url":"https:\/\/lyrique-belle-ile.com\/","logo":{"@type":"ImageObject","inLanguage":"en-US","@id":"https:\/\/lyrique-belle-ile.com\/#\/schema\/logo\/image\/","url":"https:\/\/lyrique-belle-ile.com\/wp-content\/uploads\/2025\/05\/Logo-site-internet-violet-350-x-100-px.svg","contentUrl":"https:\/\/lyrique-belle-ile.com\/wp-content\/uploads\/2025\/05\/Logo-site-internet-violet-350-x-100-px.svg","width":350,"height":100,"caption":"Lyrique en Mer"},"image":{"@id":"https:\/\/lyrique-belle-ile.com\/#\/schema\/logo\/image\/"},"sameAs":["https:\/\/www.facebook.com\/lyriqueenmer","https:\/\/x.com\/FestivalLyrique","https:\/\/www.instagram.com\/festivallyrique\/"]}]}},"_links":{"self":[{"href":"https:\/\/lyrique-belle-ile.com\/en\/wp-json\/wp\/v2\/pages\/6229","targetHints":{"allow":["GET"]}}],"collection":[{"href":"https:\/\/lyrique-belle-ile.com\/en\/wp-json\/wp\/v2\/pages"}],"about":[{"href":"https:\/\/lyrique-belle-ile.com\/en\/wp-json\/wp\/v2\/types\/page"}],"author":[{"embeddable":true,"href":"https:\/\/lyrique-belle-ile.com\/en\/wp-json\/wp\/v2\/users\/2"}],"replies":[{"embeddable":true,"href":"https:\/\/lyrique-belle-ile.com\/en\/wp-json\/wp\/v2\/comments?post=6229"}],"version-history":[{"count":56,"href":"https:\/\/lyrique-belle-ile.com\/en\/wp-json\/wp\/v2\/pages\/6229\/revisions"}],"predecessor-version":[{"id":9286,"href":"https:\/\/lyrique-belle-ile.com\/en\/wp-json\/wp\/v2\/pages\/6229\/revisions\/9286"}],"wp:attachment":[{"href":"https:\/\/lyrique-belle-ile.com\/en\/wp-json\/wp\/v2\/media?parent=6229"}],"curies":[{"name":"wp","href":"https:\/\/api.w.org\/{rel}","templated":true}]}}