{"id":124,"date":"2020-02-04T12:31:23","date_gmt":"2020-02-04T11:31:23","guid":{"rendered":"http:\/\/lyrique-belle-ile.com\/?page_id=124"},"modified":"2026-03-09T17:04:53","modified_gmt":"2026-03-09T16:04:53","slug":"billetterie","status":"publish","type":"page","link":"https:\/\/lyrique-belle-ile.com\/en\/billetterie\/","title":{"rendered":"Ticket Office"},"content":{"rendered":"<div data-elementor-type=\"wp-page\" data-elementor-id=\"124\" class=\"elementor elementor-124\">\n\t\t\t\t<div class=\"elementor-element elementor-element-30e6ea9 e-flex e-con-boxed e-con e-parent\" data-id=\"30e6ea9\" data-element_type=\"container\" data-e-type=\"container\">\n\t\t\t\t\t<div class=\"e-con-inner\">\n\t\t\t\t<div class=\"elementor-element elementor-element-3208f71 elementor-widget-divider--view-line elementor-widget elementor-widget-divider\" data-id=\"3208f71\" data-element_type=\"widget\" data-e-type=\"widget\" data-widget_type=\"divider.default\">\n\t\t\t\t\t\t\t<div class=\"elementor-divider\">\n\t\t\t<span class=\"elementor-divider-separator\">\n\t\t\t\t\t\t<\/span>\n\t\t<\/div>\n\t\t\t\t\t\t<\/div>\n\t\t<div class=\"elementor-element elementor-element-8eb7681 e-con-full e-flex e-con e-child\" data-id=\"8eb7681\" data-element_type=\"container\" data-e-type=\"container\">\n\t\t<div class=\"elementor-element elementor-element-95c002a e-grid e-con-full e-con e-child\" data-id=\"95c002a\" data-element_type=\"container\" data-e-type=\"container\">\n\t\t\t\t<div class=\"elementor-element elementor-element-2a3099c elementor-widget elementor-widget-html\" data-id=\"2a3099c\" data-element_type=\"widget\" data-e-type=\"widget\" data-widget_type=\"html.default\">\n\t\t\t\t\t<a title=\"Online ticketing software\"\r\n   href=\"https:\/\/weezevent.com\/?c=sys_widget\"\r\n   class=\"weezevent-widget-integration\"\r\n   data-src=\"https:\/\/widget.weezevent.com\/ticket\/E1808033\/?code=7262&locale=fr-FR&width_auto=1&color_primary=00AEEF\"\r\n   data-width=\"650\"\r\n   data-height=\"600\"\r\n   data-id=\"1808033\"\r\n   data-resize=\"1\"\r\n   data-width_auto=\"1\"\r\n   data-noscroll=\"0\"\r\n   data-use-container=\"yes\"\r\n   data-type=\"neo\"\r\n   target=\"_blank\">Weezevent ticket office<\/a>\r\n<script type=\"text\/javascript\" src=\"https:\/\/widget.weezevent.com\/weez.js\"><\/script>\t\t\t\t<\/div>\n\t\t\t\t<div class=\"elementor-element elementor-element-95b34c3 elementor-widget elementor-widget-image\" data-id=\"95b34c3\" data-element_type=\"widget\" data-e-type=\"widget\" data-widget_type=\"image.default\">\n\t\t\t\t\t\t\t\t\t\t\t\t\t\t\t<img fetchpriority=\"high\" decoding=\"async\" width=\"797\" height=\"1024\" src=\"https:\/\/lyrique-belle-ile.com\/wp-content\/uploads\/2026\/03\/Capture-decran-2026-03-09-163011-797x1024.png\" class=\"attachment-large size-large wp-image-9235\" alt=\"\" srcset=\"https:\/\/lyrique-belle-ile.com\/wp-content\/uploads\/2026\/03\/Capture-decran-2026-03-09-163011-797x1024.png 797w, https:\/\/lyrique-belle-ile.com\/wp-content\/uploads\/2026\/03\/Capture-decran-2026-03-09-163011-234x300.png 234w, https:\/\/lyrique-belle-ile.com\/wp-content\/uploads\/2026\/03\/Capture-decran-2026-03-09-163011-768x986.png 768w, https:\/\/lyrique-belle-ile.com\/wp-content\/uploads\/2026\/03\/Capture-decran-2026-03-09-163011-9x12.png 9w, https:\/\/lyrique-belle-ile.com\/wp-content\/uploads\/2026\/03\/Capture-decran-2026-03-09-163011.png 1111w\" sizes=\"(max-width: 797px) 100vw, 797px\" \/>\t\t\t\t\t\t\t\t\t\t\t\t\t\t\t<\/div>\n\t\t\t\t<\/div>\n\t\t\t\t<\/div>\n\t\t\t\t\t<\/div>\n\t\t\t\t<\/div>\n\t\t<div class=\"elementor-element elementor-element-4890dd2 e-flex e-con-boxed e-con e-parent\" data-id=\"4890dd2\" data-element_type=\"container\" data-e-type=\"container\">\n\t\t\t\t\t<div class=\"e-con-inner\">\n\t\t\t\t<div class=\"elementor-element elementor-element-17647f9 elementor-hidden-desktop elementor-hidden-tablet elementor-hidden-mobile elementor-widget elementor-widget-heading\" data-id=\"17647f9\" data-element_type=\"widget\" data-e-type=\"widget\" data-widget_type=\"heading.default\">\n\t\t\t\t\t<h2 class=\"elementor-heading-title elementor-size-default\">The ticket office is currently closed.<br><br>The next Festival Lyrique en Mer 2026 will take place from July 31 to August 14, 2026.<\/h2>\t\t\t\t<\/div>\n\t\t\t\t<div class=\"elementor-element elementor-element-f7c9b8e elementor-widget-divider--view-line elementor-widget elementor-widget-divider\" data-id=\"f7c9b8e\" data-element_type=\"widget\" data-e-type=\"widget\" data-widget_type=\"divider.default\">\n\t\t\t\t\t\t\t<div class=\"elementor-divider\">\n\t\t\t<span class=\"elementor-divider-separator\">\n\t\t\t\t\t\t<\/span>\n\t\t<\/div>\n\t\t\t\t\t\t<\/div>\n\t\t\t\t\t<\/div>\n\t\t\t\t<\/div>\n\t\t<div class=\"elementor-element elementor-element-9b2ae47 e-flex e-con-boxed e-con e-parent\" data-id=\"9b2ae47\" data-element_type=\"container\" data-e-type=\"container\">\n\t\t\t\t\t<div class=\"e-con-inner\">\n\t\t\t\t<div class=\"elementor-element elementor-element-c3da634 elementor-widget elementor-widget-image\" data-id=\"c3da634\" data-element_type=\"widget\" data-e-type=\"widget\" data-widget_type=\"image.default\">\n\t\t\t\t\t\t\t\t\t\t\t\t\t\t\t\t<a href=\"https:\/\/www.radiofrance.fr\/francemusique\">\n\t\t\t\t\t\t\t<img decoding=\"async\" width=\"800\" height=\"225\" src=\"https:\/\/lyrique-belle-ile.com\/wp-content\/uploads\/2020\/02\/FM_Ete2023_1600x450-1024x288.png\" class=\"attachment-large size-large wp-image-6324\" alt=\"\" srcset=\"https:\/\/lyrique-belle-ile.com\/wp-content\/uploads\/2020\/02\/FM_Ete2023_1600x450-1024x288.png 1024w, https:\/\/lyrique-belle-ile.com\/wp-content\/uploads\/2020\/02\/FM_Ete2023_1600x450-300x84.png 300w, https:\/\/lyrique-belle-ile.com\/wp-content\/uploads\/2020\/02\/FM_Ete2023_1600x450-768x216.png 768w, https:\/\/lyrique-belle-ile.com\/wp-content\/uploads\/2020\/02\/FM_Ete2023_1600x450-1536x432.png 1536w, https:\/\/lyrique-belle-ile.com\/wp-content\/uploads\/2020\/02\/FM_Ete2023_1600x450-18x5.png 18w, https:\/\/lyrique-belle-ile.com\/wp-content\/uploads\/2020\/02\/FM_Ete2023_1600x450.png 1600w\" sizes=\"(max-width: 800px) 100vw, 800px\" \/>\t\t\t\t\t\t\t\t<\/a>\n\t\t\t\t\t\t\t\t\t\t\t\t\t\t\t<\/div>\n\t\t\t\t\t<\/div>\n\t\t\t\t<\/div>\n\t\t\t\t<\/div>","protected":false},"excerpt":{"rendered":"<p>Weezevent box office The box office is currently closed. The next Festival Lyrique en Mer 2026 will take place from July 31 to August 14, 2026.<\/p>","protected":false},"author":2,"featured_media":0,"parent":0,"menu_order":0,"comment_status":"closed","ping_status":"closed","template":"elementor_header_footer","meta":{"inline_featured_image":false,"footnotes":""},"class_list":["post-124","page","type-page","status-publish","hentry"],"yoast_head":"<!-- This site is optimized with the Yoast SEO plugin v27.3 - https:\/\/yoast.com\/product\/yoast-seo-wordpress\/ -->\n<title>Billetterie - Lyrique en Mer<\/title>\n<meta name=\"robots\" content=\"index, follow, max-snippet:-1, max-image-preview:large, max-video-preview:-1\" \/>\n<link rel=\"canonical\" href=\"https:\/\/lyrique-belle-ile.com\/en\/billetterie\/\" \/>\n<meta property=\"og:locale\" content=\"en_US\" \/>\n<meta property=\"og:type\" content=\"article\" \/>\n<meta property=\"og:title\" content=\"Billetterie - Lyrique en Mer\" \/>\n<meta property=\"og:description\" content=\"Billetterie Weezevent La billetterie est actuellement ferm\u00e9e. Le prochain Festival Lyrique en Mer 2026 se d\u00e9roulera du 31 juillet au 14 ao\u00fbt 2026.\" \/>\n<meta property=\"og:url\" content=\"https:\/\/lyrique-belle-ile.com\/en\/billetterie\/\" \/>\n<meta property=\"og:site_name\" content=\"Lyrique en Mer\" \/>\n<meta property=\"article:publisher\" content=\"https:\/\/www.facebook.com\/lyriqueenmer\" \/>\n<meta property=\"article:modified_time\" content=\"2026-03-09T16:04:53+00:00\" \/>\n<meta property=\"og:image\" content=\"https:\/\/lyrique-belle-ile.com\/wp-content\/uploads\/2026\/03\/Capture-decran-2026-03-09-163011-797x1024.png\" \/>\n<meta name=\"twitter:card\" content=\"summary_large_image\" \/>\n<meta name=\"twitter:site\" content=\"@FestivalLyrique\" \/>\n<meta name=\"twitter:label1\" content=\"Est. reading time\" \/>\n\t<meta name=\"twitter:data1\" content=\"1 minute\" \/>\n<script type=\"application\/ld+json\" class=\"yoast-schema-graph\">{\"@context\":\"https:\\\/\\\/schema.org\",\"@graph\":[{\"@type\":\"WebPage\",\"@id\":\"https:\\\/\\\/lyrique-belle-ile.com\\\/billetterie\\\/\",\"url\":\"https:\\\/\\\/lyrique-belle-ile.com\\\/billetterie\\\/\",\"name\":\"Billetterie - Lyrique en Mer\",\"isPartOf\":{\"@id\":\"https:\\\/\\\/lyrique-belle-ile.com\\\/#website\"},\"primaryImageOfPage\":{\"@id\":\"https:\\\/\\\/lyrique-belle-ile.com\\\/billetterie\\\/#primaryimage\"},\"image\":{\"@id\":\"https:\\\/\\\/lyrique-belle-ile.com\\\/billetterie\\\/#primaryimage\"},\"thumbnailUrl\":\"https:\\\/\\\/lyrique-belle-ile.com\\\/wp-content\\\/uploads\\\/2026\\\/03\\\/Capture-decran-2026-03-09-163011-797x1024.png\",\"datePublished\":\"2020-02-04T11:31:23+00:00\",\"dateModified\":\"2026-03-09T16:04:53+00:00\",\"breadcrumb\":{\"@id\":\"https:\\\/\\\/lyrique-belle-ile.com\\\/billetterie\\\/#breadcrumb\"},\"inLanguage\":\"en-US\",\"potentialAction\":[{\"@type\":\"ReadAction\",\"target\":[\"https:\\\/\\\/lyrique-belle-ile.com\\\/billetterie\\\/\"]}]},{\"@type\":\"ImageObject\",\"inLanguage\":\"en-US\",\"@id\":\"https:\\\/\\\/lyrique-belle-ile.com\\\/billetterie\\\/#primaryimage\",\"url\":\"https:\\\/\\\/lyrique-belle-ile.com\\\/wp-content\\\/uploads\\\/2026\\\/03\\\/Capture-decran-2026-03-09-163011-797x1024.png\",\"contentUrl\":\"https:\\\/\\\/lyrique-belle-ile.com\\\/wp-content\\\/uploads\\\/2026\\\/03\\\/Capture-decran-2026-03-09-163011-797x1024.png\"},{\"@type\":\"BreadcrumbList\",\"@id\":\"https:\\\/\\\/lyrique-belle-ile.com\\\/billetterie\\\/#breadcrumb\",\"itemListElement\":[{\"@type\":\"ListItem\",\"position\":1,\"name\":\"Accueil\",\"item\":\"https:\\\/\\\/lyrique-belle-ile.com\\\/\"},{\"@type\":\"ListItem\",\"position\":2,\"name\":\"Billetterie\"}]},{\"@type\":\"WebSite\",\"@id\":\"https:\\\/\\\/lyrique-belle-ile.com\\\/#website\",\"url\":\"https:\\\/\\\/lyrique-belle-ile.com\\\/\",\"name\":\"Lyrique en Mer\",\"description\":\"Festival International de Belle Ile\",\"publisher\":{\"@id\":\"https:\\\/\\\/lyrique-belle-ile.com\\\/#organization\"},\"potentialAction\":[{\"@type\":\"SearchAction\",\"target\":{\"@type\":\"EntryPoint\",\"urlTemplate\":\"https:\\\/\\\/lyrique-belle-ile.com\\\/?s={search_term_string}\"},\"query-input\":{\"@type\":\"PropertyValueSpecification\",\"valueRequired\":true,\"valueName\":\"search_term_string\"}}],\"inLanguage\":\"en-US\"},{\"@type\":\"Organization\",\"@id\":\"https:\\\/\\\/lyrique-belle-ile.com\\\/#organization\",\"name\":\"Lyrique en Mer\",\"url\":\"https:\\\/\\\/lyrique-belle-ile.com\\\/\",\"logo\":{\"@type\":\"ImageObject\",\"inLanguage\":\"en-US\",\"@id\":\"https:\\\/\\\/lyrique-belle-ile.com\\\/#\\\/schema\\\/logo\\\/image\\\/\",\"url\":\"https:\\\/\\\/lyrique-belle-ile.com\\\/wp-content\\\/uploads\\\/2025\\\/05\\\/Logo-site-internet-violet-350-x-100-px.svg\",\"contentUrl\":\"https:\\\/\\\/lyrique-belle-ile.com\\\/wp-content\\\/uploads\\\/2025\\\/05\\\/Logo-site-internet-violet-350-x-100-px.svg\",\"width\":350,\"height\":100,\"caption\":\"Lyrique en Mer\"},\"image\":{\"@id\":\"https:\\\/\\\/lyrique-belle-ile.com\\\/#\\\/schema\\\/logo\\\/image\\\/\"},\"sameAs\":[\"https:\\\/\\\/www.facebook.com\\\/lyriqueenmer\",\"https:\\\/\\\/x.com\\\/FestivalLyrique\",\"https:\\\/\\\/www.instagram.com\\\/festivallyrique\\\/\"]}]}<\/script>\n<!-- \/ Yoast SEO plugin. -->","yoast_head_json":{"title":"Tickets - Lyrique en Mer","robots":{"index":"index","follow":"follow","max-snippet":"max-snippet:-1","max-image-preview":"max-image-preview:large","max-video-preview":"max-video-preview:-1"},"canonical":"https:\/\/lyrique-belle-ile.com\/en\/billetterie\/","og_locale":"en_US","og_type":"article","og_title":"Billetterie - Lyrique en Mer","og_description":"Billetterie Weezevent La billetterie est actuellement ferm\u00e9e. Le prochain Festival Lyrique en Mer 2026 se d\u00e9roulera du 31 juillet au 14 ao\u00fbt 2026.","og_url":"https:\/\/lyrique-belle-ile.com\/en\/billetterie\/","og_site_name":"Lyrique en Mer","article_publisher":"https:\/\/www.facebook.com\/lyriqueenmer","article_modified_time":"2026-03-09T16:04:53+00:00","og_image":[{"url":"https:\/\/lyrique-belle-ile.com\/wp-content\/uploads\/2026\/03\/Capture-decran-2026-03-09-163011-797x1024.png","type":"","width":"","height":""}],"twitter_card":"summary_large_image","twitter_site":"@FestivalLyrique","twitter_misc":{"Est. reading time":"1 minute"},"schema":{"@context":"https:\/\/schema.org","@graph":[{"@type":"WebPage","@id":"https:\/\/lyrique-belle-ile.com\/billetterie\/","url":"https:\/\/lyrique-belle-ile.com\/billetterie\/","name":"Tickets - Lyrique en Mer","isPartOf":{"@id":"https:\/\/lyrique-belle-ile.com\/#website"},"primaryImageOfPage":{"@id":"https:\/\/lyrique-belle-ile.com\/billetterie\/#primaryimage"},"image":{"@id":"https:\/\/lyrique-belle-ile.com\/billetterie\/#primaryimage"},"thumbnailUrl":"https:\/\/lyrique-belle-ile.com\/wp-content\/uploads\/2026\/03\/Capture-decran-2026-03-09-163011-797x1024.png","datePublished":"2020-02-04T11:31:23+00:00","dateModified":"2026-03-09T16:04:53+00:00","breadcrumb":{"@id":"https:\/\/lyrique-belle-ile.com\/billetterie\/#breadcrumb"},"inLanguage":"en-US","potentialAction":[{"@type":"ReadAction","target":["https:\/\/lyrique-belle-ile.com\/billetterie\/"]}]},{"@type":"ImageObject","inLanguage":"en-US","@id":"https:\/\/lyrique-belle-ile.com\/billetterie\/#primaryimage","url":"https:\/\/lyrique-belle-ile.com\/wp-content\/uploads\/2026\/03\/Capture-decran-2026-03-09-163011-797x1024.png","contentUrl":"https:\/\/lyrique-belle-ile.com\/wp-content\/uploads\/2026\/03\/Capture-decran-2026-03-09-163011-797x1024.png"},{"@type":"BreadcrumbList","@id":"https:\/\/lyrique-belle-ile.com\/billetterie\/#breadcrumb","itemListElement":[{"@type":"ListItem","position":1,"name":"Accueil","item":"https:\/\/lyrique-belle-ile.com\/"},{"@type":"ListItem","position":2,"name":"Billetterie"}]},{"@type":"WebSite","@id":"https:\/\/lyrique-belle-ile.com\/#website","url":"https:\/\/lyrique-belle-ile.com\/","name":"Lyrical at Sea","description":"Belle Ile International Festival","publisher":{"@id":"https:\/\/lyrique-belle-ile.com\/#organization"},"potentialAction":[{"@type":"SearchAction","target":{"@type":"EntryPoint","urlTemplate":"https:\/\/lyrique-belle-ile.com\/?s={search_term_string}"},"query-input":{"@type":"PropertyValueSpecification","valueRequired":true,"valueName":"search_term_string"}}],"inLanguage":"en-US"},{"@type":"Organization","@id":"https:\/\/lyrique-belle-ile.com\/#organization","name":"Lyrical at Sea","url":"https:\/\/lyrique-belle-ile.com\/","logo":{"@type":"ImageObject","inLanguage":"en-US","@id":"https:\/\/lyrique-belle-ile.com\/#\/schema\/logo\/image\/","url":"https:\/\/lyrique-belle-ile.com\/wp-content\/uploads\/2025\/05\/Logo-site-internet-violet-350-x-100-px.svg","contentUrl":"https:\/\/lyrique-belle-ile.com\/wp-content\/uploads\/2025\/05\/Logo-site-internet-violet-350-x-100-px.svg","width":350,"height":100,"caption":"Lyrique en Mer"},"image":{"@id":"https:\/\/lyrique-belle-ile.com\/#\/schema\/logo\/image\/"},"sameAs":["https:\/\/www.facebook.com\/lyriqueenmer","https:\/\/x.com\/FestivalLyrique","https:\/\/www.instagram.com\/festivallyrique\/"]}]}},"_links":{"self":[{"href":"https:\/\/lyrique-belle-ile.com\/en\/wp-json\/wp\/v2\/pages\/124","targetHints":{"allow":["GET"]}}],"collection":[{"href":"https:\/\/lyrique-belle-ile.com\/en\/wp-json\/wp\/v2\/pages"}],"about":[{"href":"https:\/\/lyrique-belle-ile.com\/en\/wp-json\/wp\/v2\/types\/page"}],"author":[{"embeddable":true,"href":"https:\/\/lyrique-belle-ile.com\/en\/wp-json\/wp\/v2\/users\/2"}],"replies":[{"embeddable":true,"href":"https:\/\/lyrique-belle-ile.com\/en\/wp-json\/wp\/v2\/comments?post=124"}],"version-history":[{"count":481,"href":"https:\/\/lyrique-belle-ile.com\/en\/wp-json\/wp\/v2\/pages\/124\/revisions"}],"predecessor-version":[{"id":9255,"href":"https:\/\/lyrique-belle-ile.com\/en\/wp-json\/wp\/v2\/pages\/124\/revisions\/9255"}],"wp:attachment":[{"href":"https:\/\/lyrique-belle-ile.com\/en\/wp-json\/wp\/v2\/media?parent=124"}],"curies":[{"name":"wp","href":"https:\/\/api.w.org\/{rel}","templated":true}]}}