{"id":1239,"date":"2020-07-23T18:58:17","date_gmt":"2020-07-23T17:58:17","guid":{"rendered":"https:\/\/lyrique-belle-ile.com\/?page_id=1239"},"modified":"2021-07-26T17:52:01","modified_gmt":"2021-07-26T16:52:01","slug":"mesures-sanitaires","status":"publish","type":"page","link":"https:\/\/lyrique-belle-ile.com\/en\/mesures-sanitaires\/","title":{"rendered":"Health measures"},"content":{"rendered":"<div data-elementor-type=\"wp-page\" data-elementor-id=\"1239\" class=\"elementor elementor-1239\">\n\t\t\t\t\t\t<section class=\"elementor-section elementor-top-section elementor-element elementor-element-0e33aa6 elementor-section-content-middle elementor-section-boxed elementor-section-height-default elementor-section-height-default\" data-id=\"0e33aa6\" data-element_type=\"section\" data-e-type=\"section\">\n\t\t\t\t\t\t<div class=\"elementor-container elementor-column-gap-default\">\n\t\t\t\t\t<div class=\"elementor-column elementor-col-100 elementor-top-column elementor-element elementor-element-2042a10\" data-id=\"2042a10\" data-element_type=\"column\" data-e-type=\"column\">\n\t\t\t<div class=\"elementor-widget-wrap elementor-element-populated\">\n\t\t\t\t\t\t<div class=\"elementor-element elementor-element-5a2449a elementor-widget elementor-widget-text-editor\" data-id=\"5a2449a\" data-element_type=\"widget\" data-e-type=\"widget\" data-widget_type=\"text-editor.default\">\n\t\t\t\t\t\t\t\t\t<p>Lyrique-en-mer complies with all official health regulations<\/p>\t\t\t\t\t\t\t\t<\/div>\n\t\t\t\t\t<\/div>\n\t\t<\/div>\n\t\t\t\t\t<\/div>\n\t\t<\/section>\n\t\t\t\t<section class=\"elementor-section elementor-top-section elementor-element elementor-element-85378b2 elementor-section-boxed elementor-section-height-default elementor-section-height-default\" data-id=\"85378b2\" data-element_type=\"section\" data-e-type=\"section\">\n\t\t\t\t\t\t<div class=\"elementor-container elementor-column-gap-default\">\n\t\t\t\t\t<div class=\"elementor-column elementor-col-50 elementor-top-column elementor-element elementor-element-a968051\" data-id=\"a968051\" data-element_type=\"column\" data-e-type=\"column\">\n\t\t\t<div class=\"elementor-widget-wrap elementor-element-populated\">\n\t\t\t\t\t\t<div class=\"elementor-element elementor-element-b7990e4 elementor-widget elementor-widget-text-editor\" data-id=\"b7990e4\" data-element_type=\"widget\" data-e-type=\"widget\" data-widget_type=\"text-editor.default\">\n\t\t\t\t\t\t\t\t\t<p><span dir=\"auto\">\u00a0<\/span><\/p><p><span dir=\"auto\">\u00a0<\/span><\/p><p><span style=\"font-family: Verdana;\">In order to guarantee everyone's safety, Lyrique-en-mer is doing everything possible to ensure that the festival takes place in compliance with government health measures, and is counting on your understanding and collaboration to ensure that the music lives on this summer.<\/span><\/p><section data-id=\"8db3bd8\" data-element_type=\"section\"><div><div><div data-id=\"4de3ae8\" data-element_type=\"column\"><div><div><div data-id=\"9ab71b5\" data-element_type=\"widget\" data-widget_type=\"text-editor.default\"><div><div><div><span style=\"font-family: Verdana;\">\u00a0<\/span><\/div><div><span style=\"font-family: Verdana;\">You will be asked to show proof of your health pass at the entrance.<\/span><\/div><div><span style=\"font-family: Verdana;\">Masks must be worn at all concerts<br \/><\/span><\/div><div><span style=\"font-family: Verdana;\">\u00a0<\/span><\/div><p>More information at www.gouvernement.fr\/info-coronavirus<\/p><\/div><\/div><\/div><\/div><\/div><\/div><\/div><\/div><\/section><p>\u00a0<\/p>\t\t\t\t\t\t\t\t<\/div>\n\t\t\t\t\t<\/div>\n\t\t<\/div>\n\t\t\t\t<div class=\"elementor-column elementor-col-50 elementor-top-column elementor-element elementor-element-f167e1d\" data-id=\"f167e1d\" data-element_type=\"column\" data-e-type=\"column\">\n\t\t\t<div class=\"elementor-widget-wrap elementor-element-populated\">\n\t\t\t\t\t\t<div class=\"elementor-element elementor-element-6db533d elementor-widget elementor-widget-image\" data-id=\"6db533d\" data-element_type=\"widget\" data-e-type=\"widget\" data-widget_type=\"image.default\">\n\t\t\t\t\t\t\t\t\t\t\t\t\t\t\t<img fetchpriority=\"high\" decoding=\"async\" width=\"640\" height=\"454\" src=\"https:\/\/lyrique-belle-ile.com\/wp-content\/uploads\/2021\/07\/Pass-sanitaire-1.png\" class=\"attachment-large size-large wp-image-2723\" alt=\"\" srcset=\"https:\/\/lyrique-belle-ile.com\/wp-content\/uploads\/2021\/07\/Pass-sanitaire-1.png 640w, https:\/\/lyrique-belle-ile.com\/wp-content\/uploads\/2021\/07\/Pass-sanitaire-1-300x213.png 300w, https:\/\/lyrique-belle-ile.com\/wp-content\/uploads\/2021\/07\/Pass-sanitaire-1-16x12.png 16w\" sizes=\"(max-width: 640px) 100vw, 640px\" \/>\t\t\t\t\t\t\t\t\t\t\t\t\t\t\t<\/div>\n\t\t\t\t\t<\/div>\n\t\t<\/div>\n\t\t\t\t\t<\/div>\n\t\t<\/section>\n\t\t\t\t<section class=\"elementor-section elementor-top-section elementor-element elementor-element-8d8f4a4 elementor-section-boxed elementor-section-height-default elementor-section-height-default\" data-id=\"8d8f4a4\" data-element_type=\"section\" data-e-type=\"section\">\n\t\t\t\t\t\t<div class=\"elementor-container elementor-column-gap-default\">\n\t\t\t\t\t<div class=\"elementor-column elementor-col-100 elementor-top-column elementor-element elementor-element-4d94272\" data-id=\"4d94272\" data-element_type=\"column\" data-e-type=\"column\">\n\t\t\t<div class=\"elementor-widget-wrap elementor-element-populated\">\n\t\t\t\t\t\t<div class=\"elementor-element elementor-element-53d668d elementor-widget elementor-widget-spacer\" data-id=\"53d668d\" data-element_type=\"widget\" data-e-type=\"widget\" data-widget_type=\"spacer.default\">\n\t\t\t\t\t\t\t<div class=\"elementor-spacer\">\n\t\t\t<div class=\"elementor-spacer-inner\"><\/div>\n\t\t<\/div>\n\t\t\t\t\t\t<\/div>\n\t\t\t\t\t<\/div>\n\t\t<\/div>\n\t\t\t\t\t<\/div>\n\t\t<\/section>\n\t\t\t\t<section class=\"elementor-section elementor-top-section elementor-element elementor-element-cd2e60f elementor-section-boxed elementor-section-height-default elementor-section-height-default\" data-id=\"cd2e60f\" data-element_type=\"section\" data-e-type=\"section\">\n\t\t\t\t\t\t<div class=\"elementor-container elementor-column-gap-default\">\n\t\t\t\t\t<div class=\"elementor-column elementor-col-100 elementor-top-column elementor-element elementor-element-e065029\" data-id=\"e065029\" data-element_type=\"column\" data-e-type=\"column\">\n\t\t\t<div class=\"elementor-widget-wrap elementor-element-populated\">\n\t\t\t\t\t\t<div class=\"elementor-element elementor-element-96c7d99 elementor-widget elementor-widget-image\" data-id=\"96c7d99\" data-element_type=\"widget\" data-e-type=\"widget\" data-widget_type=\"image.default\">\n\t\t\t\t\t\t\t\t\t\t\t\t\t\t\t<img decoding=\"async\" width=\"650\" height=\"960\" src=\"https:\/\/lyrique-belle-ile.com\/wp-content\/uploads\/2020\/07\/Port-du-masque.jpg\" class=\"attachment-large size-large wp-image-1242\" alt=\"Port du masque\" srcset=\"https:\/\/lyrique-belle-ile.com\/wp-content\/uploads\/2020\/07\/Port-du-masque.jpg 650w, https:\/\/lyrique-belle-ile.com\/wp-content\/uploads\/2020\/07\/Port-du-masque-203x300.jpg 203w\" sizes=\"(max-width: 650px) 100vw, 650px\" \/>\t\t\t\t\t\t\t\t\t\t\t\t\t\t\t<\/div>\n\t\t\t\t\t<\/div>\n\t\t<\/div>\n\t\t\t\t\t<\/div>\n\t\t<\/section>\n\t\t\t\t<\/div>","protected":false},"excerpt":{"rendered":"<p>Lyrique-en-mer applique les r\u00e9glementations en vigueur \u00a0 \u00a0 Afin de garantir la s\u00e9curit\u00e9 de tous, Lyrique-en-mer met tout en oeuvre pour que le festival ait lieu dans le respect des mesures sanitaires gouvernementales et compte sur votre compr\u00e9hension et collaboration pour que vive la musique cet \u00e9t\u00e9. \u00a0Votre justificatif de pass sanitaire vous sera demand\u00e9 [&hellip;]<\/p>\n","protected":false},"author":2,"featured_media":0,"parent":0,"menu_order":0,"comment_status":"closed","ping_status":"closed","template":"elementor_header_footer","meta":{"inline_featured_image":false,"footnotes":""},"class_list":["post-1239","page","type-page","status-publish","hentry"],"yoast_head":"<!-- This site is optimized with the Yoast SEO plugin v27.3 - https:\/\/yoast.com\/product\/yoast-seo-wordpress\/ -->\n<title>Mesures sanitaires - Lyrique en Mer<\/title>\n<meta name=\"robots\" content=\"index, follow, max-snippet:-1, max-image-preview:large, max-video-preview:-1\" \/>\n<link rel=\"canonical\" href=\"https:\/\/lyrique-belle-ile.com\/en\/mesures-sanitaires\/\" \/>\n<meta property=\"og:locale\" content=\"en_US\" \/>\n<meta property=\"og:type\" content=\"article\" \/>\n<meta property=\"og:title\" content=\"Mesures sanitaires - Lyrique en Mer\" \/>\n<meta property=\"og:description\" content=\"Lyrique-en-mer applique les r\u00e9glementations en vigueur \u00a0 \u00a0 Afin de garantir la s\u00e9curit\u00e9 de tous, Lyrique-en-mer met tout en oeuvre pour que le festival ait lieu dans le respect des mesures sanitaires gouvernementales et compte sur votre compr\u00e9hension et collaboration pour que vive la musique cet \u00e9t\u00e9. \u00a0Votre justificatif de pass sanitaire vous sera demand\u00e9 [&hellip;]\" \/>\n<meta property=\"og:url\" content=\"https:\/\/lyrique-belle-ile.com\/en\/mesures-sanitaires\/\" \/>\n<meta property=\"og:site_name\" content=\"Lyrique en Mer\" \/>\n<meta property=\"article:publisher\" content=\"https:\/\/www.facebook.com\/lyriqueenmer\" \/>\n<meta property=\"article:modified_time\" content=\"2021-07-26T16:52:01+00:00\" \/>\n<meta property=\"og:image\" content=\"https:\/\/lyrique-belle-ile.com\/wp-content\/uploads\/2021\/07\/Pass-sanitaire-1.png\" \/>\n<meta name=\"twitter:card\" content=\"summary_large_image\" \/>\n<meta name=\"twitter:site\" content=\"@FestivalLyrique\" \/>\n<meta name=\"twitter:label1\" content=\"Est. reading time\" \/>\n\t<meta name=\"twitter:data1\" content=\"1 minute\" \/>\n<script type=\"application\/ld+json\" class=\"yoast-schema-graph\">{\"@context\":\"https:\\\/\\\/schema.org\",\"@graph\":[{\"@type\":\"WebPage\",\"@id\":\"https:\\\/\\\/lyrique-belle-ile.com\\\/mesures-sanitaires\\\/\",\"url\":\"https:\\\/\\\/lyrique-belle-ile.com\\\/mesures-sanitaires\\\/\",\"name\":\"Mesures sanitaires - Lyrique en Mer\",\"isPartOf\":{\"@id\":\"https:\\\/\\\/lyrique-belle-ile.com\\\/#website\"},\"primaryImageOfPage\":{\"@id\":\"https:\\\/\\\/lyrique-belle-ile.com\\\/mesures-sanitaires\\\/#primaryimage\"},\"image\":{\"@id\":\"https:\\\/\\\/lyrique-belle-ile.com\\\/mesures-sanitaires\\\/#primaryimage\"},\"thumbnailUrl\":\"https:\\\/\\\/lyrique-belle-ile.com\\\/wp-content\\\/uploads\\\/2021\\\/07\\\/Pass-sanitaire-1.png\",\"datePublished\":\"2020-07-23T17:58:17+00:00\",\"dateModified\":\"2021-07-26T16:52:01+00:00\",\"breadcrumb\":{\"@id\":\"https:\\\/\\\/lyrique-belle-ile.com\\\/mesures-sanitaires\\\/#breadcrumb\"},\"inLanguage\":\"en-US\",\"potentialAction\":[{\"@type\":\"ReadAction\",\"target\":[\"https:\\\/\\\/lyrique-belle-ile.com\\\/mesures-sanitaires\\\/\"]}]},{\"@type\":\"ImageObject\",\"inLanguage\":\"en-US\",\"@id\":\"https:\\\/\\\/lyrique-belle-ile.com\\\/mesures-sanitaires\\\/#primaryimage\",\"url\":\"https:\\\/\\\/lyrique-belle-ile.com\\\/wp-content\\\/uploads\\\/2021\\\/07\\\/Pass-sanitaire-1.png\",\"contentUrl\":\"https:\\\/\\\/lyrique-belle-ile.com\\\/wp-content\\\/uploads\\\/2021\\\/07\\\/Pass-sanitaire-1.png\"},{\"@type\":\"BreadcrumbList\",\"@id\":\"https:\\\/\\\/lyrique-belle-ile.com\\\/mesures-sanitaires\\\/#breadcrumb\",\"itemListElement\":[{\"@type\":\"ListItem\",\"position\":1,\"name\":\"Accueil\",\"item\":\"https:\\\/\\\/lyrique-belle-ile.com\\\/\"},{\"@type\":\"ListItem\",\"position\":2,\"name\":\"Mesures sanitaires\"}]},{\"@type\":\"WebSite\",\"@id\":\"https:\\\/\\\/lyrique-belle-ile.com\\\/#website\",\"url\":\"https:\\\/\\\/lyrique-belle-ile.com\\\/\",\"name\":\"Lyrique en Mer\",\"description\":\"Festival International de Belle Ile\",\"publisher\":{\"@id\":\"https:\\\/\\\/lyrique-belle-ile.com\\\/#organization\"},\"potentialAction\":[{\"@type\":\"SearchAction\",\"target\":{\"@type\":\"EntryPoint\",\"urlTemplate\":\"https:\\\/\\\/lyrique-belle-ile.com\\\/?s={search_term_string}\"},\"query-input\":{\"@type\":\"PropertyValueSpecification\",\"valueRequired\":true,\"valueName\":\"search_term_string\"}}],\"inLanguage\":\"en-US\"},{\"@type\":\"Organization\",\"@id\":\"https:\\\/\\\/lyrique-belle-ile.com\\\/#organization\",\"name\":\"Lyrique en Mer\",\"url\":\"https:\\\/\\\/lyrique-belle-ile.com\\\/\",\"logo\":{\"@type\":\"ImageObject\",\"inLanguage\":\"en-US\",\"@id\":\"https:\\\/\\\/lyrique-belle-ile.com\\\/#\\\/schema\\\/logo\\\/image\\\/\",\"url\":\"https:\\\/\\\/lyrique-belle-ile.com\\\/wp-content\\\/uploads\\\/2025\\\/05\\\/Logo-site-internet-violet-350-x-100-px.svg\",\"contentUrl\":\"https:\\\/\\\/lyrique-belle-ile.com\\\/wp-content\\\/uploads\\\/2025\\\/05\\\/Logo-site-internet-violet-350-x-100-px.svg\",\"width\":350,\"height\":100,\"caption\":\"Lyrique en Mer\"},\"image\":{\"@id\":\"https:\\\/\\\/lyrique-belle-ile.com\\\/#\\\/schema\\\/logo\\\/image\\\/\"},\"sameAs\":[\"https:\\\/\\\/www.facebook.com\\\/lyriqueenmer\",\"https:\\\/\\\/x.com\\\/FestivalLyrique\",\"https:\\\/\\\/www.instagram.com\\\/festivallyrique\\\/\"]}]}<\/script>\n<!-- \/ Yoast SEO plugin. -->","yoast_head_json":{"title":"Sanitary measures - Lyrique en Mer","robots":{"index":"index","follow":"follow","max-snippet":"max-snippet:-1","max-image-preview":"max-image-preview:large","max-video-preview":"max-video-preview:-1"},"canonical":"https:\/\/lyrique-belle-ile.com\/en\/mesures-sanitaires\/","og_locale":"en_US","og_type":"article","og_title":"Mesures sanitaires - Lyrique en Mer","og_description":"Lyrique-en-mer applique les r\u00e9glementations en vigueur \u00a0 \u00a0 Afin de garantir la s\u00e9curit\u00e9 de tous, Lyrique-en-mer met tout en oeuvre pour que le festival ait lieu dans le respect des mesures sanitaires gouvernementales et compte sur votre compr\u00e9hension et collaboration pour que vive la musique cet \u00e9t\u00e9. \u00a0Votre justificatif de pass sanitaire vous sera demand\u00e9 [&hellip;]","og_url":"https:\/\/lyrique-belle-ile.com\/en\/mesures-sanitaires\/","og_site_name":"Lyrique en Mer","article_publisher":"https:\/\/www.facebook.com\/lyriqueenmer","article_modified_time":"2021-07-26T16:52:01+00:00","og_image":[{"url":"https:\/\/lyrique-belle-ile.com\/wp-content\/uploads\/2021\/07\/Pass-sanitaire-1.png","type":"","width":"","height":""}],"twitter_card":"summary_large_image","twitter_site":"@FestivalLyrique","twitter_misc":{"Est. reading time":"1 minute"},"schema":{"@context":"https:\/\/schema.org","@graph":[{"@type":"WebPage","@id":"https:\/\/lyrique-belle-ile.com\/mesures-sanitaires\/","url":"https:\/\/lyrique-belle-ile.com\/mesures-sanitaires\/","name":"Sanitary measures - Lyrique en Mer","isPartOf":{"@id":"https:\/\/lyrique-belle-ile.com\/#website"},"primaryImageOfPage":{"@id":"https:\/\/lyrique-belle-ile.com\/mesures-sanitaires\/#primaryimage"},"image":{"@id":"https:\/\/lyrique-belle-ile.com\/mesures-sanitaires\/#primaryimage"},"thumbnailUrl":"https:\/\/lyrique-belle-ile.com\/wp-content\/uploads\/2021\/07\/Pass-sanitaire-1.png","datePublished":"2020-07-23T17:58:17+00:00","dateModified":"2021-07-26T16:52:01+00:00","breadcrumb":{"@id":"https:\/\/lyrique-belle-ile.com\/mesures-sanitaires\/#breadcrumb"},"inLanguage":"en-US","potentialAction":[{"@type":"ReadAction","target":["https:\/\/lyrique-belle-ile.com\/mesures-sanitaires\/"]}]},{"@type":"ImageObject","inLanguage":"en-US","@id":"https:\/\/lyrique-belle-ile.com\/mesures-sanitaires\/#primaryimage","url":"https:\/\/lyrique-belle-ile.com\/wp-content\/uploads\/2021\/07\/Pass-sanitaire-1.png","contentUrl":"https:\/\/lyrique-belle-ile.com\/wp-content\/uploads\/2021\/07\/Pass-sanitaire-1.png"},{"@type":"BreadcrumbList","@id":"https:\/\/lyrique-belle-ile.com\/mesures-sanitaires\/#breadcrumb","itemListElement":[{"@type":"ListItem","position":1,"name":"Accueil","item":"https:\/\/lyrique-belle-ile.com\/"},{"@type":"ListItem","position":2,"name":"Mesures sanitaires"}]},{"@type":"WebSite","@id":"https:\/\/lyrique-belle-ile.com\/#website","url":"https:\/\/lyrique-belle-ile.com\/","name":"Lyrical at Sea","description":"Belle Ile International Festival","publisher":{"@id":"https:\/\/lyrique-belle-ile.com\/#organization"},"potentialAction":[{"@type":"SearchAction","target":{"@type":"EntryPoint","urlTemplate":"https:\/\/lyrique-belle-ile.com\/?s={search_term_string}"},"query-input":{"@type":"PropertyValueSpecification","valueRequired":true,"valueName":"search_term_string"}}],"inLanguage":"en-US"},{"@type":"Organization","@id":"https:\/\/lyrique-belle-ile.com\/#organization","name":"Lyrical at Sea","url":"https:\/\/lyrique-belle-ile.com\/","logo":{"@type":"ImageObject","inLanguage":"en-US","@id":"https:\/\/lyrique-belle-ile.com\/#\/schema\/logo\/image\/","url":"https:\/\/lyrique-belle-ile.com\/wp-content\/uploads\/2025\/05\/Logo-site-internet-violet-350-x-100-px.svg","contentUrl":"https:\/\/lyrique-belle-ile.com\/wp-content\/uploads\/2025\/05\/Logo-site-internet-violet-350-x-100-px.svg","width":350,"height":100,"caption":"Lyrique en Mer"},"image":{"@id":"https:\/\/lyrique-belle-ile.com\/#\/schema\/logo\/image\/"},"sameAs":["https:\/\/www.facebook.com\/lyriqueenmer","https:\/\/x.com\/FestivalLyrique","https:\/\/www.instagram.com\/festivallyrique\/"]}]}},"_links":{"self":[{"href":"https:\/\/lyrique-belle-ile.com\/en\/wp-json\/wp\/v2\/pages\/1239","targetHints":{"allow":["GET"]}}],"collection":[{"href":"https:\/\/lyrique-belle-ile.com\/en\/wp-json\/wp\/v2\/pages"}],"about":[{"href":"https:\/\/lyrique-belle-ile.com\/en\/wp-json\/wp\/v2\/types\/page"}],"author":[{"embeddable":true,"href":"https:\/\/lyrique-belle-ile.com\/en\/wp-json\/wp\/v2\/users\/2"}],"replies":[{"embeddable":true,"href":"https:\/\/lyrique-belle-ile.com\/en\/wp-json\/wp\/v2\/comments?post=1239"}],"version-history":[{"count":36,"href":"https:\/\/lyrique-belle-ile.com\/en\/wp-json\/wp\/v2\/pages\/1239\/revisions"}],"predecessor-version":[{"id":2735,"href":"https:\/\/lyrique-belle-ile.com\/en\/wp-json\/wp\/v2\/pages\/1239\/revisions\/2735"}],"wp:attachment":[{"href":"https:\/\/lyrique-belle-ile.com\/en\/wp-json\/wp\/v2\/media?parent=1239"}],"curies":[{"name":"wp","href":"https:\/\/api.w.org\/{rel}","templated":true}]}}