{"id":1184,"date":"2020-04-19T16:00:27","date_gmt":"2020-04-19T15:00:27","guid":{"rendered":"https:\/\/lyrique-belle-ile.com\/?page_id=1184"},"modified":"2023-05-05T10:51:29","modified_gmt":"2023-05-05T09:51:29","slug":"atelier-enfant","status":"publish","type":"page","link":"https:\/\/lyrique-belle-ile.com\/en\/atelier-enfant\/","title":{"rendered":"Children's workshop"},"content":{"rendered":"<div data-elementor-type=\"wp-page\" data-elementor-id=\"1184\" class=\"elementor elementor-1184\">\n\t\t\t\t\t\t<section class=\"elementor-section elementor-top-section elementor-element elementor-element-c22eeed elementor-section-boxed elementor-section-height-default elementor-section-height-default\" data-id=\"c22eeed\" data-element_type=\"section\" data-e-type=\"section\">\n\t\t\t\t\t\t<div class=\"elementor-container elementor-column-gap-default\">\n\t\t\t\t\t<div class=\"elementor-column elementor-col-100 elementor-top-column elementor-element elementor-element-ed018a2\" data-id=\"ed018a2\" data-element_type=\"column\" data-e-type=\"column\">\n\t\t\t<div class=\"elementor-widget-wrap elementor-element-populated\">\n\t\t\t\t\t\t<div class=\"elementor-element elementor-element-b00d655 elementor-widget elementor-widget-image\" data-id=\"b00d655\" data-element_type=\"widget\" data-e-type=\"widget\" data-widget_type=\"image.default\">\n\t\t\t\t\t\t\t\t\t\t\t\t\t\t\t<img fetchpriority=\"high\" decoding=\"async\" width=\"940\" height=\"788\" src=\"https:\/\/lyrique-belle-ile.com\/wp-content\/uploads\/2022\/10\/Post-RS-Atelier-Chant-choral-enfants-22-3.png\" class=\"attachment-2048x2048 size-2048x2048 wp-image-5062\" alt=\"\" srcset=\"https:\/\/lyrique-belle-ile.com\/wp-content\/uploads\/2022\/10\/Post-RS-Atelier-Chant-choral-enfants-22-3.png 940w, https:\/\/lyrique-belle-ile.com\/wp-content\/uploads\/2022\/10\/Post-RS-Atelier-Chant-choral-enfants-22-3-300x251.png 300w, https:\/\/lyrique-belle-ile.com\/wp-content\/uploads\/2022\/10\/Post-RS-Atelier-Chant-choral-enfants-22-3-768x644.png 768w, https:\/\/lyrique-belle-ile.com\/wp-content\/uploads\/2022\/10\/Post-RS-Atelier-Chant-choral-enfants-22-3-14x12.png 14w\" sizes=\"(max-width: 940px) 100vw, 940px\" \/>\t\t\t\t\t\t\t\t\t\t\t\t\t\t\t<\/div>\n\t\t\t\t\t<\/div>\n\t\t<\/div>\n\t\t\t\t\t<\/div>\n\t\t<\/section>\n\t\t<div class=\"elementor-element elementor-element-fd7e1bf e-flex e-con-boxed e-con e-parent\" data-id=\"fd7e1bf\" data-element_type=\"container\" data-e-type=\"container\">\n\t\t\t\t\t<div class=\"e-con-inner\">\n\t\t\t\t<div class=\"elementor-element elementor-element-37dfbda elementor-widget elementor-widget-text-editor\" data-id=\"37dfbda\" data-element_type=\"widget\" data-e-type=\"widget\" data-widget_type=\"text-editor.default\">\n\t\t\t\t\t\t\t\t\t<p><span style=\"color: #1b6888;\">Since the start of the school year in September, around ten children aged 7 to 12 have discovered the joy of singing in a choir. Jazmin, through her caring pedagogy, transmits the basics of singing technique with<\/span><span style=\"color: var( --e-global-color-text ); font-family: var( --e-global-typography-text-font-family ), Sans-serif; font-size: var( --e-global-typography-text-font-size ); font-weight: var( --e-global-typography-text-font-weight ); text-align: var(--text-align);\"><span style=\"color: #1b6888;\"> infectious enthusiasm. The weekly workshops start with body work which allows you to adopt the right posture, to acquire the automatisms of anchoring, concentration and breathing. Then the session continues with exercises in listening, diction, voice, nuances, etc. To end with learning and rehearsing the repertoire. For the first workshop restitution, during the New Year&#039;s concert, the children will sing in several languages (English, French, Arabic, Hebrew, etc.). Beyond technique, the choral singing workshop allows you to develop respect for others, team spirit, patience, listening to yourself and others,<\/span> <\/span><span style=\"font-family: var( --e-global-typography-text-font-family ), Sans-serif; font-size: var( --e-global-typography-text-font-size ); font-weight: var( --e-global-typography-text-font-weight ); text-align: var(--text-align); color: #1b6888;\">confidence, daring to sing in front of others and of course the pleasure of singing together!\u00a0\u00a0<\/span><\/p>\t\t\t\t\t\t\t\t<\/div>\n\t\t\t\t\t<\/div>\n\t\t\t\t<\/div>\n\t\t\t\t<section class=\"elementor-section elementor-top-section elementor-element elementor-element-3eab513 elementor-section-boxed elementor-section-height-default elementor-section-height-default\" data-id=\"3eab513\" data-element_type=\"section\" data-e-type=\"section\">\n\t\t\t\t\t\t<div class=\"elementor-container elementor-column-gap-default\">\n\t\t\t\t\t<div class=\"elementor-column elementor-col-50 elementor-top-column elementor-element elementor-element-25eaea9\" data-id=\"25eaea9\" data-element_type=\"column\" data-e-type=\"column\">\n\t\t\t<div class=\"elementor-widget-wrap elementor-element-populated\">\n\t\t\t\t\t\t<div class=\"elementor-element elementor-element-06e6d57 elementor-widget elementor-widget-text-editor\" data-id=\"06e6d57\" data-element_type=\"widget\" data-e-type=\"widget\" data-widget_type=\"text-editor.default\">\n\t\t\t\t\t\t\t\t\t<h5>All dates for the 3rd trimester<\/h5>\t\t\t\t\t\t\t\t<\/div>\n\t\t\t\t<div class=\"elementor-element elementor-element-6e1efa0 elementor-widget elementor-widget-text-editor\" data-id=\"6e1efa0\" data-element_type=\"widget\" data-e-type=\"widget\" data-widget_type=\"text-editor.default\">\n\t\t\t\t\t\t\t\t\t<p>The Choral Singing workshop is open to children aged 8 to 12. The sessions take place at Palais \u2013 Salle du Ponant \u2013 on Wednesdays 10, 17, 24 and 31 May \u2013 Wednesday 7, 14, 20 and Thursday 21 June.<\/p><p>The contribution is \u20ac50 per quarter (\u20ac30\/term for the 2nd child) plus \u20ac10 annual membership.<\/p><p>Info and contact: Isabelle Virloget\u00a0<\/p><p>Registration by email:\u00a0<span style=\"font-family: var( --e-global-typography-text-font-family ), Sans-serif; font-size: var( --e-global-typography-text-font-size ); font-weight: var( --e-global-typography-text-font-weight );\">virlogetisabelle@gmail.com\u00a0<\/span><\/p><p>or online: click on the button below<\/p>\t\t\t\t\t\t\t\t<\/div>\n\t\t\t\t<div class=\"elementor-element elementor-element-85f111b elementor-widget elementor-widget-button\" data-id=\"85f111b\" data-element_type=\"widget\" data-e-type=\"widget\" data-widget_type=\"button.default\">\n\t\t\t\t\t\t\t\t\t\t<a class=\"elementor-button elementor-button-link elementor-size-sm\" href=\"https:\/\/lyrique-belle-ile.com\/wp-content\/uploads\/2022\/09\/Inscription-papier-Atelier-Chant-Choral-Enfant-2022-2023.docx-1.pdf\">\n\t\t\t\t\t\t<span class=\"elementor-button-content-wrapper\">\n\t\t\t\t\t\t\t\t\t<span class=\"elementor-button-text\">Registration form<\/span>\n\t\t\t\t\t<\/span>\n\t\t\t\t\t<\/a>\n\t\t\t\t\t\t\t\t<\/div>\n\t\t\t\t\t<\/div>\n\t\t<\/div>\n\t\t\t\t<div class=\"elementor-column elementor-col-50 elementor-top-column elementor-element elementor-element-94cfce1\" data-id=\"94cfce1\" data-element_type=\"column\" data-e-type=\"column\">\n\t\t\t<div class=\"elementor-widget-wrap elementor-element-populated\">\n\t\t\t\t\t\t<div class=\"elementor-element elementor-element-85b00f8 elementor-widget elementor-widget-text-editor\" data-id=\"85b00f8\" data-element_type=\"widget\" data-e-type=\"widget\" data-widget_type=\"text-editor.default\">\n\t\t\t\t\t\t\t\t\t<p>Choral singing course summer 2022<\/p>\t\t\t\t\t\t\t\t<\/div>\n\t\t\t\t<div class=\"elementor-element elementor-element-1a0c838 elementor-widget elementor-widget-image-gallery\" data-id=\"1a0c838\" data-element_type=\"widget\" data-e-type=\"widget\" data-widget_type=\"image-gallery.default\">\n\t\t\t\t\t\t\t<div class=\"elementor-image-gallery\">\n\t\t\t<div id='gallery-1' class='gallery galleryid-1184 gallery-columns-2 gallery-size-medium'><figure class='gallery-item'>\n\t\t\t<div class='gallery-icon landscape'>\n\t\t\t\t<a data-elementor-open-lightbox=\"yes\" data-elementor-lightbox-slideshow=\"1a0c838\" data-elementor-lightbox-title=\"DSC_1911\" data-e-action-hash=\"#elementor-action%3Aaction%3Dlightbox%26settings%3DeyJpZCI6NDk0NCwidXJsIjoiaHR0cHM6XC9cL2x5cmlxdWUtYmVsbGUtaWxlLmNvbVwvd3AtY29udGVudFwvdXBsb2Fkc1wvMjAyMlwvMDhcL0RTQ18xOTExLXNjYWxlZC5qcGciLCJzbGlkZXNob3ciOiIxYTBjODM4In0%3D\" href='https:\/\/lyrique-belle-ile.com\/wp-content\/uploads\/2022\/08\/DSC_1911-scaled.jpg'><img decoding=\"async\" width=\"300\" height=\"200\" src=\"https:\/\/lyrique-belle-ile.com\/wp-content\/uploads\/2022\/08\/DSC_1911-300x200.jpg\" class=\"attachment-medium size-medium\" alt=\"\" srcset=\"https:\/\/lyrique-belle-ile.com\/wp-content\/uploads\/2022\/08\/DSC_1911-300x200.jpg 300w, https:\/\/lyrique-belle-ile.com\/wp-content\/uploads\/2022\/08\/DSC_1911-1024x683.jpg 1024w, https:\/\/lyrique-belle-ile.com\/wp-content\/uploads\/2022\/08\/DSC_1911-768x512.jpg 768w, https:\/\/lyrique-belle-ile.com\/wp-content\/uploads\/2022\/08\/DSC_1911-1536x1024.jpg 1536w, https:\/\/lyrique-belle-ile.com\/wp-content\/uploads\/2022\/08\/DSC_1911-2048x1365.jpg 2048w, https:\/\/lyrique-belle-ile.com\/wp-content\/uploads\/2022\/08\/DSC_1911-18x12.jpg 18w\" sizes=\"(max-width: 300px) 100vw, 300px\" \/><\/a>\n\t\t\t<\/div><\/figure><figure class='gallery-item'>\n\t\t\t<div class='gallery-icon landscape'>\n\t\t\t\t<a data-elementor-open-lightbox=\"yes\" data-elementor-lightbox-slideshow=\"1a0c838\" data-elementor-lightbox-title=\"DSC_1919\" data-e-action-hash=\"#elementor-action%3Aaction%3Dlightbox%26settings%3DeyJpZCI6NDk0MywidXJsIjoiaHR0cHM6XC9cL2x5cmlxdWUtYmVsbGUtaWxlLmNvbVwvd3AtY29udGVudFwvdXBsb2Fkc1wvMjAyMlwvMDhcL0RTQ18xOTE5LXNjYWxlZC5qcGciLCJzbGlkZXNob3ciOiIxYTBjODM4In0%3D\" href='https:\/\/lyrique-belle-ile.com\/wp-content\/uploads\/2022\/08\/DSC_1919-scaled.jpg'><img decoding=\"async\" width=\"300\" height=\"200\" src=\"https:\/\/lyrique-belle-ile.com\/wp-content\/uploads\/2022\/08\/DSC_1919-300x200.jpg\" class=\"attachment-medium size-medium\" alt=\"\" srcset=\"https:\/\/lyrique-belle-ile.com\/wp-content\/uploads\/2022\/08\/DSC_1919-300x200.jpg 300w, https:\/\/lyrique-belle-ile.com\/wp-content\/uploads\/2022\/08\/DSC_1919-1024x683.jpg 1024w, https:\/\/lyrique-belle-ile.com\/wp-content\/uploads\/2022\/08\/DSC_1919-768x512.jpg 768w, https:\/\/lyrique-belle-ile.com\/wp-content\/uploads\/2022\/08\/DSC_1919-1536x1024.jpg 1536w, https:\/\/lyrique-belle-ile.com\/wp-content\/uploads\/2022\/08\/DSC_1919-2048x1365.jpg 2048w, https:\/\/lyrique-belle-ile.com\/wp-content\/uploads\/2022\/08\/DSC_1919-18x12.jpg 18w\" sizes=\"(max-width: 300px) 100vw, 300px\" \/><\/a>\n\t\t\t<\/div><\/figure><figure class='gallery-item'>\n\t\t\t<div class='gallery-icon portrait'>\n\t\t\t\t<a data-elementor-open-lightbox=\"yes\" data-elementor-lightbox-slideshow=\"1a0c838\" data-elementor-lightbox-title=\"DSC_2048\" data-e-action-hash=\"#elementor-action%3Aaction%3Dlightbox%26settings%3DeyJpZCI6NDk0MCwidXJsIjoiaHR0cHM6XC9cL2x5cmlxdWUtYmVsbGUtaWxlLmNvbVwvd3AtY29udGVudFwvdXBsb2Fkc1wvMjAyMlwvMDhcL0RTQ18yMDQ4LXNjYWxlZC5qcGciLCJzbGlkZXNob3ciOiIxYTBjODM4In0%3D\" href='https:\/\/lyrique-belle-ile.com\/wp-content\/uploads\/2022\/08\/DSC_2048-scaled.jpg'><img loading=\"lazy\" decoding=\"async\" width=\"200\" height=\"300\" src=\"https:\/\/lyrique-belle-ile.com\/wp-content\/uploads\/2022\/08\/DSC_2048-200x300.jpg\" class=\"attachment-medium size-medium\" alt=\"\" srcset=\"https:\/\/lyrique-belle-ile.com\/wp-content\/uploads\/2022\/08\/DSC_2048-200x300.jpg 200w, https:\/\/lyrique-belle-ile.com\/wp-content\/uploads\/2022\/08\/DSC_2048-683x1024.jpg 683w, https:\/\/lyrique-belle-ile.com\/wp-content\/uploads\/2022\/08\/DSC_2048-768x1152.jpg 768w, https:\/\/lyrique-belle-ile.com\/wp-content\/uploads\/2022\/08\/DSC_2048-1024x1536.jpg 1024w, https:\/\/lyrique-belle-ile.com\/wp-content\/uploads\/2022\/08\/DSC_2048-1365x2048.jpg 1365w, https:\/\/lyrique-belle-ile.com\/wp-content\/uploads\/2022\/08\/DSC_2048-8x12.jpg 8w, https:\/\/lyrique-belle-ile.com\/wp-content\/uploads\/2022\/08\/DSC_2048-scaled.jpg 1707w\" sizes=\"(max-width: 200px) 100vw, 200px\" \/><\/a>\n\t\t\t<\/div><\/figure><figure class='gallery-item'>\n\t\t\t<div class='gallery-icon landscape'>\n\t\t\t\t<a data-elementor-open-lightbox=\"yes\" data-elementor-lightbox-slideshow=\"1a0c838\" data-elementor-lightbox-title=\"DSC_2063\" data-e-action-hash=\"#elementor-action%3Aaction%3Dlightbox%26settings%3DeyJpZCI6NDkzOCwidXJsIjoiaHR0cHM6XC9cL2x5cmlxdWUtYmVsbGUtaWxlLmNvbVwvd3AtY29udGVudFwvdXBsb2Fkc1wvMjAyMlwvMDhcL0RTQ18yMDYzLXNjYWxlZC5qcGciLCJzbGlkZXNob3ciOiIxYTBjODM4In0%3D\" href='https:\/\/lyrique-belle-ile.com\/wp-content\/uploads\/2022\/08\/DSC_2063-scaled.jpg'><img loading=\"lazy\" decoding=\"async\" width=\"300\" height=\"200\" src=\"https:\/\/lyrique-belle-ile.com\/wp-content\/uploads\/2022\/08\/DSC_2063-300x200.jpg\" class=\"attachment-medium size-medium\" alt=\"\" srcset=\"https:\/\/lyrique-belle-ile.com\/wp-content\/uploads\/2022\/08\/DSC_2063-300x200.jpg 300w, https:\/\/lyrique-belle-ile.com\/wp-content\/uploads\/2022\/08\/DSC_2063-1024x683.jpg 1024w, https:\/\/lyrique-belle-ile.com\/wp-content\/uploads\/2022\/08\/DSC_2063-768x512.jpg 768w, https:\/\/lyrique-belle-ile.com\/wp-content\/uploads\/2022\/08\/DSC_2063-1536x1024.jpg 1536w, https:\/\/lyrique-belle-ile.com\/wp-content\/uploads\/2022\/08\/DSC_2063-2048x1365.jpg 2048w, https:\/\/lyrique-belle-ile.com\/wp-content\/uploads\/2022\/08\/DSC_2063-18x12.jpg 18w\" sizes=\"(max-width: 300px) 100vw, 300px\" \/><\/a>\n\t\t\t<\/div><\/figure>\n\t\t<\/div>\n\t\t<\/div>\n\t\t\t\t\t\t<\/div>\n\t\t\t\t\t<\/div>\n\t\t<\/div>\n\t\t\t\t\t<\/div>\n\t\t<\/section>\n\t\t\t\t<\/div>","protected":false},"excerpt":{"rendered":"<p>Depuis la rentr\u00e9e de septembre, une dizaine d&rsquo;enfants de 7 \u00e0 12 ans d\u00e9couvrent la joie de chanter en choeur. Jazmin, par sa p\u00e9dagogie bienveillante transmet les bases de la technique du chant avec un enthousiasme communicatif. Les ateliers hebdomadaires d\u00e9marrent par un travail corporel qui permet d&rsquo;adopter la bonne posture, d&rsquo;acqu\u00e9rir les automatismes de [&hellip;]<\/p>\n","protected":false},"author":2,"featured_media":0,"parent":0,"menu_order":0,"comment_status":"closed","ping_status":"closed","template":"elementor_header_footer","meta":{"inline_featured_image":false,"footnotes":""},"class_list":["post-1184","page","type-page","status-publish","hentry"],"yoast_head":"<!-- This site is optimized with the Yoast SEO plugin v27.3 - https:\/\/yoast.com\/product\/yoast-seo-wordpress\/ -->\n<title>Atelier enfant - Lyrique en Mer<\/title>\n<meta name=\"robots\" content=\"index, follow, max-snippet:-1, max-image-preview:large, max-video-preview:-1\" \/>\n<link rel=\"canonical\" href=\"https:\/\/lyrique-belle-ile.com\/en\/atelier-enfant\/\" \/>\n<meta property=\"og:locale\" content=\"en_US\" \/>\n<meta property=\"og:type\" content=\"article\" \/>\n<meta property=\"og:title\" content=\"Atelier enfant - Lyrique en Mer\" \/>\n<meta property=\"og:description\" content=\"Depuis la rentr\u00e9e de septembre, une dizaine d&rsquo;enfants de 7 \u00e0 12 ans d\u00e9couvrent la joie de chanter en choeur. Jazmin, par sa p\u00e9dagogie bienveillante transmet les bases de la technique du chant avec un enthousiasme communicatif. Les ateliers hebdomadaires d\u00e9marrent par un travail corporel qui permet d&rsquo;adopter la bonne posture, d&rsquo;acqu\u00e9rir les automatismes de [&hellip;]\" \/>\n<meta property=\"og:url\" content=\"https:\/\/lyrique-belle-ile.com\/en\/atelier-enfant\/\" \/>\n<meta property=\"og:site_name\" content=\"Lyrique en Mer\" \/>\n<meta property=\"article:publisher\" content=\"https:\/\/www.facebook.com\/lyriqueenmer\" \/>\n<meta property=\"article:modified_time\" content=\"2023-05-05T09:51:29+00:00\" \/>\n<meta property=\"og:image\" content=\"https:\/\/lyrique-belle-ile.com\/wp-content\/uploads\/2022\/10\/Post-RS-Atelier-Chant-choral-enfants-22-3.png\" \/>\n<meta name=\"twitter:card\" content=\"summary_large_image\" \/>\n<meta name=\"twitter:site\" content=\"@FestivalLyrique\" \/>\n<meta name=\"twitter:label1\" content=\"Est. reading time\" \/>\n\t<meta name=\"twitter:data1\" content=\"3 minutes\" \/>\n<script type=\"application\/ld+json\" class=\"yoast-schema-graph\">{\"@context\":\"https:\\\/\\\/schema.org\",\"@graph\":[{\"@type\":\"WebPage\",\"@id\":\"https:\\\/\\\/lyrique-belle-ile.com\\\/atelier-enfant\\\/\",\"url\":\"https:\\\/\\\/lyrique-belle-ile.com\\\/atelier-enfant\\\/\",\"name\":\"Atelier enfant - Lyrique en Mer\",\"isPartOf\":{\"@id\":\"https:\\\/\\\/lyrique-belle-ile.com\\\/#website\"},\"primaryImageOfPage\":{\"@id\":\"https:\\\/\\\/lyrique-belle-ile.com\\\/atelier-enfant\\\/#primaryimage\"},\"image\":{\"@id\":\"https:\\\/\\\/lyrique-belle-ile.com\\\/atelier-enfant\\\/#primaryimage\"},\"thumbnailUrl\":\"https:\\\/\\\/lyrique-belle-ile.com\\\/wp-content\\\/uploads\\\/2022\\\/10\\\/Post-RS-Atelier-Chant-choral-enfants-22-3.png\",\"datePublished\":\"2020-04-19T15:00:27+00:00\",\"dateModified\":\"2023-05-05T09:51:29+00:00\",\"breadcrumb\":{\"@id\":\"https:\\\/\\\/lyrique-belle-ile.com\\\/atelier-enfant\\\/#breadcrumb\"},\"inLanguage\":\"en-US\",\"potentialAction\":[{\"@type\":\"ReadAction\",\"target\":[\"https:\\\/\\\/lyrique-belle-ile.com\\\/atelier-enfant\\\/\"]}]},{\"@type\":\"ImageObject\",\"inLanguage\":\"en-US\",\"@id\":\"https:\\\/\\\/lyrique-belle-ile.com\\\/atelier-enfant\\\/#primaryimage\",\"url\":\"https:\\\/\\\/lyrique-belle-ile.com\\\/wp-content\\\/uploads\\\/2022\\\/10\\\/Post-RS-Atelier-Chant-choral-enfants-22-3.png\",\"contentUrl\":\"https:\\\/\\\/lyrique-belle-ile.com\\\/wp-content\\\/uploads\\\/2022\\\/10\\\/Post-RS-Atelier-Chant-choral-enfants-22-3.png\"},{\"@type\":\"BreadcrumbList\",\"@id\":\"https:\\\/\\\/lyrique-belle-ile.com\\\/atelier-enfant\\\/#breadcrumb\",\"itemListElement\":[{\"@type\":\"ListItem\",\"position\":1,\"name\":\"Accueil\",\"item\":\"https:\\\/\\\/lyrique-belle-ile.com\\\/\"},{\"@type\":\"ListItem\",\"position\":2,\"name\":\"Atelier enfant\"}]},{\"@type\":\"WebSite\",\"@id\":\"https:\\\/\\\/lyrique-belle-ile.com\\\/#website\",\"url\":\"https:\\\/\\\/lyrique-belle-ile.com\\\/\",\"name\":\"Lyrique en Mer\",\"description\":\"Festival International de Belle Ile\",\"publisher\":{\"@id\":\"https:\\\/\\\/lyrique-belle-ile.com\\\/#organization\"},\"potentialAction\":[{\"@type\":\"SearchAction\",\"target\":{\"@type\":\"EntryPoint\",\"urlTemplate\":\"https:\\\/\\\/lyrique-belle-ile.com\\\/?s={search_term_string}\"},\"query-input\":{\"@type\":\"PropertyValueSpecification\",\"valueRequired\":true,\"valueName\":\"search_term_string\"}}],\"inLanguage\":\"en-US\"},{\"@type\":\"Organization\",\"@id\":\"https:\\\/\\\/lyrique-belle-ile.com\\\/#organization\",\"name\":\"Lyrique en Mer\",\"url\":\"https:\\\/\\\/lyrique-belle-ile.com\\\/\",\"logo\":{\"@type\":\"ImageObject\",\"inLanguage\":\"en-US\",\"@id\":\"https:\\\/\\\/lyrique-belle-ile.com\\\/#\\\/schema\\\/logo\\\/image\\\/\",\"url\":\"https:\\\/\\\/lyrique-belle-ile.com\\\/wp-content\\\/uploads\\\/2025\\\/05\\\/Logo-site-internet-violet-350-x-100-px.svg\",\"contentUrl\":\"https:\\\/\\\/lyrique-belle-ile.com\\\/wp-content\\\/uploads\\\/2025\\\/05\\\/Logo-site-internet-violet-350-x-100-px.svg\",\"width\":350,\"height\":100,\"caption\":\"Lyrique en Mer\"},\"image\":{\"@id\":\"https:\\\/\\\/lyrique-belle-ile.com\\\/#\\\/schema\\\/logo\\\/image\\\/\"},\"sameAs\":[\"https:\\\/\\\/www.facebook.com\\\/lyriqueenmer\",\"https:\\\/\\\/x.com\\\/FestivalLyrique\",\"https:\\\/\\\/www.instagram.com\\\/festivallyrique\\\/\"]}]}<\/script>\n<!-- \/ Yoast SEO plugin. -->","yoast_head_json":{"title":"Children's workshop - Lyrique en Mer","robots":{"index":"index","follow":"follow","max-snippet":"max-snippet:-1","max-image-preview":"max-image-preview:large","max-video-preview":"max-video-preview:-1"},"canonical":"https:\/\/lyrique-belle-ile.com\/en\/atelier-enfant\/","og_locale":"en_US","og_type":"article","og_title":"Atelier enfant - Lyrique en Mer","og_description":"Depuis la rentr\u00e9e de septembre, une dizaine d&rsquo;enfants de 7 \u00e0 12 ans d\u00e9couvrent la joie de chanter en choeur. Jazmin, par sa p\u00e9dagogie bienveillante transmet les bases de la technique du chant avec un enthousiasme communicatif. Les ateliers hebdomadaires d\u00e9marrent par un travail corporel qui permet d&rsquo;adopter la bonne posture, d&rsquo;acqu\u00e9rir les automatismes de [&hellip;]","og_url":"https:\/\/lyrique-belle-ile.com\/en\/atelier-enfant\/","og_site_name":"Lyrique en Mer","article_publisher":"https:\/\/www.facebook.com\/lyriqueenmer","article_modified_time":"2023-05-05T09:51:29+00:00","og_image":[{"url":"https:\/\/lyrique-belle-ile.com\/wp-content\/uploads\/2022\/10\/Post-RS-Atelier-Chant-choral-enfants-22-3.png","type":"","width":"","height":""}],"twitter_card":"summary_large_image","twitter_site":"@FestivalLyrique","twitter_misc":{"Est. reading time":"3 minutes"},"schema":{"@context":"https:\/\/schema.org","@graph":[{"@type":"WebPage","@id":"https:\/\/lyrique-belle-ile.com\/atelier-enfant\/","url":"https:\/\/lyrique-belle-ile.com\/atelier-enfant\/","name":"Children's workshop - Lyrique en Mer","isPartOf":{"@id":"https:\/\/lyrique-belle-ile.com\/#website"},"primaryImageOfPage":{"@id":"https:\/\/lyrique-belle-ile.com\/atelier-enfant\/#primaryimage"},"image":{"@id":"https:\/\/lyrique-belle-ile.com\/atelier-enfant\/#primaryimage"},"thumbnailUrl":"https:\/\/lyrique-belle-ile.com\/wp-content\/uploads\/2022\/10\/Post-RS-Atelier-Chant-choral-enfants-22-3.png","datePublished":"2020-04-19T15:00:27+00:00","dateModified":"2023-05-05T09:51:29+00:00","breadcrumb":{"@id":"https:\/\/lyrique-belle-ile.com\/atelier-enfant\/#breadcrumb"},"inLanguage":"en-US","potentialAction":[{"@type":"ReadAction","target":["https:\/\/lyrique-belle-ile.com\/atelier-enfant\/"]}]},{"@type":"ImageObject","inLanguage":"en-US","@id":"https:\/\/lyrique-belle-ile.com\/atelier-enfant\/#primaryimage","url":"https:\/\/lyrique-belle-ile.com\/wp-content\/uploads\/2022\/10\/Post-RS-Atelier-Chant-choral-enfants-22-3.png","contentUrl":"https:\/\/lyrique-belle-ile.com\/wp-content\/uploads\/2022\/10\/Post-RS-Atelier-Chant-choral-enfants-22-3.png"},{"@type":"BreadcrumbList","@id":"https:\/\/lyrique-belle-ile.com\/atelier-enfant\/#breadcrumb","itemListElement":[{"@type":"ListItem","position":1,"name":"Accueil","item":"https:\/\/lyrique-belle-ile.com\/"},{"@type":"ListItem","position":2,"name":"Atelier enfant"}]},{"@type":"WebSite","@id":"https:\/\/lyrique-belle-ile.com\/#website","url":"https:\/\/lyrique-belle-ile.com\/","name":"Lyrical at Sea","description":"Belle Ile International Festival","publisher":{"@id":"https:\/\/lyrique-belle-ile.com\/#organization"},"potentialAction":[{"@type":"SearchAction","target":{"@type":"EntryPoint","urlTemplate":"https:\/\/lyrique-belle-ile.com\/?s={search_term_string}"},"query-input":{"@type":"PropertyValueSpecification","valueRequired":true,"valueName":"search_term_string"}}],"inLanguage":"en-US"},{"@type":"Organization","@id":"https:\/\/lyrique-belle-ile.com\/#organization","name":"Lyrical at Sea","url":"https:\/\/lyrique-belle-ile.com\/","logo":{"@type":"ImageObject","inLanguage":"en-US","@id":"https:\/\/lyrique-belle-ile.com\/#\/schema\/logo\/image\/","url":"https:\/\/lyrique-belle-ile.com\/wp-content\/uploads\/2025\/05\/Logo-site-internet-violet-350-x-100-px.svg","contentUrl":"https:\/\/lyrique-belle-ile.com\/wp-content\/uploads\/2025\/05\/Logo-site-internet-violet-350-x-100-px.svg","width":350,"height":100,"caption":"Lyrique en Mer"},"image":{"@id":"https:\/\/lyrique-belle-ile.com\/#\/schema\/logo\/image\/"},"sameAs":["https:\/\/www.facebook.com\/lyriqueenmer","https:\/\/x.com\/FestivalLyrique","https:\/\/www.instagram.com\/festivallyrique\/"]}]}},"_links":{"self":[{"href":"https:\/\/lyrique-belle-ile.com\/en\/wp-json\/wp\/v2\/pages\/1184","targetHints":{"allow":["GET"]}}],"collection":[{"href":"https:\/\/lyrique-belle-ile.com\/en\/wp-json\/wp\/v2\/pages"}],"about":[{"href":"https:\/\/lyrique-belle-ile.com\/en\/wp-json\/wp\/v2\/types\/page"}],"author":[{"embeddable":true,"href":"https:\/\/lyrique-belle-ile.com\/en\/wp-json\/wp\/v2\/users\/2"}],"replies":[{"embeddable":true,"href":"https:\/\/lyrique-belle-ile.com\/en\/wp-json\/wp\/v2\/comments?post=1184"}],"version-history":[{"count":226,"href":"https:\/\/lyrique-belle-ile.com\/en\/wp-json\/wp\/v2\/pages\/1184\/revisions"}],"predecessor-version":[{"id":6221,"href":"https:\/\/lyrique-belle-ile.com\/en\/wp-json\/wp\/v2\/pages\/1184\/revisions\/6221"}],"wp:attachment":[{"href":"https:\/\/lyrique-belle-ile.com\/en\/wp-json\/wp\/v2\/media?parent=1184"}],"curies":[{"name":"wp","href":"https:\/\/api.w.org\/{rel}","templated":true}]}}